{"id":8536,"date":"2025-11-30T19:55:47","date_gmt":"2025-11-30T18:55:47","guid":{"rendered":"https:\/\/starsilk.hr\/?post_type=product&#038;p=8536"},"modified":"2025-12-16T21:02:44","modified_gmt":"2025-12-16T20:02:44","slug":"hydrating-facial-care-set-immortella-x-starsilk","status":"publish","type":"product","link":"https:\/\/starsilk.hr\/en\/product\/hydrating-facial-care-set-immortella-x-starsilk\/","title":{"rendered":"Hydrating Facial Care Set Immortella x StarSilk"},"content":{"rendered":"<p style=\"text-align: left;\">\u2022 Specifikacije:<\/p>\n<p style=\"text-align: left;\">\u2022 100% Mulberry silk \u2013 22 momme, 6A class<\/p>\n<p style=\"text-align: left;\">\u2022 Kozmeti\u010dki set bez parabena, silikona te umjetnih boja i mirisa<\/p>\n<p style=\"text-align: left;\">\u2022 Uklju\u010duje: 1 x jastu\u010dnica 50\u00d770 cm s preklopom, Hydrating Toner, 100 ml, Regenerative Cream, 50 ml te Overnight Treatment, 50 ml<\/p>\n<p>&nbsp;<\/p>","protected":false},"excerpt":{"rendered":"<p>Hydrating Facial Care Set omogu\u0107uje ko\u017ei dubinsku dnevnu i no\u0107nu njegu uz neizostavnu hidrataciju. Prikladan je za normalnu do suhu i dehidriranu ko\u017eu te ko\u017eu s vidljivim znakovima starenja.<\/p>\n<p><span style=\"font-size: 16px;\">Naprodavanija Immortellina krema za lice, hidratantni tonik i njeguju\u0107i no\u0107ni tretman dolaze u luksuznom pakiranju kao idealan poklon za vas i va\u0161e najmilije.\u00a0\u00a0<\/span><\/p>\n<p>Svila je prirodno hidratizirana, ne upija vlagu te je idealan saveznik va\u0161e no\u0107ne rutine. Nakon nano\u0161enja seruma i kreme na lice, svi hranjivi sastojci ostat \u0107e ba\u0161 tamo gdje su najpotrebniji \u2013 na va\u0161oj ko\u017ei i kosi, a ne na jastu\u010dnici. \u00a0Sprje\u010dava nabore tijekom spavanja pa tako odma\u017ee nastajanju bora, a ujutro \u0107e va\u0161e lice zablistati.<\/p>","protected":false},"featured_media":8545,"comment_status":"closed","ping_status":"closed","template":"","meta":{"_acf_changed":false,"site-sidebar-layout":"default","site-content-layout":"","ast-site-content-layout":"default","site-content-style":"default","site-sidebar-style":"default","ast-global-header-display":"","ast-banner-title-visibility":"","ast-main-header-display":"","ast-hfb-above-header-display":"","ast-hfb-below-header-display":"","ast-hfb-mobile-header-display":"","site-post-title":"","ast-breadcrumbs-content":"","ast-featured-img":"","footer-sml-layout":"","theme-transparent-header-meta":"default","adv-header-id-meta":"","stick-header-meta":"","header-above-stick-meta":"","header-main-stick-meta":"","header-below-stick-meta":"","astra-migrate-meta-layouts":"set","ast-page-background-enabled":"default","ast-page-background-meta":{"desktop":{"background-color":"","background-image":"","background-repeat":"repeat","background-position":"center center","background-size":"auto","background-attachment":"scroll","background-type":"","background-media":"","overlay-type":"","overlay-color":"","overlay-opacity":"","overlay-gradient":""},"tablet":{"background-color":"","background-image":"","background-repeat":"repeat","background-position":"center center","background-size":"auto","background-attachment":"scroll","background-type":"","background-media":"","overlay-type":"","overlay-color":"","overlay-opacity":"","overlay-gradient":""},"mobile":{"background-color":"","background-image":"","background-repeat":"repeat","background-position":"center center","background-size":"auto","background-attachment":"scroll","background-type":"","background-media":"","overlay-type":"","overlay-color":"","overlay-opacity":"","overlay-gradient":""}},"ast-content-background-meta":{"desktop":{"background-color":"var(--ast-global-color-5)","background-image":"","background-repeat":"repeat","background-position":"center center","background-size":"auto","background-attachment":"scroll","background-type":"","background-media":"","overlay-type":"","overlay-color":"","overlay-opacity":"","overlay-gradient":""},"tablet":{"background-color":"var(--ast-global-color-5)","background-image":"","background-repeat":"repeat","background-position":"center center","background-size":"auto","background-attachment":"scroll","background-type":"","background-media":"","overlay-type":"","overlay-color":"","overlay-opacity":"","overlay-gradient":""},"mobile":{"background-color":"var(--ast-global-color-5)","background-image":"","background-repeat":"repeat","background-position":"center center","background-size":"auto","background-attachment":"scroll","background-type":"","background-media":"","overlay-type":"","overlay-color":"","overlay-opacity":"","overlay-gradient":""}}},"product_cat":[48],"product_tag":[],"class_list":{"0":"post-8536","1":"product","2":"type-product","3":"status-publish","4":"has-post-thumbnail","6":"product_cat-promo-setovi","7":"desktop-align-left","8":"tablet-align-left","9":"mobile-align-left","11":"first","12":"instock","13":"shipping-taxable","14":"purchasable","15":"product-type-simple"},"acf":[],"yoast_head":"<!-- This site is optimized with the Yoast SEO plugin v23.9 - https:\/\/yoast.com\/wordpress\/plugins\/seo\/ -->\n<title>Hydrating Facial Care Set Immortella x StarSilk - StarSilk<\/title>\n<meta name=\"robots\" content=\"index, follow, max-snippet:-1, max-image-preview:large, max-video-preview:-1\" \/>\n<link rel=\"canonical\" href=\"https:\/\/starsilk.hr\/en\/product\/hydrating-facial-care-set-immortella-x-starsilk\/\" \/>\n<meta property=\"og:locale\" content=\"en_GB\" \/>\n<meta property=\"og:type\" content=\"article\" \/>\n<meta property=\"og:title\" content=\"Hydrating Facial Care Set Immortella x StarSilk - StarSilk\" \/>\n<meta property=\"og:description\" content=\"Hydrating Facial Care Set omogu\u0107uje ko\u017ei dubinsku dnevnu i no\u0107nu njegu uz neizostavnu hidrataciju. Prikladan je za normalnu do suhu i dehidriranu ko\u017eu te ko\u017eu s vidljivim znakovima starenja.  Naprodavanija Immortellina krema za lice, hidratantni tonik i njeguju\u0107i no\u0107ni tretman dolaze u luksuznom pakiranju kao idealan poklon za vas i va\u0161e najmilije.\u00a0\u00a0  Svila je prirodno hidratizirana, ne upija vlagu te je idealan saveznik va\u0161e no\u0107ne rutine. Nakon nano\u0161enja seruma i kreme na lice, svi hranjivi sastojci ostat \u0107e ba\u0161 tamo gdje su najpotrebniji \u2013 na va\u0161oj ko\u017ei i kosi, a ne na jastu\u010dnici. \u00a0Sprje\u010dava nabore tijekom spavanja pa tako odma\u017ee nastajanju bora, a ujutro \u0107e va\u0161e lice zablistati.\" \/>\n<meta property=\"og:url\" content=\"https:\/\/starsilk.hr\/en\/product\/hydrating-facial-care-set-immortella-x-starsilk\/\" \/>\n<meta property=\"og:site_name\" content=\"StarSilk\" \/>\n<meta property=\"article:publisher\" content=\"https:\/\/www.facebook.com\/starsilk.hr\" \/>\n<meta property=\"article:modified_time\" content=\"2025-12-16T20:02:44+00:00\" \/>\n<meta property=\"og:image\" content=\"https:\/\/starsilk.hr\/wp-content\/uploads\/2025\/11\/28.png\" \/>\n\t<meta property=\"og:image:width\" content=\"900\" \/>\n\t<meta property=\"og:image:height\" content=\"900\" \/>\n\t<meta property=\"og:image:type\" content=\"image\/png\" \/>\n<meta name=\"twitter:card\" content=\"summary_large_image\" \/>\n<meta name=\"twitter:label1\" content=\"Estimated reading time\" \/>\n\t<meta name=\"twitter:data1\" content=\"1 minute\" \/>\n<script type=\"application\/ld+json\" class=\"yoast-schema-graph\">{\"@context\":\"https:\/\/schema.org\",\"@graph\":[{\"@type\":\"WebPage\",\"@id\":\"https:\/\/starsilk.hr\/proizvod\/hydrating-facial-care-set-immortella-x-starsilk\/\",\"url\":\"https:\/\/starsilk.hr\/proizvod\/hydrating-facial-care-set-immortella-x-starsilk\/\",\"name\":\"Hydrating Facial Care Set Immortella x StarSilk - StarSilk\",\"isPartOf\":{\"@id\":\"https:\/\/starsilk.hr\/en\/#website\"},\"primaryImageOfPage\":{\"@id\":\"https:\/\/starsilk.hr\/proizvod\/hydrating-facial-care-set-immortella-x-starsilk\/#primaryimage\"},\"image\":{\"@id\":\"https:\/\/starsilk.hr\/proizvod\/hydrating-facial-care-set-immortella-x-starsilk\/#primaryimage\"},\"thumbnailUrl\":\"https:\/\/starsilk.hr\/wp-content\/uploads\/2025\/11\/28.png\",\"datePublished\":\"2025-11-30T18:55:47+00:00\",\"dateModified\":\"2025-12-16T20:02:44+00:00\",\"breadcrumb\":{\"@id\":\"https:\/\/starsilk.hr\/proizvod\/hydrating-facial-care-set-immortella-x-starsilk\/#breadcrumb\"},\"inLanguage\":\"en-GB\",\"potentialAction\":[{\"@type\":\"ReadAction\",\"target\":[\"https:\/\/starsilk.hr\/proizvod\/hydrating-facial-care-set-immortella-x-starsilk\/\"]}]},{\"@type\":\"ImageObject\",\"inLanguage\":\"en-GB\",\"@id\":\"https:\/\/starsilk.hr\/proizvod\/hydrating-facial-care-set-immortella-x-starsilk\/#primaryimage\",\"url\":\"https:\/\/starsilk.hr\/wp-content\/uploads\/2025\/11\/28.png\",\"contentUrl\":\"https:\/\/starsilk.hr\/wp-content\/uploads\/2025\/11\/28.png\",\"width\":900,\"height\":900},{\"@type\":\"BreadcrumbList\",\"@id\":\"https:\/\/starsilk.hr\/proizvod\/hydrating-facial-care-set-immortella-x-starsilk\/#breadcrumb\",\"itemListElement\":[{\"@type\":\"ListItem\",\"position\":1,\"name\":\"Po\u010detna stranica\",\"item\":\"https:\/\/starsilk.hr\/\"},{\"@type\":\"ListItem\",\"position\":2,\"name\":\"Products\",\"item\":\"https:\/\/starsilk.hr\/en\/shop\/\"},{\"@type\":\"ListItem\",\"position\":3,\"name\":\"Hydrating Facial Care Set Immortella x StarSilk\"}]},{\"@type\":\"WebSite\",\"@id\":\"https:\/\/starsilk.hr\/en\/#website\",\"url\":\"https:\/\/starsilk.hr\/en\/\",\"name\":\"StarSilk\",\"description\":\"\",\"publisher\":{\"@id\":\"https:\/\/starsilk.hr\/en\/#organization\"},\"potentialAction\":[{\"@type\":\"SearchAction\",\"target\":{\"@type\":\"EntryPoint\",\"urlTemplate\":\"https:\/\/starsilk.hr\/en\/?s={search_term_string}\"},\"query-input\":{\"@type\":\"PropertyValueSpecification\",\"valueRequired\":true,\"valueName\":\"search_term_string\"}}],\"inLanguage\":\"en-GB\"},{\"@type\":\"Organization\",\"@id\":\"https:\/\/starsilk.hr\/en\/#organization\",\"name\":\"StarSilk\",\"url\":\"https:\/\/starsilk.hr\/en\/\",\"logo\":{\"@type\":\"ImageObject\",\"inLanguage\":\"en-GB\",\"@id\":\"https:\/\/starsilk.hr\/en\/#\/schema\/logo\/image\/\",\"url\":\"https:\/\/starsilk.hr\/wp-content\/uploads\/2021\/01\/star_silk_logo-26.png\",\"contentUrl\":\"https:\/\/starsilk.hr\/wp-content\/uploads\/2021\/01\/star_silk_logo-26.png\",\"width\":593,\"height\":542,\"caption\":\"StarSilk\"},\"image\":{\"@id\":\"https:\/\/starsilk.hr\/en\/#\/schema\/logo\/image\/\"},\"sameAs\":[\"https:\/\/www.facebook.com\/starsilk.hr\",\"https:\/\/www.instagram.com\/starsilk_official\/\"]}]}<\/script>\n<!-- \/ Yoast SEO plugin. -->","yoast_head_json":{"title":"Hydrating Facial Care Set Immortella x StarSilk - StarSilk","robots":{"index":"index","follow":"follow","max-snippet":"max-snippet:-1","max-image-preview":"max-image-preview:large","max-video-preview":"max-video-preview:-1"},"canonical":"https:\/\/starsilk.hr\/en\/product\/hydrating-facial-care-set-immortella-x-starsilk\/","og_locale":"en_GB","og_type":"article","og_title":"Hydrating Facial Care Set Immortella x StarSilk - StarSilk","og_description":"Hydrating Facial Care Set omogu\u0107uje ko\u017ei dubinsku dnevnu i no\u0107nu njegu uz neizostavnu hidrataciju. Prikladan je za normalnu do suhu i dehidriranu ko\u017eu te ko\u017eu s vidljivim znakovima starenja.  Naprodavanija Immortellina krema za lice, hidratantni tonik i njeguju\u0107i no\u0107ni tretman dolaze u luksuznom pakiranju kao idealan poklon za vas i va\u0161e najmilije.\u00a0\u00a0  Svila je prirodno hidratizirana, ne upija vlagu te je idealan saveznik va\u0161e no\u0107ne rutine. Nakon nano\u0161enja seruma i kreme na lice, svi hranjivi sastojci ostat \u0107e ba\u0161 tamo gdje su najpotrebniji \u2013 na va\u0161oj ko\u017ei i kosi, a ne na jastu\u010dnici. \u00a0Sprje\u010dava nabore tijekom spavanja pa tako odma\u017ee nastajanju bora, a ujutro \u0107e va\u0161e lice zablistati.","og_url":"https:\/\/starsilk.hr\/en\/product\/hydrating-facial-care-set-immortella-x-starsilk\/","og_site_name":"StarSilk","article_publisher":"https:\/\/www.facebook.com\/starsilk.hr","article_modified_time":"2025-12-16T20:02:44+00:00","og_image":[{"width":900,"height":900,"url":"https:\/\/starsilk.hr\/wp-content\/uploads\/2025\/11\/28.png","type":"image\/png"}],"twitter_card":"summary_large_image","twitter_misc":{"Estimated reading time":"1 minute"},"schema":{"@context":"https:\/\/schema.org","@graph":[{"@type":"WebPage","@id":"https:\/\/starsilk.hr\/proizvod\/hydrating-facial-care-set-immortella-x-starsilk\/","url":"https:\/\/starsilk.hr\/proizvod\/hydrating-facial-care-set-immortella-x-starsilk\/","name":"Hydrating Facial Care Set Immortella x StarSilk - StarSilk","isPartOf":{"@id":"https:\/\/starsilk.hr\/en\/#website"},"primaryImageOfPage":{"@id":"https:\/\/starsilk.hr\/proizvod\/hydrating-facial-care-set-immortella-x-starsilk\/#primaryimage"},"image":{"@id":"https:\/\/starsilk.hr\/proizvod\/hydrating-facial-care-set-immortella-x-starsilk\/#primaryimage"},"thumbnailUrl":"https:\/\/starsilk.hr\/wp-content\/uploads\/2025\/11\/28.png","datePublished":"2025-11-30T18:55:47+00:00","dateModified":"2025-12-16T20:02:44+00:00","breadcrumb":{"@id":"https:\/\/starsilk.hr\/proizvod\/hydrating-facial-care-set-immortella-x-starsilk\/#breadcrumb"},"inLanguage":"en-GB","potentialAction":[{"@type":"ReadAction","target":["https:\/\/starsilk.hr\/proizvod\/hydrating-facial-care-set-immortella-x-starsilk\/"]}]},{"@type":"ImageObject","inLanguage":"en-GB","@id":"https:\/\/starsilk.hr\/proizvod\/hydrating-facial-care-set-immortella-x-starsilk\/#primaryimage","url":"https:\/\/starsilk.hr\/wp-content\/uploads\/2025\/11\/28.png","contentUrl":"https:\/\/starsilk.hr\/wp-content\/uploads\/2025\/11\/28.png","width":900,"height":900},{"@type":"BreadcrumbList","@id":"https:\/\/starsilk.hr\/proizvod\/hydrating-facial-care-set-immortella-x-starsilk\/#breadcrumb","itemListElement":[{"@type":"ListItem","position":1,"name":"Po\u010detna stranica","item":"https:\/\/starsilk.hr\/"},{"@type":"ListItem","position":2,"name":"Products","item":"https:\/\/starsilk.hr\/en\/shop\/"},{"@type":"ListItem","position":3,"name":"Hydrating Facial Care Set Immortella x StarSilk"}]},{"@type":"WebSite","@id":"https:\/\/starsilk.hr\/en\/#website","url":"https:\/\/starsilk.hr\/en\/","name":"StarSilk","description":"","publisher":{"@id":"https:\/\/starsilk.hr\/en\/#organization"},"potentialAction":[{"@type":"SearchAction","target":{"@type":"EntryPoint","urlTemplate":"https:\/\/starsilk.hr\/en\/?s={search_term_string}"},"query-input":{"@type":"PropertyValueSpecification","valueRequired":true,"valueName":"search_term_string"}}],"inLanguage":"en-GB"},{"@type":"Organization","@id":"https:\/\/starsilk.hr\/en\/#organization","name":"StarSilk","url":"https:\/\/starsilk.hr\/en\/","logo":{"@type":"ImageObject","inLanguage":"en-GB","@id":"https:\/\/starsilk.hr\/en\/#\/schema\/logo\/image\/","url":"https:\/\/starsilk.hr\/wp-content\/uploads\/2021\/01\/star_silk_logo-26.png","contentUrl":"https:\/\/starsilk.hr\/wp-content\/uploads\/2021\/01\/star_silk_logo-26.png","width":593,"height":542,"caption":"StarSilk"},"image":{"@id":"https:\/\/starsilk.hr\/en\/#\/schema\/logo\/image\/"},"sameAs":["https:\/\/www.facebook.com\/starsilk.hr","https:\/\/www.instagram.com\/starsilk_official\/"]}]}},"_links":{"self":[{"href":"https:\/\/starsilk.hr\/en\/wp-json\/wp\/v2\/product\/8536","targetHints":{"allow":["GET"]}}],"collection":[{"href":"https:\/\/starsilk.hr\/en\/wp-json\/wp\/v2\/product"}],"about":[{"href":"https:\/\/starsilk.hr\/en\/wp-json\/wp\/v2\/types\/product"}],"replies":[{"embeddable":true,"href":"https:\/\/starsilk.hr\/en\/wp-json\/wp\/v2\/comments?post=8536"}],"wp:featuredmedia":[{"embeddable":true,"href":"https:\/\/starsilk.hr\/en\/wp-json\/wp\/v2\/media\/8545"}],"wp:attachment":[{"href":"https:\/\/starsilk.hr\/en\/wp-json\/wp\/v2\/media?parent=8536"}],"wp:term":[{"taxonomy":"product_cat","embeddable":true,"href":"https:\/\/starsilk.hr\/en\/wp-json\/wp\/v2\/product_cat?post=8536"},{"taxonomy":"product_tag","embeddable":true,"href":"https:\/\/starsilk.hr\/en\/wp-json\/wp\/v2\/product_tag?post=8536"}],"curies":[{"name":"wp","href":"https:\/\/api.w.org\/{rel}","templated":true}]}}