{"id":8411,"date":"2025-08-06T21:24:40","date_gmt":"2025-08-06T20:24:40","guid":{"rendered":"https:\/\/starsilk.hr\/?post_type=product&#038;p=8411"},"modified":"2026-02-24T11:02:59","modified_gmt":"2026-02-24T10:02:59","slug":"svileni-bonnet","status":"publish","type":"product","link":"https:\/\/starsilk.hr\/en\/product\/svileni-bonnet\/","title":{"rendered":"Svileni bonnet"},"content":{"rendered":"<p>Specifikacije:<br \/>\n\u2022 100% mulberry svila &#8211; 22 momme, 6A class<br \/>\n\u2022 Bonnet \/ Turban<br \/>\n\u2022 Oeko-Tex\u00ae certificiran &#8211; bez poznatih \u0161tetnih tvari i kemikalija<\/p>\n<p>&nbsp;<\/p>","protected":false},"excerpt":{"rendered":"<p>Do\u017eivite nje\u017enu njegu i za\u0161titu kose tijekom no\u0107i uz na\u0161 svileni bonnet. Dizajniran za o\u010duvanje prirodne ljepote kose, smanjuje trenje, lomljenje i ne\u017eeljeno naelektriziranje dok spavate.<\/p>\n<p>Svila poma\u017ee zadr\u017eati vlagu i sjaj, \u0161titi frizuru te \u010dini jutarnje oblikovanje kose jednostavnijim i zdravijim. Idealno rje\u0161enje za sve tipove kose, osobito kovr\u010davu, suhu i osjetljivu.<\/p>\n<p data-start=\"488\" data-end=\"593\">","protected":false},"featured_media":8429,"comment_status":"closed","ping_status":"closed","template":"","meta":{"_acf_changed":false,"site-sidebar-layout":"default","site-content-layout":"","ast-site-content-layout":"default","site-content-style":"default","site-sidebar-style":"default","ast-global-header-display":"","ast-banner-title-visibility":"","ast-main-header-display":"","ast-hfb-above-header-display":"","ast-hfb-below-header-display":"","ast-hfb-mobile-header-display":"","site-post-title":"","ast-breadcrumbs-content":"","ast-featured-img":"","footer-sml-layout":"","theme-transparent-header-meta":"default","adv-header-id-meta":"","stick-header-meta":"","header-above-stick-meta":"","header-main-stick-meta":"","header-below-stick-meta":"","astra-migrate-meta-layouts":"set","ast-page-background-enabled":"default","ast-page-background-meta":{"desktop":{"background-color":"","background-image":"","background-repeat":"repeat","background-position":"center center","background-size":"auto","background-attachment":"scroll","background-type":"","background-media":"","overlay-type":"","overlay-color":"","overlay-opacity":"","overlay-gradient":""},"tablet":{"background-color":"","background-image":"","background-repeat":"repeat","background-position":"center center","background-size":"auto","background-attachment":"scroll","background-type":"","background-media":"","overlay-type":"","overlay-color":"","overlay-opacity":"","overlay-gradient":""},"mobile":{"background-color":"","background-image":"","background-repeat":"repeat","background-position":"center center","background-size":"auto","background-attachment":"scroll","background-type":"","background-media":"","overlay-type":"","overlay-color":"","overlay-opacity":"","overlay-gradient":""}},"ast-content-background-meta":{"desktop":{"background-color":"var(--ast-global-color-5)","background-image":"","background-repeat":"repeat","background-position":"center center","background-size":"auto","background-attachment":"scroll","background-type":"","background-media":"","overlay-type":"","overlay-color":"","overlay-opacity":"","overlay-gradient":""},"tablet":{"background-color":"var(--ast-global-color-5)","background-image":"","background-repeat":"repeat","background-position":"center center","background-size":"auto","background-attachment":"scroll","background-type":"","background-media":"","overlay-type":"","overlay-color":"","overlay-opacity":"","overlay-gradient":""},"mobile":{"background-color":"var(--ast-global-color-5)","background-image":"","background-repeat":"repeat","background-position":"center center","background-size":"auto","background-attachment":"scroll","background-type":"","background-media":"","overlay-type":"","overlay-color":"","overlay-opacity":"","overlay-gradient":""}}},"product_cat":[137],"product_tag":[],"class_list":{"0":"post-8411","1":"product","2":"type-product","3":"status-publish","4":"has-post-thumbnail","6":"product_cat-svileni-dodaci-za-kosu","7":"pif-has-gallery","8":"desktop-align-left","9":"tablet-align-left","10":"mobile-align-left","12":"first","13":"instock","14":"shipping-taxable","15":"purchasable","16":"product-type-variable"},"acf":[],"yoast_head":"<!-- This site is optimized with the Yoast SEO plugin v23.9 - https:\/\/yoast.com\/wordpress\/plugins\/seo\/ -->\n<title>Svileni bonnet - StarSilk<\/title>\n<meta name=\"robots\" content=\"index, follow, max-snippet:-1, max-image-preview:large, max-video-preview:-1\" \/>\n<link rel=\"canonical\" href=\"https:\/\/starsilk.hr\/en\/product\/svileni-bonnet\/\" \/>\n<meta property=\"og:locale\" content=\"en_GB\" \/>\n<meta property=\"og:type\" content=\"article\" \/>\n<meta property=\"og:title\" content=\"Svileni bonnet - StarSilk\" \/>\n<meta property=\"og:description\" content=\"Do\u017eivite nje\u017enu njegu i za\u0161titu kose tijekom no\u0107i uz na\u0161 svileni bonnet. Dizajniran za o\u010duvanje prirodne ljepote kose, smanjuje trenje, lomljenje i ne\u017eeljeno naelektriziranje dok spavate.  Svila poma\u017ee zadr\u017eati vlagu i sjaj, \u0161titi frizuru te \u010dini jutarnje oblikovanje kose jednostavnijim i zdravijim. Idealno rje\u0161enje za sve tipove kose, osobito kovr\u010davu, suhu i osjetljivu.\" \/>\n<meta property=\"og:url\" content=\"https:\/\/starsilk.hr\/en\/product\/svileni-bonnet\/\" \/>\n<meta property=\"og:site_name\" content=\"StarSilk\" \/>\n<meta property=\"article:publisher\" content=\"https:\/\/www.facebook.com\/starsilk.hr\" \/>\n<meta property=\"article:modified_time\" content=\"2026-02-24T10:02:59+00:00\" \/>\n<meta property=\"og:image\" content=\"https:\/\/starsilk.hr\/wp-content\/uploads\/2025\/08\/26.png\" \/>\n\t<meta property=\"og:image:width\" content=\"900\" \/>\n\t<meta property=\"og:image:height\" content=\"900\" \/>\n\t<meta property=\"og:image:type\" content=\"image\/png\" \/>\n<meta name=\"twitter:card\" content=\"summary_large_image\" \/>\n<meta name=\"twitter:label1\" content=\"Estimated reading time\" \/>\n\t<meta name=\"twitter:data1\" content=\"1 minute\" \/>\n<script type=\"application\/ld+json\" class=\"yoast-schema-graph\">{\"@context\":\"https:\/\/schema.org\",\"@graph\":[{\"@type\":\"WebPage\",\"@id\":\"https:\/\/starsilk.hr\/proizvod\/svileni-bonnet\/\",\"url\":\"https:\/\/starsilk.hr\/proizvod\/svileni-bonnet\/\",\"name\":\"Svileni bonnet - StarSilk\",\"isPartOf\":{\"@id\":\"https:\/\/starsilk.hr\/en\/#website\"},\"primaryImageOfPage\":{\"@id\":\"https:\/\/starsilk.hr\/proizvod\/svileni-bonnet\/#primaryimage\"},\"image\":{\"@id\":\"https:\/\/starsilk.hr\/proizvod\/svileni-bonnet\/#primaryimage\"},\"thumbnailUrl\":\"https:\/\/starsilk.hr\/wp-content\/uploads\/2025\/08\/26.png\",\"datePublished\":\"2025-08-06T20:24:40+00:00\",\"dateModified\":\"2026-02-24T10:02:59+00:00\",\"breadcrumb\":{\"@id\":\"https:\/\/starsilk.hr\/proizvod\/svileni-bonnet\/#breadcrumb\"},\"inLanguage\":\"en-GB\",\"potentialAction\":[{\"@type\":\"ReadAction\",\"target\":[\"https:\/\/starsilk.hr\/proizvod\/svileni-bonnet\/\"]}]},{\"@type\":\"ImageObject\",\"inLanguage\":\"en-GB\",\"@id\":\"https:\/\/starsilk.hr\/proizvod\/svileni-bonnet\/#primaryimage\",\"url\":\"https:\/\/starsilk.hr\/wp-content\/uploads\/2025\/08\/26.png\",\"contentUrl\":\"https:\/\/starsilk.hr\/wp-content\/uploads\/2025\/08\/26.png\",\"width\":900,\"height\":900},{\"@type\":\"BreadcrumbList\",\"@id\":\"https:\/\/starsilk.hr\/proizvod\/svileni-bonnet\/#breadcrumb\",\"itemListElement\":[{\"@type\":\"ListItem\",\"position\":1,\"name\":\"Po\u010detna stranica\",\"item\":\"https:\/\/starsilk.hr\/\"},{\"@type\":\"ListItem\",\"position\":2,\"name\":\"Products\",\"item\":\"https:\/\/starsilk.hr\/en\/shop\/\"},{\"@type\":\"ListItem\",\"position\":3,\"name\":\"Svileni bonnet\"}]},{\"@type\":\"WebSite\",\"@id\":\"https:\/\/starsilk.hr\/en\/#website\",\"url\":\"https:\/\/starsilk.hr\/en\/\",\"name\":\"StarSilk\",\"description\":\"\",\"publisher\":{\"@id\":\"https:\/\/starsilk.hr\/en\/#organization\"},\"potentialAction\":[{\"@type\":\"SearchAction\",\"target\":{\"@type\":\"EntryPoint\",\"urlTemplate\":\"https:\/\/starsilk.hr\/en\/?s={search_term_string}\"},\"query-input\":{\"@type\":\"PropertyValueSpecification\",\"valueRequired\":true,\"valueName\":\"search_term_string\"}}],\"inLanguage\":\"en-GB\"},{\"@type\":\"Organization\",\"@id\":\"https:\/\/starsilk.hr\/en\/#organization\",\"name\":\"StarSilk\",\"url\":\"https:\/\/starsilk.hr\/en\/\",\"logo\":{\"@type\":\"ImageObject\",\"inLanguage\":\"en-GB\",\"@id\":\"https:\/\/starsilk.hr\/en\/#\/schema\/logo\/image\/\",\"url\":\"https:\/\/starsilk.hr\/wp-content\/uploads\/2021\/01\/star_silk_logo-26.png\",\"contentUrl\":\"https:\/\/starsilk.hr\/wp-content\/uploads\/2021\/01\/star_silk_logo-26.png\",\"width\":593,\"height\":542,\"caption\":\"StarSilk\"},\"image\":{\"@id\":\"https:\/\/starsilk.hr\/en\/#\/schema\/logo\/image\/\"},\"sameAs\":[\"https:\/\/www.facebook.com\/starsilk.hr\",\"https:\/\/www.instagram.com\/starsilk_official\/\"]}]}<\/script>\n<!-- \/ Yoast SEO plugin. -->","yoast_head_json":{"title":"Svileni bonnet - StarSilk","robots":{"index":"index","follow":"follow","max-snippet":"max-snippet:-1","max-image-preview":"max-image-preview:large","max-video-preview":"max-video-preview:-1"},"canonical":"https:\/\/starsilk.hr\/en\/product\/svileni-bonnet\/","og_locale":"en_GB","og_type":"article","og_title":"Svileni bonnet - StarSilk","og_description":"Do\u017eivite nje\u017enu njegu i za\u0161titu kose tijekom no\u0107i uz na\u0161 svileni bonnet. Dizajniran za o\u010duvanje prirodne ljepote kose, smanjuje trenje, lomljenje i ne\u017eeljeno naelektriziranje dok spavate.  Svila poma\u017ee zadr\u017eati vlagu i sjaj, \u0161titi frizuru te \u010dini jutarnje oblikovanje kose jednostavnijim i zdravijim. Idealno rje\u0161enje za sve tipove kose, osobito kovr\u010davu, suhu i osjetljivu.","og_url":"https:\/\/starsilk.hr\/en\/product\/svileni-bonnet\/","og_site_name":"StarSilk","article_publisher":"https:\/\/www.facebook.com\/starsilk.hr","article_modified_time":"2026-02-24T10:02:59+00:00","og_image":[{"width":900,"height":900,"url":"https:\/\/starsilk.hr\/wp-content\/uploads\/2025\/08\/26.png","type":"image\/png"}],"twitter_card":"summary_large_image","twitter_misc":{"Estimated reading time":"1 minute"},"schema":{"@context":"https:\/\/schema.org","@graph":[{"@type":"WebPage","@id":"https:\/\/starsilk.hr\/proizvod\/svileni-bonnet\/","url":"https:\/\/starsilk.hr\/proizvod\/svileni-bonnet\/","name":"Svileni bonnet - StarSilk","isPartOf":{"@id":"https:\/\/starsilk.hr\/en\/#website"},"primaryImageOfPage":{"@id":"https:\/\/starsilk.hr\/proizvod\/svileni-bonnet\/#primaryimage"},"image":{"@id":"https:\/\/starsilk.hr\/proizvod\/svileni-bonnet\/#primaryimage"},"thumbnailUrl":"https:\/\/starsilk.hr\/wp-content\/uploads\/2025\/08\/26.png","datePublished":"2025-08-06T20:24:40+00:00","dateModified":"2026-02-24T10:02:59+00:00","breadcrumb":{"@id":"https:\/\/starsilk.hr\/proizvod\/svileni-bonnet\/#breadcrumb"},"inLanguage":"en-GB","potentialAction":[{"@type":"ReadAction","target":["https:\/\/starsilk.hr\/proizvod\/svileni-bonnet\/"]}]},{"@type":"ImageObject","inLanguage":"en-GB","@id":"https:\/\/starsilk.hr\/proizvod\/svileni-bonnet\/#primaryimage","url":"https:\/\/starsilk.hr\/wp-content\/uploads\/2025\/08\/26.png","contentUrl":"https:\/\/starsilk.hr\/wp-content\/uploads\/2025\/08\/26.png","width":900,"height":900},{"@type":"BreadcrumbList","@id":"https:\/\/starsilk.hr\/proizvod\/svileni-bonnet\/#breadcrumb","itemListElement":[{"@type":"ListItem","position":1,"name":"Po\u010detna stranica","item":"https:\/\/starsilk.hr\/"},{"@type":"ListItem","position":2,"name":"Products","item":"https:\/\/starsilk.hr\/en\/shop\/"},{"@type":"ListItem","position":3,"name":"Svileni bonnet"}]},{"@type":"WebSite","@id":"https:\/\/starsilk.hr\/en\/#website","url":"https:\/\/starsilk.hr\/en\/","name":"StarSilk","description":"","publisher":{"@id":"https:\/\/starsilk.hr\/en\/#organization"},"potentialAction":[{"@type":"SearchAction","target":{"@type":"EntryPoint","urlTemplate":"https:\/\/starsilk.hr\/en\/?s={search_term_string}"},"query-input":{"@type":"PropertyValueSpecification","valueRequired":true,"valueName":"search_term_string"}}],"inLanguage":"en-GB"},{"@type":"Organization","@id":"https:\/\/starsilk.hr\/en\/#organization","name":"StarSilk","url":"https:\/\/starsilk.hr\/en\/","logo":{"@type":"ImageObject","inLanguage":"en-GB","@id":"https:\/\/starsilk.hr\/en\/#\/schema\/logo\/image\/","url":"https:\/\/starsilk.hr\/wp-content\/uploads\/2021\/01\/star_silk_logo-26.png","contentUrl":"https:\/\/starsilk.hr\/wp-content\/uploads\/2021\/01\/star_silk_logo-26.png","width":593,"height":542,"caption":"StarSilk"},"image":{"@id":"https:\/\/starsilk.hr\/en\/#\/schema\/logo\/image\/"},"sameAs":["https:\/\/www.facebook.com\/starsilk.hr","https:\/\/www.instagram.com\/starsilk_official\/"]}]}},"_links":{"self":[{"href":"https:\/\/starsilk.hr\/en\/wp-json\/wp\/v2\/product\/8411","targetHints":{"allow":["GET"]}}],"collection":[{"href":"https:\/\/starsilk.hr\/en\/wp-json\/wp\/v2\/product"}],"about":[{"href":"https:\/\/starsilk.hr\/en\/wp-json\/wp\/v2\/types\/product"}],"replies":[{"embeddable":true,"href":"https:\/\/starsilk.hr\/en\/wp-json\/wp\/v2\/comments?post=8411"}],"wp:featuredmedia":[{"embeddable":true,"href":"https:\/\/starsilk.hr\/en\/wp-json\/wp\/v2\/media\/8429"}],"wp:attachment":[{"href":"https:\/\/starsilk.hr\/en\/wp-json\/wp\/v2\/media?parent=8411"}],"wp:term":[{"taxonomy":"product_cat","embeddable":true,"href":"https:\/\/starsilk.hr\/en\/wp-json\/wp\/v2\/product_cat?post=8411"},{"taxonomy":"product_tag","embeddable":true,"href":"https:\/\/starsilk.hr\/en\/wp-json\/wp\/v2\/product_tag?post=8411"}],"curies":[{"name":"wp","href":"https:\/\/api.w.org\/{rel}","templated":true}]}}