{"id":7108,"date":"2023-12-14T18:33:01","date_gmt":"2023-12-14T17:33:01","guid":{"rendered":"https:\/\/starsilk.hr\/?post_type=product&#038;p=7108"},"modified":"2026-04-02T15:15:18","modified_gmt":"2026-04-02T14:15:18","slug":"svilena-gumica-za-kosu-skinny","status":"publish","type":"product","link":"https:\/\/starsilk.hr\/en\/product\/svilena-gumica-za-kosu-skinny\/","title":{"rendered":"Svilena gumica za kosu \/ Skinny"},"content":{"rendered":"<p>Specifikacije:<br \/>\n\u2022 100% Mulberry silk - 22 momme, 6A class<br \/>\n\u2022 Silk Scrunchie<br \/>\n\u2022 Uklju\u010duje: 3 x skinny gumica za kosu (1 cm)<br \/>\n\u2022 Oeko-Tex\u00ae certificiran &#8211; Bez poznatih \u0161tetnih tvari i kemikalija<\/p>\n<p>*Odr\u017eavanje: ozna\u010deno na proizvodu, ili pogledajte na <a href=\"https:\/\/starsilk.hr\/en\/odrzavanje\/\">linku<\/a>.<\/p>","protected":false},"excerpt":{"rendered":"<p><span lang=\"EN-US\" style=\"font-size: 11.5pt; font-family: 'Arial',sans-serif; color: black;\">Prekrasan dodatak za cjelodnevno no\u0161enje ili za \u010duvanje kose tijekom svakodnevne rutine njege ko\u017ee. Fina, glatka tekstura 100% mulberry svile nje\u017ena je za va\u0161u kosu, stvaraju\u0107i manje trenja, lomljenja i \u010dupanja kose od klasi\u010dnih gumica za kosu.<\/span><\/p>","protected":false},"featured_media":7120,"comment_status":"closed","ping_status":"closed","template":"","meta":{"_acf_changed":false,"site-sidebar-layout":"default","site-content-layout":"default","ast-site-content-layout":"default","site-content-style":"default","site-sidebar-style":"default","ast-global-header-display":"","ast-banner-title-visibility":"","ast-main-header-display":"","ast-hfb-above-header-display":"","ast-hfb-below-header-display":"","ast-hfb-mobile-header-display":"","site-post-title":"","ast-breadcrumbs-content":"","ast-featured-img":"","footer-sml-layout":"","theme-transparent-header-meta":"default","adv-header-id-meta":"","stick-header-meta":"","header-above-stick-meta":"","header-main-stick-meta":"","header-below-stick-meta":"","astra-migrate-meta-layouts":"set","ast-page-background-enabled":"default","ast-page-background-meta":{"desktop":{"background-color":"","background-image":"","background-repeat":"repeat","background-position":"center center","background-size":"auto","background-attachment":"scroll","background-type":"","background-media":"","overlay-type":"","overlay-color":"","overlay-opacity":"","overlay-gradient":""},"tablet":{"background-color":"","background-image":"","background-repeat":"repeat","background-position":"center center","background-size":"auto","background-attachment":"scroll","background-type":"","background-media":"","overlay-type":"","overlay-color":"","overlay-opacity":"","overlay-gradient":""},"mobile":{"background-color":"","background-image":"","background-repeat":"repeat","background-position":"center center","background-size":"auto","background-attachment":"scroll","background-type":"","background-media":"","overlay-type":"","overlay-color":"","overlay-opacity":"","overlay-gradient":""}},"ast-content-background-meta":{"desktop":{"background-color":"var(--ast-global-color-5)","background-image":"","background-repeat":"repeat","background-position":"center center","background-size":"auto","background-attachment":"scroll","background-type":"","background-media":"","overlay-type":"","overlay-color":"","overlay-opacity":"","overlay-gradient":""},"tablet":{"background-color":"var(--ast-global-color-5)","background-image":"","background-repeat":"repeat","background-position":"center center","background-size":"auto","background-attachment":"scroll","background-type":"","background-media":"","overlay-type":"","overlay-color":"","overlay-opacity":"","overlay-gradient":""},"mobile":{"background-color":"var(--ast-global-color-5)","background-image":"","background-repeat":"repeat","background-position":"center center","background-size":"auto","background-attachment":"scroll","background-type":"","background-media":"","overlay-type":"","overlay-color":"","overlay-opacity":"","overlay-gradient":""}}},"product_cat":[25],"product_tag":[],"class_list":{"0":"post-7108","1":"product","2":"type-product","3":"status-publish","4":"has-post-thumbnail","6":"product_cat-gumice-za-kosu","7":"desktop-align-left","8":"tablet-align-left","9":"mobile-align-left","11":"first","12":"instock","13":"shipping-taxable","14":"purchasable","15":"product-type-variable"},"acf":[],"yoast_head":"<!-- This site is optimized with the Yoast SEO plugin v23.9 - https:\/\/yoast.com\/wordpress\/plugins\/seo\/ -->\n<title>Svilena gumica za kosu \/ Skinny - StarSilk<\/title>\n<meta name=\"robots\" content=\"index, follow, max-snippet:-1, max-image-preview:large, max-video-preview:-1\" \/>\n<link rel=\"canonical\" href=\"https:\/\/starsilk.hr\/en\/product\/svilena-gumica-za-kosu-skinny\/\" \/>\n<meta property=\"og:locale\" content=\"en_GB\" \/>\n<meta property=\"og:type\" content=\"article\" \/>\n<meta property=\"og:title\" content=\"Svilena gumica za kosu \/ Skinny - StarSilk\" \/>\n<meta property=\"og:description\" content=\"Prekrasan dodatak za cjelodnevno no\u0161enje ili za \u010duvanje kose tijekom svakodnevne rutine njege ko\u017ee. Fina, glatka tekstura 100% mulberry svile nje\u017ena je za va\u0161u kosu, stvaraju\u0107i manje trenja, lomljenja i \u010dupanja kose od klasi\u010dnih gumica za kosu.\" \/>\n<meta property=\"og:url\" content=\"https:\/\/starsilk.hr\/en\/product\/svilena-gumica-za-kosu-skinny\/\" \/>\n<meta property=\"og:site_name\" content=\"StarSilk\" \/>\n<meta property=\"article:publisher\" content=\"https:\/\/www.facebook.com\/starsilk.hr\" \/>\n<meta property=\"article:modified_time\" content=\"2026-04-02T14:15:18+00:00\" \/>\n<meta property=\"og:image\" content=\"https:\/\/starsilk.hr\/wp-content\/uploads\/2023\/12\/SKINNY-SCRUNCHIE-EARTHY-MIX-1.png\" \/>\n\t<meta property=\"og:image:width\" content=\"975\" \/>\n\t<meta property=\"og:image:height\" content=\"975\" \/>\n\t<meta property=\"og:image:type\" content=\"image\/png\" \/>\n<meta name=\"twitter:card\" content=\"summary_large_image\" \/>\n<meta name=\"twitter:label1\" content=\"Estimated reading time\" \/>\n\t<meta name=\"twitter:data1\" content=\"1 minute\" \/>\n<script type=\"application\/ld+json\" class=\"yoast-schema-graph\">{\"@context\":\"https:\/\/schema.org\",\"@graph\":[{\"@type\":\"WebPage\",\"@id\":\"https:\/\/starsilk.hr\/proizvod\/svilena-gumica-za-kosu-skinny\/\",\"url\":\"https:\/\/starsilk.hr\/proizvod\/svilena-gumica-za-kosu-skinny\/\",\"name\":\"Svilena gumica za kosu \/ Skinny - StarSilk\",\"isPartOf\":{\"@id\":\"https:\/\/starsilk.hr\/en\/#website\"},\"primaryImageOfPage\":{\"@id\":\"https:\/\/starsilk.hr\/proizvod\/svilena-gumica-za-kosu-skinny\/#primaryimage\"},\"image\":{\"@id\":\"https:\/\/starsilk.hr\/proizvod\/svilena-gumica-za-kosu-skinny\/#primaryimage\"},\"thumbnailUrl\":\"https:\/\/starsilk.hr\/wp-content\/uploads\/2023\/12\/SKINNY-SCRUNCHIE-EARTHY-MIX-1.png\",\"datePublished\":\"2023-12-14T17:33:01+00:00\",\"dateModified\":\"2026-04-02T14:15:18+00:00\",\"breadcrumb\":{\"@id\":\"https:\/\/starsilk.hr\/proizvod\/svilena-gumica-za-kosu-skinny\/#breadcrumb\"},\"inLanguage\":\"en-GB\",\"potentialAction\":[{\"@type\":\"ReadAction\",\"target\":[\"https:\/\/starsilk.hr\/proizvod\/svilena-gumica-za-kosu-skinny\/\"]}]},{\"@type\":\"ImageObject\",\"inLanguage\":\"en-GB\",\"@id\":\"https:\/\/starsilk.hr\/proizvod\/svilena-gumica-za-kosu-skinny\/#primaryimage\",\"url\":\"https:\/\/starsilk.hr\/wp-content\/uploads\/2023\/12\/SKINNY-SCRUNCHIE-EARTHY-MIX-1.png\",\"contentUrl\":\"https:\/\/starsilk.hr\/wp-content\/uploads\/2023\/12\/SKINNY-SCRUNCHIE-EARTHY-MIX-1.png\",\"width\":975,\"height\":975},{\"@type\":\"BreadcrumbList\",\"@id\":\"https:\/\/starsilk.hr\/proizvod\/svilena-gumica-za-kosu-skinny\/#breadcrumb\",\"itemListElement\":[{\"@type\":\"ListItem\",\"position\":1,\"name\":\"Po\u010detna stranica\",\"item\":\"https:\/\/starsilk.hr\/\"},{\"@type\":\"ListItem\",\"position\":2,\"name\":\"Products\",\"item\":\"https:\/\/starsilk.hr\/en\/shop\/\"},{\"@type\":\"ListItem\",\"position\":3,\"name\":\"Svilena gumica za kosu \/ Skinny\"}]},{\"@type\":\"WebSite\",\"@id\":\"https:\/\/starsilk.hr\/en\/#website\",\"url\":\"https:\/\/starsilk.hr\/en\/\",\"name\":\"StarSilk\",\"description\":\"\",\"publisher\":{\"@id\":\"https:\/\/starsilk.hr\/en\/#organization\"},\"potentialAction\":[{\"@type\":\"SearchAction\",\"target\":{\"@type\":\"EntryPoint\",\"urlTemplate\":\"https:\/\/starsilk.hr\/en\/?s={search_term_string}\"},\"query-input\":{\"@type\":\"PropertyValueSpecification\",\"valueRequired\":true,\"valueName\":\"search_term_string\"}}],\"inLanguage\":\"en-GB\"},{\"@type\":\"Organization\",\"@id\":\"https:\/\/starsilk.hr\/en\/#organization\",\"name\":\"StarSilk\",\"url\":\"https:\/\/starsilk.hr\/en\/\",\"logo\":{\"@type\":\"ImageObject\",\"inLanguage\":\"en-GB\",\"@id\":\"https:\/\/starsilk.hr\/en\/#\/schema\/logo\/image\/\",\"url\":\"https:\/\/starsilk.hr\/wp-content\/uploads\/2021\/01\/star_silk_logo-26.png\",\"contentUrl\":\"https:\/\/starsilk.hr\/wp-content\/uploads\/2021\/01\/star_silk_logo-26.png\",\"width\":593,\"height\":542,\"caption\":\"StarSilk\"},\"image\":{\"@id\":\"https:\/\/starsilk.hr\/en\/#\/schema\/logo\/image\/\"},\"sameAs\":[\"https:\/\/www.facebook.com\/starsilk.hr\",\"https:\/\/www.instagram.com\/starsilk_official\/\"]}]}<\/script>\n<!-- \/ Yoast SEO plugin. -->","yoast_head_json":{"title":"Svilena gumica za kosu \/ Skinny - StarSilk","robots":{"index":"index","follow":"follow","max-snippet":"max-snippet:-1","max-image-preview":"max-image-preview:large","max-video-preview":"max-video-preview:-1"},"canonical":"https:\/\/starsilk.hr\/en\/product\/svilena-gumica-za-kosu-skinny\/","og_locale":"en_GB","og_type":"article","og_title":"Svilena gumica za kosu \/ Skinny - StarSilk","og_description":"Prekrasan dodatak za cjelodnevno no\u0161enje ili za \u010duvanje kose tijekom svakodnevne rutine njege ko\u017ee. Fina, glatka tekstura 100% mulberry svile nje\u017ena je za va\u0161u kosu, stvaraju\u0107i manje trenja, lomljenja i \u010dupanja kose od klasi\u010dnih gumica za kosu.","og_url":"https:\/\/starsilk.hr\/en\/product\/svilena-gumica-za-kosu-skinny\/","og_site_name":"StarSilk","article_publisher":"https:\/\/www.facebook.com\/starsilk.hr","article_modified_time":"2026-04-02T14:15:18+00:00","og_image":[{"width":975,"height":975,"url":"https:\/\/starsilk.hr\/wp-content\/uploads\/2023\/12\/SKINNY-SCRUNCHIE-EARTHY-MIX-1.png","type":"image\/png"}],"twitter_card":"summary_large_image","twitter_misc":{"Estimated reading time":"1 minute"},"schema":{"@context":"https:\/\/schema.org","@graph":[{"@type":"WebPage","@id":"https:\/\/starsilk.hr\/proizvod\/svilena-gumica-za-kosu-skinny\/","url":"https:\/\/starsilk.hr\/proizvod\/svilena-gumica-za-kosu-skinny\/","name":"Svilena gumica za kosu \/ Skinny - StarSilk","isPartOf":{"@id":"https:\/\/starsilk.hr\/en\/#website"},"primaryImageOfPage":{"@id":"https:\/\/starsilk.hr\/proizvod\/svilena-gumica-za-kosu-skinny\/#primaryimage"},"image":{"@id":"https:\/\/starsilk.hr\/proizvod\/svilena-gumica-za-kosu-skinny\/#primaryimage"},"thumbnailUrl":"https:\/\/starsilk.hr\/wp-content\/uploads\/2023\/12\/SKINNY-SCRUNCHIE-EARTHY-MIX-1.png","datePublished":"2023-12-14T17:33:01+00:00","dateModified":"2026-04-02T14:15:18+00:00","breadcrumb":{"@id":"https:\/\/starsilk.hr\/proizvod\/svilena-gumica-za-kosu-skinny\/#breadcrumb"},"inLanguage":"en-GB","potentialAction":[{"@type":"ReadAction","target":["https:\/\/starsilk.hr\/proizvod\/svilena-gumica-za-kosu-skinny\/"]}]},{"@type":"ImageObject","inLanguage":"en-GB","@id":"https:\/\/starsilk.hr\/proizvod\/svilena-gumica-za-kosu-skinny\/#primaryimage","url":"https:\/\/starsilk.hr\/wp-content\/uploads\/2023\/12\/SKINNY-SCRUNCHIE-EARTHY-MIX-1.png","contentUrl":"https:\/\/starsilk.hr\/wp-content\/uploads\/2023\/12\/SKINNY-SCRUNCHIE-EARTHY-MIX-1.png","width":975,"height":975},{"@type":"BreadcrumbList","@id":"https:\/\/starsilk.hr\/proizvod\/svilena-gumica-za-kosu-skinny\/#breadcrumb","itemListElement":[{"@type":"ListItem","position":1,"name":"Po\u010detna stranica","item":"https:\/\/starsilk.hr\/"},{"@type":"ListItem","position":2,"name":"Products","item":"https:\/\/starsilk.hr\/en\/shop\/"},{"@type":"ListItem","position":3,"name":"Svilena gumica za kosu \/ Skinny"}]},{"@type":"WebSite","@id":"https:\/\/starsilk.hr\/en\/#website","url":"https:\/\/starsilk.hr\/en\/","name":"StarSilk","description":"","publisher":{"@id":"https:\/\/starsilk.hr\/en\/#organization"},"potentialAction":[{"@type":"SearchAction","target":{"@type":"EntryPoint","urlTemplate":"https:\/\/starsilk.hr\/en\/?s={search_term_string}"},"query-input":{"@type":"PropertyValueSpecification","valueRequired":true,"valueName":"search_term_string"}}],"inLanguage":"en-GB"},{"@type":"Organization","@id":"https:\/\/starsilk.hr\/en\/#organization","name":"StarSilk","url":"https:\/\/starsilk.hr\/en\/","logo":{"@type":"ImageObject","inLanguage":"en-GB","@id":"https:\/\/starsilk.hr\/en\/#\/schema\/logo\/image\/","url":"https:\/\/starsilk.hr\/wp-content\/uploads\/2021\/01\/star_silk_logo-26.png","contentUrl":"https:\/\/starsilk.hr\/wp-content\/uploads\/2021\/01\/star_silk_logo-26.png","width":593,"height":542,"caption":"StarSilk"},"image":{"@id":"https:\/\/starsilk.hr\/en\/#\/schema\/logo\/image\/"},"sameAs":["https:\/\/www.facebook.com\/starsilk.hr","https:\/\/www.instagram.com\/starsilk_official\/"]}]}},"_links":{"self":[{"href":"https:\/\/starsilk.hr\/en\/wp-json\/wp\/v2\/product\/7108","targetHints":{"allow":["GET"]}}],"collection":[{"href":"https:\/\/starsilk.hr\/en\/wp-json\/wp\/v2\/product"}],"about":[{"href":"https:\/\/starsilk.hr\/en\/wp-json\/wp\/v2\/types\/product"}],"replies":[{"embeddable":true,"href":"https:\/\/starsilk.hr\/en\/wp-json\/wp\/v2\/comments?post=7108"}],"wp:featuredmedia":[{"embeddable":true,"href":"https:\/\/starsilk.hr\/en\/wp-json\/wp\/v2\/media\/7120"}],"wp:attachment":[{"href":"https:\/\/starsilk.hr\/en\/wp-json\/wp\/v2\/media?parent=7108"}],"wp:term":[{"taxonomy":"product_cat","embeddable":true,"href":"https:\/\/starsilk.hr\/en\/wp-json\/wp\/v2\/product_cat?post=7108"},{"taxonomy":"product_tag","embeddable":true,"href":"https:\/\/starsilk.hr\/en\/wp-json\/wp\/v2\/product_tag?post=7108"}],"curies":[{"name":"wp","href":"https:\/\/api.w.org\/{rel}","templated":true}]}}