{"id":6846,"date":"2023-11-21T11:37:04","date_gmt":"2023-11-21T10:37:04","guid":{"rendered":"https:\/\/starsilk.hr\/?post_type=product&#038;p=6846"},"modified":"2026-03-18T19:51:24","modified_gmt":"2026-03-18T18:51:24","slug":"svilena-jastucnica-midnight-blue","status":"publish","type":"product","link":"https:\/\/starsilk.hr\/en\/product\/svilena-jastucnica-midnight-blue\/","title":{"rendered":"Silk Pillowcase \/ Midnight Blue"},"content":{"rendered":"","protected":false},"excerpt":{"rendered":"<p>We love sleepy heads, not sleepy hair. Say goodnight to bed hair with the StarSilk pillowcase made from 100% pure mulberry silk. It feels as lush as it sounds. The soft silk helps lock in natural moisture leaving your hair and skin hydrated, extends the life expectancy of hairstyles and lashes, and prevents wrinkles &amp; sleep creases - no more squish face in the morning. It\u2019s the best thing you can do for your skin and hair.<\/p>","protected":false},"featured_media":7013,"comment_status":"open","ping_status":"closed","template":"","meta":{"_acf_changed":false,"site-sidebar-layout":"default","site-content-layout":"default","ast-site-content-layout":"default","site-content-style":"default","site-sidebar-style":"default","ast-global-header-display":"","ast-banner-title-visibility":"","ast-main-header-display":"","ast-hfb-above-header-display":"","ast-hfb-below-header-display":"","ast-hfb-mobile-header-display":"","site-post-title":"","ast-breadcrumbs-content":"","ast-featured-img":"","footer-sml-layout":"","theme-transparent-header-meta":"default","adv-header-id-meta":"","stick-header-meta":"","header-above-stick-meta":"","header-main-stick-meta":"","header-below-stick-meta":"","astra-migrate-meta-layouts":"set","ast-page-background-enabled":"default","ast-page-background-meta":{"desktop":{"background-color":"","background-image":"","background-repeat":"repeat","background-position":"center center","background-size":"auto","background-attachment":"scroll","background-type":"","background-media":"","overlay-type":"","overlay-color":"","overlay-opacity":"","overlay-gradient":""},"tablet":{"background-color":"","background-image":"","background-repeat":"repeat","background-position":"center center","background-size":"auto","background-attachment":"scroll","background-type":"","background-media":"","overlay-type":"","overlay-color":"","overlay-opacity":"","overlay-gradient":""},"mobile":{"background-color":"","background-image":"","background-repeat":"repeat","background-position":"center center","background-size":"auto","background-attachment":"scroll","background-type":"","background-media":"","overlay-type":"","overlay-color":"","overlay-opacity":"","overlay-gradient":""}},"ast-content-background-meta":{"desktop":{"background-color":"var(--ast-global-color-5)","background-image":"","background-repeat":"repeat","background-position":"center center","background-size":"auto","background-attachment":"scroll","background-type":"","background-media":"","overlay-type":"","overlay-color":"","overlay-opacity":"","overlay-gradient":""},"tablet":{"background-color":"var(--ast-global-color-5)","background-image":"","background-repeat":"repeat","background-position":"center center","background-size":"auto","background-attachment":"scroll","background-type":"","background-media":"","overlay-type":"","overlay-color":"","overlay-opacity":"","overlay-gradient":""},"mobile":{"background-color":"var(--ast-global-color-5)","background-image":"","background-repeat":"repeat","background-position":"center center","background-size":"auto","background-attachment":"scroll","background-type":"","background-media":"","overlay-type":"","overlay-color":"","overlay-opacity":"","overlay-gradient":""}}},"product_cat":[23],"product_tag":[32],"class_list":{"0":"post-6846","1":"product","2":"type-product","3":"status-publish","4":"has-post-thumbnail","6":"product_cat-jastucnice","7":"product_tag-twinkling-white","8":"desktop-align-left","9":"tablet-align-left","10":"mobile-align-left","12":"first","13":"instock","14":"shipping-taxable","15":"purchasable","16":"product-type-variable"},"acf":[],"yoast_head":"<!-- This site is optimized with the Yoast SEO plugin v23.9 - https:\/\/yoast.com\/wordpress\/plugins\/seo\/ -->\n<title>Svilena jastu\u010dnica - Twinkling White - StarSilk<\/title>\n<meta name=\"description\" content=\"Podigni svoju no\u0107nu skin care rutinu na novu razinu uz bijelu svilenu jastu\u010dnicu Twinkling White izra\u0111enu od 100% mulberry svile.\" \/>\n<meta name=\"robots\" content=\"index, follow, max-snippet:-1, max-image-preview:large, max-video-preview:-1\" \/>\n<link rel=\"canonical\" href=\"https:\/\/starsilk.hr\/en\/product\/svilena-jastucnica-midnight-blue\/\" \/>\n<meta property=\"og:locale\" content=\"en_GB\" \/>\n<meta property=\"og:type\" content=\"article\" \/>\n<meta property=\"og:title\" content=\"Svilena jastu\u010dnica - Twinkling White - StarSilk\" \/>\n<meta property=\"og:description\" content=\"Podigni svoju no\u0107nu skin care rutinu na novu razinu uz bijelu svilenu jastu\u010dnicu Twinkling White izra\u0111enu od 100% mulberry svile.\" \/>\n<meta property=\"og:url\" content=\"https:\/\/starsilk.hr\/en\/product\/svilena-jastucnica-midnight-blue\/\" \/>\n<meta property=\"og:site_name\" content=\"StarSilk\" \/>\n<meta property=\"article:publisher\" content=\"https:\/\/www.facebook.com\/starsilk.hr\" \/>\n<meta property=\"article:modified_time\" content=\"2026-03-18T18:51:24+00:00\" \/>\n<meta property=\"og:image\" content=\"https:\/\/starsilk.hr\/wp-content\/uploads\/2023\/11\/PILLOWCASE-MIDNIGHT-BLUE.png\" \/>\n\t<meta property=\"og:image:width\" content=\"1875\" \/>\n\t<meta property=\"og:image:height\" content=\"1875\" \/>\n\t<meta property=\"og:image:type\" content=\"image\/png\" \/>\n<meta name=\"twitter:card\" content=\"summary_large_image\" \/>\n<meta name=\"twitter:label1\" content=\"Estimated reading time\" \/>\n\t<meta name=\"twitter:data1\" content=\"1 minute\" \/>\n<script type=\"application\/ld+json\" class=\"yoast-schema-graph\">{\"@context\":\"https:\/\/schema.org\",\"@graph\":[{\"@type\":\"WebPage\",\"@id\":\"https:\/\/starsilk.hr\/proizvod\/svilena-jastucnica-midnight-blue\/\",\"url\":\"https:\/\/starsilk.hr\/proizvod\/svilena-jastucnica-midnight-blue\/\",\"name\":\"Svilena jastu\u010dnica - Twinkling White - StarSilk\",\"isPartOf\":{\"@id\":\"https:\/\/starsilk.hr\/en\/#website\"},\"primaryImageOfPage\":{\"@id\":\"https:\/\/starsilk.hr\/proizvod\/svilena-jastucnica-midnight-blue\/#primaryimage\"},\"image\":{\"@id\":\"https:\/\/starsilk.hr\/proizvod\/svilena-jastucnica-midnight-blue\/#primaryimage\"},\"thumbnailUrl\":\"https:\/\/starsilk.hr\/wp-content\/uploads\/2023\/11\/PILLOWCASE-MIDNIGHT-BLUE.png\",\"datePublished\":\"2023-11-21T10:37:04+00:00\",\"dateModified\":\"2026-03-18T18:51:24+00:00\",\"description\":\"Podigni svoju no\u0107nu skin care rutinu na novu razinu uz bijelu svilenu jastu\u010dnicu Twinkling White izra\u0111enu od 100% mulberry svile.\",\"breadcrumb\":{\"@id\":\"https:\/\/starsilk.hr\/proizvod\/svilena-jastucnica-midnight-blue\/#breadcrumb\"},\"inLanguage\":\"en-GB\",\"potentialAction\":[{\"@type\":\"ReadAction\",\"target\":[\"https:\/\/starsilk.hr\/proizvod\/svilena-jastucnica-midnight-blue\/\"]}]},{\"@type\":\"ImageObject\",\"inLanguage\":\"en-GB\",\"@id\":\"https:\/\/starsilk.hr\/proizvod\/svilena-jastucnica-midnight-blue\/#primaryimage\",\"url\":\"https:\/\/starsilk.hr\/wp-content\/uploads\/2023\/11\/PILLOWCASE-MIDNIGHT-BLUE.png\",\"contentUrl\":\"https:\/\/starsilk.hr\/wp-content\/uploads\/2023\/11\/PILLOWCASE-MIDNIGHT-BLUE.png\",\"width\":1875,\"height\":1875},{\"@type\":\"BreadcrumbList\",\"@id\":\"https:\/\/starsilk.hr\/proizvod\/svilena-jastucnica-midnight-blue\/#breadcrumb\",\"itemListElement\":[{\"@type\":\"ListItem\",\"position\":1,\"name\":\"Po\u010detna stranica\",\"item\":\"https:\/\/starsilk.hr\/\"},{\"@type\":\"ListItem\",\"position\":2,\"name\":\"Products\",\"item\":\"https:\/\/starsilk.hr\/en\/shop\/\"},{\"@type\":\"ListItem\",\"position\":3,\"name\":\"Svilena jastu\u010dnica \/ Midnight Blue\"}]},{\"@type\":\"WebSite\",\"@id\":\"https:\/\/starsilk.hr\/en\/#website\",\"url\":\"https:\/\/starsilk.hr\/en\/\",\"name\":\"StarSilk\",\"description\":\"\",\"publisher\":{\"@id\":\"https:\/\/starsilk.hr\/en\/#organization\"},\"potentialAction\":[{\"@type\":\"SearchAction\",\"target\":{\"@type\":\"EntryPoint\",\"urlTemplate\":\"https:\/\/starsilk.hr\/en\/?s={search_term_string}\"},\"query-input\":{\"@type\":\"PropertyValueSpecification\",\"valueRequired\":true,\"valueName\":\"search_term_string\"}}],\"inLanguage\":\"en-GB\"},{\"@type\":\"Organization\",\"@id\":\"https:\/\/starsilk.hr\/en\/#organization\",\"name\":\"StarSilk\",\"url\":\"https:\/\/starsilk.hr\/en\/\",\"logo\":{\"@type\":\"ImageObject\",\"inLanguage\":\"en-GB\",\"@id\":\"https:\/\/starsilk.hr\/en\/#\/schema\/logo\/image\/\",\"url\":\"https:\/\/starsilk.hr\/wp-content\/uploads\/2021\/01\/star_silk_logo-26.png\",\"contentUrl\":\"https:\/\/starsilk.hr\/wp-content\/uploads\/2021\/01\/star_silk_logo-26.png\",\"width\":593,\"height\":542,\"caption\":\"StarSilk\"},\"image\":{\"@id\":\"https:\/\/starsilk.hr\/en\/#\/schema\/logo\/image\/\"},\"sameAs\":[\"https:\/\/www.facebook.com\/starsilk.hr\",\"https:\/\/www.instagram.com\/starsilk_official\/\"]}]}<\/script>\n<!-- \/ Yoast SEO plugin. -->","yoast_head_json":{"title":"Svilena jastu\u010dnica - Twinkling White - StarSilk","description":"Podigni svoju no\u0107nu skin care rutinu na novu razinu uz bijelu svilenu jastu\u010dnicu Twinkling White izra\u0111enu od 100% mulberry svile.","robots":{"index":"index","follow":"follow","max-snippet":"max-snippet:-1","max-image-preview":"max-image-preview:large","max-video-preview":"max-video-preview:-1"},"canonical":"https:\/\/starsilk.hr\/en\/product\/svilena-jastucnica-midnight-blue\/","og_locale":"en_GB","og_type":"article","og_title":"Svilena jastu\u010dnica - Twinkling White - StarSilk","og_description":"Podigni svoju no\u0107nu skin care rutinu na novu razinu uz bijelu svilenu jastu\u010dnicu Twinkling White izra\u0111enu od 100% mulberry svile.","og_url":"https:\/\/starsilk.hr\/en\/product\/svilena-jastucnica-midnight-blue\/","og_site_name":"StarSilk","article_publisher":"https:\/\/www.facebook.com\/starsilk.hr","article_modified_time":"2026-03-18T18:51:24+00:00","og_image":[{"width":1875,"height":1875,"url":"https:\/\/starsilk.hr\/wp-content\/uploads\/2023\/11\/PILLOWCASE-MIDNIGHT-BLUE.png","type":"image\/png"}],"twitter_card":"summary_large_image","twitter_misc":{"Estimated reading time":"1 minute"},"schema":{"@context":"https:\/\/schema.org","@graph":[{"@type":"WebPage","@id":"https:\/\/starsilk.hr\/proizvod\/svilena-jastucnica-midnight-blue\/","url":"https:\/\/starsilk.hr\/proizvod\/svilena-jastucnica-midnight-blue\/","name":"Svilena jastu\u010dnica - Twinkling White - StarSilk","isPartOf":{"@id":"https:\/\/starsilk.hr\/en\/#website"},"primaryImageOfPage":{"@id":"https:\/\/starsilk.hr\/proizvod\/svilena-jastucnica-midnight-blue\/#primaryimage"},"image":{"@id":"https:\/\/starsilk.hr\/proizvod\/svilena-jastucnica-midnight-blue\/#primaryimage"},"thumbnailUrl":"https:\/\/starsilk.hr\/wp-content\/uploads\/2023\/11\/PILLOWCASE-MIDNIGHT-BLUE.png","datePublished":"2023-11-21T10:37:04+00:00","dateModified":"2026-03-18T18:51:24+00:00","description":"Podigni svoju no\u0107nu skin care rutinu na novu razinu uz bijelu svilenu jastu\u010dnicu Twinkling White izra\u0111enu od 100% mulberry svile.","breadcrumb":{"@id":"https:\/\/starsilk.hr\/proizvod\/svilena-jastucnica-midnight-blue\/#breadcrumb"},"inLanguage":"en-GB","potentialAction":[{"@type":"ReadAction","target":["https:\/\/starsilk.hr\/proizvod\/svilena-jastucnica-midnight-blue\/"]}]},{"@type":"ImageObject","inLanguage":"en-GB","@id":"https:\/\/starsilk.hr\/proizvod\/svilena-jastucnica-midnight-blue\/#primaryimage","url":"https:\/\/starsilk.hr\/wp-content\/uploads\/2023\/11\/PILLOWCASE-MIDNIGHT-BLUE.png","contentUrl":"https:\/\/starsilk.hr\/wp-content\/uploads\/2023\/11\/PILLOWCASE-MIDNIGHT-BLUE.png","width":1875,"height":1875},{"@type":"BreadcrumbList","@id":"https:\/\/starsilk.hr\/proizvod\/svilena-jastucnica-midnight-blue\/#breadcrumb","itemListElement":[{"@type":"ListItem","position":1,"name":"Po\u010detna stranica","item":"https:\/\/starsilk.hr\/"},{"@type":"ListItem","position":2,"name":"Products","item":"https:\/\/starsilk.hr\/en\/shop\/"},{"@type":"ListItem","position":3,"name":"Svilena jastu\u010dnica \/ Midnight Blue"}]},{"@type":"WebSite","@id":"https:\/\/starsilk.hr\/en\/#website","url":"https:\/\/starsilk.hr\/en\/","name":"StarSilk","description":"","publisher":{"@id":"https:\/\/starsilk.hr\/en\/#organization"},"potentialAction":[{"@type":"SearchAction","target":{"@type":"EntryPoint","urlTemplate":"https:\/\/starsilk.hr\/en\/?s={search_term_string}"},"query-input":{"@type":"PropertyValueSpecification","valueRequired":true,"valueName":"search_term_string"}}],"inLanguage":"en-GB"},{"@type":"Organization","@id":"https:\/\/starsilk.hr\/en\/#organization","name":"StarSilk","url":"https:\/\/starsilk.hr\/en\/","logo":{"@type":"ImageObject","inLanguage":"en-GB","@id":"https:\/\/starsilk.hr\/en\/#\/schema\/logo\/image\/","url":"https:\/\/starsilk.hr\/wp-content\/uploads\/2021\/01\/star_silk_logo-26.png","contentUrl":"https:\/\/starsilk.hr\/wp-content\/uploads\/2021\/01\/star_silk_logo-26.png","width":593,"height":542,"caption":"StarSilk"},"image":{"@id":"https:\/\/starsilk.hr\/en\/#\/schema\/logo\/image\/"},"sameAs":["https:\/\/www.facebook.com\/starsilk.hr","https:\/\/www.instagram.com\/starsilk_official\/"]}]}},"_links":{"self":[{"href":"https:\/\/starsilk.hr\/en\/wp-json\/wp\/v2\/product\/6846","targetHints":{"allow":["GET"]}}],"collection":[{"href":"https:\/\/starsilk.hr\/en\/wp-json\/wp\/v2\/product"}],"about":[{"href":"https:\/\/starsilk.hr\/en\/wp-json\/wp\/v2\/types\/product"}],"replies":[{"embeddable":true,"href":"https:\/\/starsilk.hr\/en\/wp-json\/wp\/v2\/comments?post=6846"}],"wp:featuredmedia":[{"embeddable":true,"href":"https:\/\/starsilk.hr\/en\/wp-json\/wp\/v2\/media\/7013"}],"wp:attachment":[{"href":"https:\/\/starsilk.hr\/en\/wp-json\/wp\/v2\/media?parent=6846"}],"wp:term":[{"taxonomy":"product_cat","embeddable":true,"href":"https:\/\/starsilk.hr\/en\/wp-json\/wp\/v2\/product_cat?post=6846"},{"taxonomy":"product_tag","embeddable":true,"href":"https:\/\/starsilk.hr\/en\/wp-json\/wp\/v2\/product_tag?post=6846"}],"curies":[{"name":"wp","href":"https:\/\/api.w.org\/{rel}","templated":true}]}}