{"id":5929,"date":"2023-03-28T16:41:44","date_gmt":"2023-03-28T15:41:44","guid":{"rendered":"https:\/\/starsilk.hr\/?post_type=product&#038;p=5929"},"modified":"2025-12-10T06:18:52","modified_gmt":"2025-12-10T05:18:52","slug":"twinkling-white-svilena-maska-za-spavanje","status":"publish","type":"product","link":"https:\/\/starsilk.hr\/en\/product\/twinkling-white-svilena-maska-za-spavanje\/","title":{"rendered":"Twinkling White svilena maska za spavanje"},"content":{"rendered":"<p>Specifikacije:<br \/>\n\u2022 100% Mulberry svila. 22 momme, 6A class<br \/>\n\u2022 Elasti\u010dna traka<br \/>\n\u2022 Uklju\u010duje: 1x Twinkling White svilena maska za spavanje<br \/>\n\u2022 Oeko-Tex\u00ae certificiran &#8211; Bez poznatih \u0161tetnih tvari i kemikalija<\/p>\n<p>*Odr\u017eavanje: ozna\u010deno na proizvodu ili <a href=\"https:\/\/starsilk.hr\/en\/odrzavanje\/\">or see the link<\/a><\/p>","protected":false},"excerpt":{"rendered":"<p>Block out the world around you and settle in for a restful night\u2019s sleep with this gentle sleep mask. The soft Mulberry silk is breathable and exceptionally soft on the delicate eye area.<\/p>","protected":false},"featured_media":8313,"comment_status":"open","ping_status":"closed","template":"","meta":{"_acf_changed":false,"site-sidebar-layout":"default","site-content-layout":"default","ast-site-content-layout":"default","site-content-style":"default","site-sidebar-style":"default","ast-global-header-display":"","ast-banner-title-visibility":"","ast-main-header-display":"","ast-hfb-above-header-display":"","ast-hfb-below-header-display":"","ast-hfb-mobile-header-display":"","site-post-title":"","ast-breadcrumbs-content":"","ast-featured-img":"","footer-sml-layout":"","theme-transparent-header-meta":"default","adv-header-id-meta":"","stick-header-meta":"","header-above-stick-meta":"","header-main-stick-meta":"","header-below-stick-meta":"","astra-migrate-meta-layouts":"set","ast-page-background-enabled":"default","ast-page-background-meta":{"desktop":{"background-color":"","background-image":"","background-repeat":"repeat","background-position":"center center","background-size":"auto","background-attachment":"scroll","background-type":"","background-media":"","overlay-type":"","overlay-color":"","overlay-opacity":"","overlay-gradient":""},"tablet":{"background-color":"","background-image":"","background-repeat":"repeat","background-position":"center center","background-size":"auto","background-attachment":"scroll","background-type":"","background-media":"","overlay-type":"","overlay-color":"","overlay-opacity":"","overlay-gradient":""},"mobile":{"background-color":"","background-image":"","background-repeat":"repeat","background-position":"center center","background-size":"auto","background-attachment":"scroll","background-type":"","background-media":"","overlay-type":"","overlay-color":"","overlay-opacity":"","overlay-gradient":""}},"ast-content-background-meta":{"desktop":{"background-color":"var(--ast-global-color-5)","background-image":"","background-repeat":"repeat","background-position":"center center","background-size":"auto","background-attachment":"scroll","background-type":"","background-media":"","overlay-type":"","overlay-color":"","overlay-opacity":"","overlay-gradient":""},"tablet":{"background-color":"var(--ast-global-color-5)","background-image":"","background-repeat":"repeat","background-position":"center center","background-size":"auto","background-attachment":"scroll","background-type":"","background-media":"","overlay-type":"","overlay-color":"","overlay-opacity":"","overlay-gradient":""},"mobile":{"background-color":"var(--ast-global-color-5)","background-image":"","background-repeat":"repeat","background-position":"center center","background-size":"auto","background-attachment":"scroll","background-type":"","background-media":"","overlay-type":"","overlay-color":"","overlay-opacity":"","overlay-gradient":""}}},"product_cat":[24],"product_tag":[],"class_list":{"0":"post-5929","1":"product","2":"type-product","3":"status-publish","4":"has-post-thumbnail","6":"product_cat-maske-za-spavanje","7":"pif-has-gallery","8":"desktop-align-left","9":"tablet-align-left","10":"mobile-align-left","12":"first","13":"outofstock","14":"shipping-taxable","15":"purchasable","16":"product-type-simple"},"acf":[],"yoast_head":"<!-- This site is optimized with the Yoast SEO plugin v23.9 - https:\/\/yoast.com\/wordpress\/plugins\/seo\/ -->\n<title>Svilena maska za spavanje Twinkling White - StarSilk<\/title>\n<meta name=\"description\" content=\"Svilena maska za spavanje od 100% mulberry svile Twinkling White nje\u017ena je prema tvojoj ko\u017ei oko o\u010diju i pru\u017ea ti miran i nesmetan beauty sleep.\" \/>\n<meta name=\"robots\" content=\"index, follow, max-snippet:-1, max-image-preview:large, max-video-preview:-1\" \/>\n<link rel=\"canonical\" href=\"https:\/\/starsilk.hr\/en\/product\/twinkling-white-svilena-maska-za-spavanje\/\" \/>\n<meta property=\"og:locale\" content=\"en_GB\" \/>\n<meta property=\"og:type\" content=\"article\" \/>\n<meta property=\"og:title\" content=\"Svilena maska za spavanje Twinkling White - StarSilk\" \/>\n<meta property=\"og:description\" content=\"Svilena maska za spavanje od 100% mulberry svile Twinkling White nje\u017ena je prema tvojoj ko\u017ei oko o\u010diju i pru\u017ea ti miran i nesmetan beauty sleep.\" \/>\n<meta property=\"og:url\" content=\"https:\/\/starsilk.hr\/en\/product\/twinkling-white-svilena-maska-za-spavanje\/\" \/>\n<meta property=\"og:site_name\" content=\"StarSilk\" \/>\n<meta property=\"article:publisher\" content=\"https:\/\/www.facebook.com\/starsilk.hr\" \/>\n<meta property=\"article:modified_time\" content=\"2025-12-10T05:18:52+00:00\" \/>\n<meta property=\"og:image\" content=\"https:\/\/starsilk.hr\/wp-content\/uploads\/2024\/01\/Twinkling-White-MASKA-ZA-SPAVANJE-745178994057.png\" \/>\n\t<meta property=\"og:image:width\" content=\"900\" \/>\n\t<meta property=\"og:image:height\" content=\"900\" \/>\n\t<meta property=\"og:image:type\" content=\"image\/png\" \/>\n<meta name=\"twitter:card\" content=\"summary_large_image\" \/>\n<meta name=\"twitter:label1\" content=\"Estimated reading time\" \/>\n\t<meta name=\"twitter:data1\" content=\"1 minute\" \/>\n<script type=\"application\/ld+json\" class=\"yoast-schema-graph\">{\"@context\":\"https:\/\/schema.org\",\"@graph\":[{\"@type\":\"WebPage\",\"@id\":\"https:\/\/starsilk.hr\/proizvod\/twinkling-white-svilena-maska-za-spavanje\/\",\"url\":\"https:\/\/starsilk.hr\/proizvod\/twinkling-white-svilena-maska-za-spavanje\/\",\"name\":\"Svilena maska za spavanje Twinkling White - StarSilk\",\"isPartOf\":{\"@id\":\"https:\/\/starsilk.hr\/en\/#website\"},\"primaryImageOfPage\":{\"@id\":\"https:\/\/starsilk.hr\/proizvod\/twinkling-white-svilena-maska-za-spavanje\/#primaryimage\"},\"image\":{\"@id\":\"https:\/\/starsilk.hr\/proizvod\/twinkling-white-svilena-maska-za-spavanje\/#primaryimage\"},\"thumbnailUrl\":\"https:\/\/starsilk.hr\/wp-content\/uploads\/2024\/01\/Twinkling-White-MASKA-ZA-SPAVANJE-745178994057.png\",\"datePublished\":\"2023-03-28T15:41:44+00:00\",\"dateModified\":\"2025-12-10T05:18:52+00:00\",\"description\":\"Svilena maska za spavanje od 100% mulberry svile Twinkling White nje\u017ena je prema tvojoj ko\u017ei oko o\u010diju i pru\u017ea ti miran i nesmetan beauty sleep.\",\"breadcrumb\":{\"@id\":\"https:\/\/starsilk.hr\/proizvod\/twinkling-white-svilena-maska-za-spavanje\/#breadcrumb\"},\"inLanguage\":\"en-GB\",\"potentialAction\":[{\"@type\":\"ReadAction\",\"target\":[\"https:\/\/starsilk.hr\/proizvod\/twinkling-white-svilena-maska-za-spavanje\/\"]}]},{\"@type\":\"ImageObject\",\"inLanguage\":\"en-GB\",\"@id\":\"https:\/\/starsilk.hr\/proizvod\/twinkling-white-svilena-maska-za-spavanje\/#primaryimage\",\"url\":\"https:\/\/starsilk.hr\/wp-content\/uploads\/2024\/01\/Twinkling-White-MASKA-ZA-SPAVANJE-745178994057.png\",\"contentUrl\":\"https:\/\/starsilk.hr\/wp-content\/uploads\/2024\/01\/Twinkling-White-MASKA-ZA-SPAVANJE-745178994057.png\",\"width\":900,\"height\":900},{\"@type\":\"BreadcrumbList\",\"@id\":\"https:\/\/starsilk.hr\/proizvod\/twinkling-white-svilena-maska-za-spavanje\/#breadcrumb\",\"itemListElement\":[{\"@type\":\"ListItem\",\"position\":1,\"name\":\"Po\u010detna stranica\",\"item\":\"https:\/\/starsilk.hr\/\"},{\"@type\":\"ListItem\",\"position\":2,\"name\":\"Products\",\"item\":\"https:\/\/starsilk.hr\/en\/shop\/\"},{\"@type\":\"ListItem\",\"position\":3,\"name\":\"Twinkling White svilena maska za spavanje\"}]},{\"@type\":\"WebSite\",\"@id\":\"https:\/\/starsilk.hr\/en\/#website\",\"url\":\"https:\/\/starsilk.hr\/en\/\",\"name\":\"StarSilk\",\"description\":\"\",\"publisher\":{\"@id\":\"https:\/\/starsilk.hr\/en\/#organization\"},\"potentialAction\":[{\"@type\":\"SearchAction\",\"target\":{\"@type\":\"EntryPoint\",\"urlTemplate\":\"https:\/\/starsilk.hr\/en\/?s={search_term_string}\"},\"query-input\":{\"@type\":\"PropertyValueSpecification\",\"valueRequired\":true,\"valueName\":\"search_term_string\"}}],\"inLanguage\":\"en-GB\"},{\"@type\":\"Organization\",\"@id\":\"https:\/\/starsilk.hr\/en\/#organization\",\"name\":\"StarSilk\",\"url\":\"https:\/\/starsilk.hr\/en\/\",\"logo\":{\"@type\":\"ImageObject\",\"inLanguage\":\"en-GB\",\"@id\":\"https:\/\/starsilk.hr\/en\/#\/schema\/logo\/image\/\",\"url\":\"https:\/\/starsilk.hr\/wp-content\/uploads\/2021\/01\/star_silk_logo-26.png\",\"contentUrl\":\"https:\/\/starsilk.hr\/wp-content\/uploads\/2021\/01\/star_silk_logo-26.png\",\"width\":593,\"height\":542,\"caption\":\"StarSilk\"},\"image\":{\"@id\":\"https:\/\/starsilk.hr\/en\/#\/schema\/logo\/image\/\"},\"sameAs\":[\"https:\/\/www.facebook.com\/starsilk.hr\",\"https:\/\/www.instagram.com\/starsilk_official\/\"]}]}<\/script>\n<!-- \/ Yoast SEO plugin. -->","yoast_head_json":{"title":"Svilena maska za spavanje Twinkling White - StarSilk","description":"Svilena maska za spavanje od 100% mulberry svile Twinkling White nje\u017ena je prema tvojoj ko\u017ei oko o\u010diju i pru\u017ea ti miran i nesmetan beauty sleep.","robots":{"index":"index","follow":"follow","max-snippet":"max-snippet:-1","max-image-preview":"max-image-preview:large","max-video-preview":"max-video-preview:-1"},"canonical":"https:\/\/starsilk.hr\/en\/product\/twinkling-white-svilena-maska-za-spavanje\/","og_locale":"en_GB","og_type":"article","og_title":"Svilena maska za spavanje Twinkling White - StarSilk","og_description":"Svilena maska za spavanje od 100% mulberry svile Twinkling White nje\u017ena je prema tvojoj ko\u017ei oko o\u010diju i pru\u017ea ti miran i nesmetan beauty sleep.","og_url":"https:\/\/starsilk.hr\/en\/product\/twinkling-white-svilena-maska-za-spavanje\/","og_site_name":"StarSilk","article_publisher":"https:\/\/www.facebook.com\/starsilk.hr","article_modified_time":"2025-12-10T05:18:52+00:00","og_image":[{"width":900,"height":900,"url":"https:\/\/starsilk.hr\/wp-content\/uploads\/2024\/01\/Twinkling-White-MASKA-ZA-SPAVANJE-745178994057.png","type":"image\/png"}],"twitter_card":"summary_large_image","twitter_misc":{"Estimated reading time":"1 minute"},"schema":{"@context":"https:\/\/schema.org","@graph":[{"@type":"WebPage","@id":"https:\/\/starsilk.hr\/proizvod\/twinkling-white-svilena-maska-za-spavanje\/","url":"https:\/\/starsilk.hr\/proizvod\/twinkling-white-svilena-maska-za-spavanje\/","name":"Svilena maska za spavanje Twinkling White - StarSilk","isPartOf":{"@id":"https:\/\/starsilk.hr\/en\/#website"},"primaryImageOfPage":{"@id":"https:\/\/starsilk.hr\/proizvod\/twinkling-white-svilena-maska-za-spavanje\/#primaryimage"},"image":{"@id":"https:\/\/starsilk.hr\/proizvod\/twinkling-white-svilena-maska-za-spavanje\/#primaryimage"},"thumbnailUrl":"https:\/\/starsilk.hr\/wp-content\/uploads\/2024\/01\/Twinkling-White-MASKA-ZA-SPAVANJE-745178994057.png","datePublished":"2023-03-28T15:41:44+00:00","dateModified":"2025-12-10T05:18:52+00:00","description":"Svilena maska za spavanje od 100% mulberry svile Twinkling White nje\u017ena je prema tvojoj ko\u017ei oko o\u010diju i pru\u017ea ti miran i nesmetan beauty sleep.","breadcrumb":{"@id":"https:\/\/starsilk.hr\/proizvod\/twinkling-white-svilena-maska-za-spavanje\/#breadcrumb"},"inLanguage":"en-GB","potentialAction":[{"@type":"ReadAction","target":["https:\/\/starsilk.hr\/proizvod\/twinkling-white-svilena-maska-za-spavanje\/"]}]},{"@type":"ImageObject","inLanguage":"en-GB","@id":"https:\/\/starsilk.hr\/proizvod\/twinkling-white-svilena-maska-za-spavanje\/#primaryimage","url":"https:\/\/starsilk.hr\/wp-content\/uploads\/2024\/01\/Twinkling-White-MASKA-ZA-SPAVANJE-745178994057.png","contentUrl":"https:\/\/starsilk.hr\/wp-content\/uploads\/2024\/01\/Twinkling-White-MASKA-ZA-SPAVANJE-745178994057.png","width":900,"height":900},{"@type":"BreadcrumbList","@id":"https:\/\/starsilk.hr\/proizvod\/twinkling-white-svilena-maska-za-spavanje\/#breadcrumb","itemListElement":[{"@type":"ListItem","position":1,"name":"Po\u010detna stranica","item":"https:\/\/starsilk.hr\/"},{"@type":"ListItem","position":2,"name":"Products","item":"https:\/\/starsilk.hr\/en\/shop\/"},{"@type":"ListItem","position":3,"name":"Twinkling White svilena maska za spavanje"}]},{"@type":"WebSite","@id":"https:\/\/starsilk.hr\/en\/#website","url":"https:\/\/starsilk.hr\/en\/","name":"StarSilk","description":"","publisher":{"@id":"https:\/\/starsilk.hr\/en\/#organization"},"potentialAction":[{"@type":"SearchAction","target":{"@type":"EntryPoint","urlTemplate":"https:\/\/starsilk.hr\/en\/?s={search_term_string}"},"query-input":{"@type":"PropertyValueSpecification","valueRequired":true,"valueName":"search_term_string"}}],"inLanguage":"en-GB"},{"@type":"Organization","@id":"https:\/\/starsilk.hr\/en\/#organization","name":"StarSilk","url":"https:\/\/starsilk.hr\/en\/","logo":{"@type":"ImageObject","inLanguage":"en-GB","@id":"https:\/\/starsilk.hr\/en\/#\/schema\/logo\/image\/","url":"https:\/\/starsilk.hr\/wp-content\/uploads\/2021\/01\/star_silk_logo-26.png","contentUrl":"https:\/\/starsilk.hr\/wp-content\/uploads\/2021\/01\/star_silk_logo-26.png","width":593,"height":542,"caption":"StarSilk"},"image":{"@id":"https:\/\/starsilk.hr\/en\/#\/schema\/logo\/image\/"},"sameAs":["https:\/\/www.facebook.com\/starsilk.hr","https:\/\/www.instagram.com\/starsilk_official\/"]}]}},"_links":{"self":[{"href":"https:\/\/starsilk.hr\/en\/wp-json\/wp\/v2\/product\/5929","targetHints":{"allow":["GET"]}}],"collection":[{"href":"https:\/\/starsilk.hr\/en\/wp-json\/wp\/v2\/product"}],"about":[{"href":"https:\/\/starsilk.hr\/en\/wp-json\/wp\/v2\/types\/product"}],"replies":[{"embeddable":true,"href":"https:\/\/starsilk.hr\/en\/wp-json\/wp\/v2\/comments?post=5929"}],"wp:featuredmedia":[{"embeddable":true,"href":"https:\/\/starsilk.hr\/en\/wp-json\/wp\/v2\/media\/8313"}],"wp:attachment":[{"href":"https:\/\/starsilk.hr\/en\/wp-json\/wp\/v2\/media?parent=5929"}],"wp:term":[{"taxonomy":"product_cat","embeddable":true,"href":"https:\/\/starsilk.hr\/en\/wp-json\/wp\/v2\/product_cat?post=5929"},{"taxonomy":"product_tag","embeddable":true,"href":"https:\/\/starsilk.hr\/en\/wp-json\/wp\/v2\/product_tag?post=5929"}],"curies":[{"name":"wp","href":"https:\/\/api.w.org\/{rel}","templated":true}]}}