{"id":3622,"date":"2022-10-25T19:59:01","date_gmt":"2022-10-25T18:59:01","guid":{"rendered":"https:\/\/starsilk.hr\/?post_type=product&#038;p=3622"},"modified":"2025-11-24T21:52:40","modified_gmt":"2025-11-24T20:52:40","slug":"starsilk-poklon-set","status":"publish","type":"product","link":"https:\/\/starsilk.hr\/en\/product\/starsilk-poklon-set\/","title":{"rendered":"StarSilk poklon set \/ vrijednost: 100\u20ac"},"content":{"rendered":"<p>Specifikacije:<\/p>\n<ul>\n<li>100% Mulberry svila \u2013 22 momme, 6A class<\/li>\n<li>Oeko-Tex\u00ae certificiran \u2013 Bez poznatih \u0161tetnih tvari i kemikalija<\/li>\n<li>Uklju\u010duje: 1 x jastu\u010dnica 50\u00d770 cm s preklopom, 1 x maska za spavanje, 1 x midi gumica za kosu<\/li>\n<li>Odr\u017eavanje: ozna\u010deno na proizvodu, ili <a href=\"https:\/\/starsilk.hr\/en\/odrzavanje\/\">or see the link<\/a><\/li>\n<\/ul>\n<p>&nbsp;<\/p>","protected":false},"excerpt":{"rendered":"<p>U\u017eivajte u paketu na\u0161ih proizvoda u jednoj boji po va\u0161oj \u017eelji!<\/p>\n<p>Odli\u010dan kao poklon set za razli\u010dite prigode.<\/p>\n<p>Svilenom gumicom za kosu va\u0161a \u0107e kosa do\u017eivjeti potpuni glamur. Fina, glatka tekstura 100% mulberry svile nje\u017ena je za va\u0161u kosu, stvaraju\u0107i manje trenja i lomljenja kose od klasi\u010dnih gumica.<\/p>\n<p>Svilenom I nje\u017enom maskom za spavanje pogodnom za osjetljivo podru\u010dje oko o\u010diju zaboravit \u0107e te svijet oko sebe i priu\u0161tit si miran san.<\/p>\n<p>Uz jastu\u010dnicu izra\u0111enu od 100% mulberry svile zaboravit \u0107e te na \u2018zale\u017eanu\u2019 kosu. Svila je prirodno hidratizirana, ne upija vlagu te je idealan saveznik va\u0161e no\u0107ne rutine. Nakon nano\u0161enja kreme na lice, svi hranjivi sastojci ostat \u0107e ba\u0161 tamo gdje su najpotrebniji \u2013 na va\u0161oj ko\u017ei i kosi, a ne na jastu\u010dnici.\u00a0 Sprje\u010dava nabore tijekom spavanja pa tako odma\u017ee nastajanju bora, a ujutro \u0107e va\u0161e lice zablistati.<\/p>","protected":false},"featured_media":8211,"comment_status":"open","ping_status":"closed","template":"","meta":{"_acf_changed":false,"site-sidebar-layout":"default","site-content-layout":"default","ast-site-content-layout":"default","site-content-style":"default","site-sidebar-style":"default","ast-global-header-display":"","ast-banner-title-visibility":"","ast-main-header-display":"","ast-hfb-above-header-display":"","ast-hfb-below-header-display":"","ast-hfb-mobile-header-display":"","site-post-title":"","ast-breadcrumbs-content":"","ast-featured-img":"","footer-sml-layout":"","theme-transparent-header-meta":"default","adv-header-id-meta":"","stick-header-meta":"","header-above-stick-meta":"","header-main-stick-meta":"","header-below-stick-meta":"","astra-migrate-meta-layouts":"set","ast-page-background-enabled":"default","ast-page-background-meta":{"desktop":{"background-color":"","background-image":"","background-repeat":"repeat","background-position":"center center","background-size":"auto","background-attachment":"scroll","background-type":"","background-media":"","overlay-type":"","overlay-color":"","overlay-opacity":"","overlay-gradient":""},"tablet":{"background-color":"","background-image":"","background-repeat":"repeat","background-position":"center center","background-size":"auto","background-attachment":"scroll","background-type":"","background-media":"","overlay-type":"","overlay-color":"","overlay-opacity":"","overlay-gradient":""},"mobile":{"background-color":"","background-image":"","background-repeat":"repeat","background-position":"center center","background-size":"auto","background-attachment":"scroll","background-type":"","background-media":"","overlay-type":"","overlay-color":"","overlay-opacity":"","overlay-gradient":""}},"ast-content-background-meta":{"desktop":{"background-color":"var(--ast-global-color-5)","background-image":"","background-repeat":"repeat","background-position":"center center","background-size":"auto","background-attachment":"scroll","background-type":"","background-media":"","overlay-type":"","overlay-color":"","overlay-opacity":"","overlay-gradient":""},"tablet":{"background-color":"var(--ast-global-color-5)","background-image":"","background-repeat":"repeat","background-position":"center center","background-size":"auto","background-attachment":"scroll","background-type":"","background-media":"","overlay-type":"","overlay-color":"","overlay-opacity":"","overlay-gradient":""},"mobile":{"background-color":"var(--ast-global-color-5)","background-image":"","background-repeat":"repeat","background-position":"center center","background-size":"auto","background-attachment":"scroll","background-type":"","background-media":"","overlay-type":"","overlay-color":"","overlay-opacity":"","overlay-gradient":""}}},"product_cat":[48],"product_tag":[],"class_list":{"0":"post-3622","1":"product","2":"type-product","3":"status-publish","4":"has-post-thumbnail","6":"product_cat-promo-setovi","7":"desktop-align-left","8":"tablet-align-left","9":"mobile-align-left","11":"first","12":"outofstock","13":"shipping-taxable","14":"purchasable","15":"product-type-variable"},"acf":[],"yoast_head":"<!-- This site is optimized with the Yoast SEO plugin v23.9 - https:\/\/yoast.com\/wordpress\/plugins\/seo\/ -->\n<title>StarSilk poklon set \/ vrijednost: 100\u20ac - StarSilk<\/title>\n<meta name=\"robots\" content=\"index, follow, max-snippet:-1, max-image-preview:large, max-video-preview:-1\" \/>\n<link rel=\"canonical\" href=\"https:\/\/starsilk.hr\/en\/product\/starsilk-poklon-set\/\" \/>\n<meta property=\"og:locale\" content=\"en_GB\" \/>\n<meta property=\"og:type\" content=\"article\" \/>\n<meta property=\"og:title\" content=\"StarSilk poklon set \/ vrijednost: 100\u20ac - StarSilk\" \/>\n<meta property=\"og:description\" content=\"U\u017eivajte u paketu na\u0161ih proizvoda u jednoj boji po va\u0161oj \u017eelji!  Odli\u010dan kao poklon set za razli\u010dite prigode.  Svilenom gumicom za kosu va\u0161a \u0107e kosa do\u017eivjeti potpuni glamur. Fina, glatka tekstura 100% mulberry svile nje\u017ena je za va\u0161u kosu, stvaraju\u0107i manje trenja i lomljenja kose od klasi\u010dnih gumica.  Svilenom I nje\u017enom maskom za spavanje pogodnom za osjetljivo podru\u010dje oko o\u010diju zaboravit \u0107e te svijet oko sebe i priu\u0161tit si miran san.  Uz jastu\u010dnicu izra\u0111enu od 100% mulberry svile zaboravit \u0107e te na \u2018zale\u017eanu\u2019 kosu. Svila je prirodno hidratizirana, ne upija vlagu te je idealan saveznik va\u0161e no\u0107ne rutine. Nakon nano\u0161enja kreme na lice, svi hranjivi sastojci ostat \u0107e ba\u0161 tamo gdje su najpotrebniji \u2013 na va\u0161oj ko\u017ei i kosi, a ne na jastu\u010dnici.\u00a0 Sprje\u010dava nabore tijekom spavanja pa tako odma\u017ee nastajanju bora, a ujutro \u0107e va\u0161e lice zablistati.\" \/>\n<meta property=\"og:url\" content=\"https:\/\/starsilk.hr\/en\/product\/starsilk-poklon-set\/\" \/>\n<meta property=\"og:site_name\" content=\"StarSilk\" \/>\n<meta property=\"article:publisher\" content=\"https:\/\/www.facebook.com\/starsilk.hr\" \/>\n<meta property=\"article:modified_time\" content=\"2025-11-24T20:52:40+00:00\" \/>\n<meta property=\"og:image\" content=\"https:\/\/starsilk.hr\/wp-content\/uploads\/2024\/01\/Golden-Sunlight_white-scaled.jpg\" \/>\n\t<meta property=\"og:image:width\" content=\"2560\" \/>\n\t<meta property=\"og:image:height\" content=\"2560\" \/>\n\t<meta property=\"og:image:type\" content=\"image\/jpeg\" \/>\n<meta name=\"twitter:card\" content=\"summary_large_image\" \/>\n<meta name=\"twitter:label1\" content=\"Estimated reading time\" \/>\n\t<meta name=\"twitter:data1\" content=\"1 minute\" \/>\n<script type=\"application\/ld+json\" class=\"yoast-schema-graph\">{\"@context\":\"https:\/\/schema.org\",\"@graph\":[{\"@type\":\"WebPage\",\"@id\":\"https:\/\/starsilk.hr\/proizvod\/starsilk-poklon-set\/\",\"url\":\"https:\/\/starsilk.hr\/proizvod\/starsilk-poklon-set\/\",\"name\":\"StarSilk poklon set \/ vrijednost: 100\u20ac - StarSilk\",\"isPartOf\":{\"@id\":\"https:\/\/starsilk.hr\/en\/#website\"},\"primaryImageOfPage\":{\"@id\":\"https:\/\/starsilk.hr\/proizvod\/starsilk-poklon-set\/#primaryimage\"},\"image\":{\"@id\":\"https:\/\/starsilk.hr\/proizvod\/starsilk-poklon-set\/#primaryimage\"},\"thumbnailUrl\":\"https:\/\/starsilk.hr\/wp-content\/uploads\/2024\/01\/Golden-Sunlight_white-scaled.jpg\",\"datePublished\":\"2022-10-25T18:59:01+00:00\",\"dateModified\":\"2025-11-24T20:52:40+00:00\",\"breadcrumb\":{\"@id\":\"https:\/\/starsilk.hr\/proizvod\/starsilk-poklon-set\/#breadcrumb\"},\"inLanguage\":\"en-GB\",\"potentialAction\":[{\"@type\":\"ReadAction\",\"target\":[\"https:\/\/starsilk.hr\/proizvod\/starsilk-poklon-set\/\"]}]},{\"@type\":\"ImageObject\",\"inLanguage\":\"en-GB\",\"@id\":\"https:\/\/starsilk.hr\/proizvod\/starsilk-poklon-set\/#primaryimage\",\"url\":\"https:\/\/starsilk.hr\/wp-content\/uploads\/2024\/01\/Golden-Sunlight_white-scaled.jpg\",\"contentUrl\":\"https:\/\/starsilk.hr\/wp-content\/uploads\/2024\/01\/Golden-Sunlight_white-scaled.jpg\",\"width\":2560,\"height\":2560},{\"@type\":\"BreadcrumbList\",\"@id\":\"https:\/\/starsilk.hr\/proizvod\/starsilk-poklon-set\/#breadcrumb\",\"itemListElement\":[{\"@type\":\"ListItem\",\"position\":1,\"name\":\"Po\u010detna stranica\",\"item\":\"https:\/\/starsilk.hr\/\"},{\"@type\":\"ListItem\",\"position\":2,\"name\":\"Products\",\"item\":\"https:\/\/starsilk.hr\/en\/shop\/\"},{\"@type\":\"ListItem\",\"position\":3,\"name\":\"StarSilk poklon set \/ vrijednost: 100\u20ac\"}]},{\"@type\":\"WebSite\",\"@id\":\"https:\/\/starsilk.hr\/en\/#website\",\"url\":\"https:\/\/starsilk.hr\/en\/\",\"name\":\"StarSilk\",\"description\":\"\",\"publisher\":{\"@id\":\"https:\/\/starsilk.hr\/en\/#organization\"},\"potentialAction\":[{\"@type\":\"SearchAction\",\"target\":{\"@type\":\"EntryPoint\",\"urlTemplate\":\"https:\/\/starsilk.hr\/en\/?s={search_term_string}\"},\"query-input\":{\"@type\":\"PropertyValueSpecification\",\"valueRequired\":true,\"valueName\":\"search_term_string\"}}],\"inLanguage\":\"en-GB\"},{\"@type\":\"Organization\",\"@id\":\"https:\/\/starsilk.hr\/en\/#organization\",\"name\":\"StarSilk\",\"url\":\"https:\/\/starsilk.hr\/en\/\",\"logo\":{\"@type\":\"ImageObject\",\"inLanguage\":\"en-GB\",\"@id\":\"https:\/\/starsilk.hr\/en\/#\/schema\/logo\/image\/\",\"url\":\"https:\/\/starsilk.hr\/wp-content\/uploads\/2021\/01\/star_silk_logo-26.png\",\"contentUrl\":\"https:\/\/starsilk.hr\/wp-content\/uploads\/2021\/01\/star_silk_logo-26.png\",\"width\":593,\"height\":542,\"caption\":\"StarSilk\"},\"image\":{\"@id\":\"https:\/\/starsilk.hr\/en\/#\/schema\/logo\/image\/\"},\"sameAs\":[\"https:\/\/www.facebook.com\/starsilk.hr\",\"https:\/\/www.instagram.com\/starsilk_official\/\"]}]}<\/script>\n<!-- \/ Yoast SEO plugin. -->","yoast_head_json":{"title":"StarSilk poklon set \/ vrijednost: 100\u20ac - StarSilk","robots":{"index":"index","follow":"follow","max-snippet":"max-snippet:-1","max-image-preview":"max-image-preview:large","max-video-preview":"max-video-preview:-1"},"canonical":"https:\/\/starsilk.hr\/en\/product\/starsilk-poklon-set\/","og_locale":"en_GB","og_type":"article","og_title":"StarSilk poklon set \/ vrijednost: 100\u20ac - StarSilk","og_description":"U\u017eivajte u paketu na\u0161ih proizvoda u jednoj boji po va\u0161oj \u017eelji!  Odli\u010dan kao poklon set za razli\u010dite prigode.  Svilenom gumicom za kosu va\u0161a \u0107e kosa do\u017eivjeti potpuni glamur. Fina, glatka tekstura 100% mulberry svile nje\u017ena je za va\u0161u kosu, stvaraju\u0107i manje trenja i lomljenja kose od klasi\u010dnih gumica.  Svilenom I nje\u017enom maskom za spavanje pogodnom za osjetljivo podru\u010dje oko o\u010diju zaboravit \u0107e te svijet oko sebe i priu\u0161tit si miran san.  Uz jastu\u010dnicu izra\u0111enu od 100% mulberry svile zaboravit \u0107e te na \u2018zale\u017eanu\u2019 kosu. Svila je prirodno hidratizirana, ne upija vlagu te je idealan saveznik va\u0161e no\u0107ne rutine. Nakon nano\u0161enja kreme na lice, svi hranjivi sastojci ostat \u0107e ba\u0161 tamo gdje su najpotrebniji \u2013 na va\u0161oj ko\u017ei i kosi, a ne na jastu\u010dnici.\u00a0 Sprje\u010dava nabore tijekom spavanja pa tako odma\u017ee nastajanju bora, a ujutro \u0107e va\u0161e lice zablistati.","og_url":"https:\/\/starsilk.hr\/en\/product\/starsilk-poklon-set\/","og_site_name":"StarSilk","article_publisher":"https:\/\/www.facebook.com\/starsilk.hr","article_modified_time":"2025-11-24T20:52:40+00:00","og_image":[{"width":2560,"height":2560,"url":"https:\/\/starsilk.hr\/wp-content\/uploads\/2024\/01\/Golden-Sunlight_white-scaled.jpg","type":"image\/jpeg"}],"twitter_card":"summary_large_image","twitter_misc":{"Estimated reading time":"1 minute"},"schema":{"@context":"https:\/\/schema.org","@graph":[{"@type":"WebPage","@id":"https:\/\/starsilk.hr\/proizvod\/starsilk-poklon-set\/","url":"https:\/\/starsilk.hr\/proizvod\/starsilk-poklon-set\/","name":"StarSilk poklon set \/ vrijednost: 100\u20ac - StarSilk","isPartOf":{"@id":"https:\/\/starsilk.hr\/en\/#website"},"primaryImageOfPage":{"@id":"https:\/\/starsilk.hr\/proizvod\/starsilk-poklon-set\/#primaryimage"},"image":{"@id":"https:\/\/starsilk.hr\/proizvod\/starsilk-poklon-set\/#primaryimage"},"thumbnailUrl":"https:\/\/starsilk.hr\/wp-content\/uploads\/2024\/01\/Golden-Sunlight_white-scaled.jpg","datePublished":"2022-10-25T18:59:01+00:00","dateModified":"2025-11-24T20:52:40+00:00","breadcrumb":{"@id":"https:\/\/starsilk.hr\/proizvod\/starsilk-poklon-set\/#breadcrumb"},"inLanguage":"en-GB","potentialAction":[{"@type":"ReadAction","target":["https:\/\/starsilk.hr\/proizvod\/starsilk-poklon-set\/"]}]},{"@type":"ImageObject","inLanguage":"en-GB","@id":"https:\/\/starsilk.hr\/proizvod\/starsilk-poklon-set\/#primaryimage","url":"https:\/\/starsilk.hr\/wp-content\/uploads\/2024\/01\/Golden-Sunlight_white-scaled.jpg","contentUrl":"https:\/\/starsilk.hr\/wp-content\/uploads\/2024\/01\/Golden-Sunlight_white-scaled.jpg","width":2560,"height":2560},{"@type":"BreadcrumbList","@id":"https:\/\/starsilk.hr\/proizvod\/starsilk-poklon-set\/#breadcrumb","itemListElement":[{"@type":"ListItem","position":1,"name":"Po\u010detna stranica","item":"https:\/\/starsilk.hr\/"},{"@type":"ListItem","position":2,"name":"Products","item":"https:\/\/starsilk.hr\/en\/shop\/"},{"@type":"ListItem","position":3,"name":"StarSilk poklon set \/ vrijednost: 100\u20ac"}]},{"@type":"WebSite","@id":"https:\/\/starsilk.hr\/en\/#website","url":"https:\/\/starsilk.hr\/en\/","name":"StarSilk","description":"","publisher":{"@id":"https:\/\/starsilk.hr\/en\/#organization"},"potentialAction":[{"@type":"SearchAction","target":{"@type":"EntryPoint","urlTemplate":"https:\/\/starsilk.hr\/en\/?s={search_term_string}"},"query-input":{"@type":"PropertyValueSpecification","valueRequired":true,"valueName":"search_term_string"}}],"inLanguage":"en-GB"},{"@type":"Organization","@id":"https:\/\/starsilk.hr\/en\/#organization","name":"StarSilk","url":"https:\/\/starsilk.hr\/en\/","logo":{"@type":"ImageObject","inLanguage":"en-GB","@id":"https:\/\/starsilk.hr\/en\/#\/schema\/logo\/image\/","url":"https:\/\/starsilk.hr\/wp-content\/uploads\/2021\/01\/star_silk_logo-26.png","contentUrl":"https:\/\/starsilk.hr\/wp-content\/uploads\/2021\/01\/star_silk_logo-26.png","width":593,"height":542,"caption":"StarSilk"},"image":{"@id":"https:\/\/starsilk.hr\/en\/#\/schema\/logo\/image\/"},"sameAs":["https:\/\/www.facebook.com\/starsilk.hr","https:\/\/www.instagram.com\/starsilk_official\/"]}]}},"_links":{"self":[{"href":"https:\/\/starsilk.hr\/en\/wp-json\/wp\/v2\/product\/3622","targetHints":{"allow":["GET"]}}],"collection":[{"href":"https:\/\/starsilk.hr\/en\/wp-json\/wp\/v2\/product"}],"about":[{"href":"https:\/\/starsilk.hr\/en\/wp-json\/wp\/v2\/types\/product"}],"replies":[{"embeddable":true,"href":"https:\/\/starsilk.hr\/en\/wp-json\/wp\/v2\/comments?post=3622"}],"wp:featuredmedia":[{"embeddable":true,"href":"https:\/\/starsilk.hr\/en\/wp-json\/wp\/v2\/media\/8211"}],"wp:attachment":[{"href":"https:\/\/starsilk.hr\/en\/wp-json\/wp\/v2\/media?parent=3622"}],"wp:term":[{"taxonomy":"product_cat","embeddable":true,"href":"https:\/\/starsilk.hr\/en\/wp-json\/wp\/v2\/product_cat?post=3622"},{"taxonomy":"product_tag","embeddable":true,"href":"https:\/\/starsilk.hr\/en\/wp-json\/wp\/v2\/product_tag?post=3622"}],"curies":[{"name":"wp","href":"https:\/\/api.w.org\/{rel}","templated":true}]}}