{"id":3599,"date":"2022-10-25T19:06:54","date_gmt":"2022-10-25T18:06:54","guid":{"rendered":"https:\/\/starsilk.hr\/?post_type=product&#038;p=3599"},"modified":"2026-04-14T06:59:18","modified_gmt":"2026-04-14T05:59:18","slug":"2x-svilena-jastucnica-set-vrijednost-9529e","status":"publish","type":"product","link":"https:\/\/starsilk.hr\/en\/product\/2x-svilena-jastucnica-set-vrijednost-9529e\/","title":{"rendered":"Svilena jastu\u010dnica set \/ vrijednost 110\u20ac"},"content":{"rendered":"<p>\u2022 Specifications<br \/>\n\u2022 100% Mulberry silk - 22 momme, 6A class<br \/>\n\u2022 Uklju\u010duje: 2 x jastu\u010dnica 50&#215;70 cm s preklopom<br \/>\n\u2022 Oeko-Tex\u00ae certified - free of known harmful substances and chemicals.<\/p>\n<p>* Care: specified on the product packaging <a href=\"https:\/\/starsilk.hr\/en\/odrzavanje\/\">or see the link<\/a><\/p>","protected":false},"excerpt":{"rendered":"<p>We love sleepy heads, not sleepy hair. Say goodnight to bed hair with the StarSilk pillowcase made from 100% pure mulberry silk. It feels as lush as it sounds. The soft silk helps lock in natural moisture leaving your hair and skin hydrated, extends the life expectancy of hairstyles and lashes, and prevents wrinkles &amp; sleep creases - no more squish face in the morning. It\u2019s the best thing you can do for your skin and hair.<\/p>","protected":false},"featured_media":7021,"comment_status":"open","ping_status":"closed","template":"","meta":{"_acf_changed":false,"site-sidebar-layout":"default","site-content-layout":"default","ast-site-content-layout":"default","site-content-style":"default","site-sidebar-style":"default","ast-global-header-display":"","ast-banner-title-visibility":"","ast-main-header-display":"","ast-hfb-above-header-display":"","ast-hfb-below-header-display":"","ast-hfb-mobile-header-display":"","site-post-title":"","ast-breadcrumbs-content":"","ast-featured-img":"","footer-sml-layout":"","theme-transparent-header-meta":"default","adv-header-id-meta":"","stick-header-meta":"","header-above-stick-meta":"","header-main-stick-meta":"","header-below-stick-meta":"","astra-migrate-meta-layouts":"set","ast-page-background-enabled":"default","ast-page-background-meta":{"desktop":{"background-color":"","background-image":"","background-repeat":"repeat","background-position":"center center","background-size":"auto","background-attachment":"scroll","background-type":"","background-media":"","overlay-type":"","overlay-color":"","overlay-opacity":"","overlay-gradient":""},"tablet":{"background-color":"","background-image":"","background-repeat":"repeat","background-position":"center center","background-size":"auto","background-attachment":"scroll","background-type":"","background-media":"","overlay-type":"","overlay-color":"","overlay-opacity":"","overlay-gradient":""},"mobile":{"background-color":"","background-image":"","background-repeat":"repeat","background-position":"center center","background-size":"auto","background-attachment":"scroll","background-type":"","background-media":"","overlay-type":"","overlay-color":"","overlay-opacity":"","overlay-gradient":""}},"ast-content-background-meta":{"desktop":{"background-color":"var(--ast-global-color-5)","background-image":"","background-repeat":"repeat","background-position":"center center","background-size":"auto","background-attachment":"scroll","background-type":"","background-media":"","overlay-type":"","overlay-color":"","overlay-opacity":"","overlay-gradient":""},"tablet":{"background-color":"var(--ast-global-color-5)","background-image":"","background-repeat":"repeat","background-position":"center center","background-size":"auto","background-attachment":"scroll","background-type":"","background-media":"","overlay-type":"","overlay-color":"","overlay-opacity":"","overlay-gradient":""},"mobile":{"background-color":"var(--ast-global-color-5)","background-image":"","background-repeat":"repeat","background-position":"center center","background-size":"auto","background-attachment":"scroll","background-type":"","background-media":"","overlay-type":"","overlay-color":"","overlay-opacity":"","overlay-gradient":""}}},"product_cat":[23,48],"product_tag":[],"class_list":{"0":"post-3599","1":"product","2":"type-product","3":"status-publish","4":"has-post-thumbnail","6":"product_cat-jastucnice","7":"product_cat-promo-setovi","8":"desktop-align-left","9":"tablet-align-left","10":"mobile-align-left","12":"first","13":"instock","14":"shipping-taxable","15":"purchasable","16":"product-type-variable"},"acf":[],"yoast_head":"<!-- This site is optimized with the Yoast SEO plugin v23.9 - https:\/\/yoast.com\/wordpress\/plugins\/seo\/ -->\n<title>Svilena jastu\u010dnica set \/ vrijednost 110\u20ac - StarSilk<\/title>\n<meta name=\"robots\" content=\"index, follow, max-snippet:-1, max-image-preview:large, max-video-preview:-1\" \/>\n<link rel=\"canonical\" href=\"https:\/\/starsilk.hr\/en\/product\/2x-svilena-jastucnica-set-vrijednost-9529e\/\" \/>\n<meta property=\"og:locale\" content=\"en_GB\" \/>\n<meta property=\"og:type\" content=\"article\" \/>\n<meta property=\"og:title\" content=\"Svilena jastu\u010dnica set \/ vrijednost 110\u20ac - StarSilk\" \/>\n<meta property=\"og:description\" content=\"Pozdravi \u2018zale\u017eanu\u2019 kosu uz jastu\u010dnicu StarSilk izra\u0111enu od 100 % mulberry svile. Svila je prirodno hidratizirana, ne upija vlagu te je idealan saveznik va\u0161e no\u0107ne rutine. Nakon nano\u0161enja kreme na lice, svi hranjivi sastojci ostat \u0107e ba\u0161 tamo gdje su najpotrebniji - na va\u0161oj ko\u017ei i kosi, a ne na jastu\u010dnici. \u00a0Sprje\u010dava nabore tijekom spavanja pa tako odma\u017ee nastajanju bora, a ujutro \u0107e va\u0161e lice zablistati.\" \/>\n<meta property=\"og:url\" content=\"https:\/\/starsilk.hr\/en\/product\/2x-svilena-jastucnica-set-vrijednost-9529e\/\" \/>\n<meta property=\"og:site_name\" content=\"StarSilk\" \/>\n<meta property=\"article:publisher\" content=\"https:\/\/www.facebook.com\/starsilk.hr\" \/>\n<meta property=\"article:modified_time\" content=\"2026-04-14T05:59:18+00:00\" \/>\n<meta property=\"og:image\" content=\"https:\/\/starsilk.hr\/wp-content\/uploads\/2022\/10\/PILLOWCASE-TWINKLING-WHITE.png\" \/>\n\t<meta property=\"og:image:width\" content=\"1875\" \/>\n\t<meta property=\"og:image:height\" content=\"1875\" \/>\n\t<meta property=\"og:image:type\" content=\"image\/png\" \/>\n<meta name=\"twitter:card\" content=\"summary_large_image\" \/>\n<meta name=\"twitter:label1\" content=\"Estimated reading time\" \/>\n\t<meta name=\"twitter:data1\" content=\"1 minute\" \/>\n<script type=\"application\/ld+json\" class=\"yoast-schema-graph\">{\"@context\":\"https:\/\/schema.org\",\"@graph\":[{\"@type\":\"WebPage\",\"@id\":\"https:\/\/starsilk.hr\/proizvod\/2x-svilena-jastucnica-set-vrijednost-9529e\/\",\"url\":\"https:\/\/starsilk.hr\/proizvod\/2x-svilena-jastucnica-set-vrijednost-9529e\/\",\"name\":\"Svilena jastu\u010dnica set \/ vrijednost 110\u20ac - StarSilk\",\"isPartOf\":{\"@id\":\"https:\/\/starsilk.hr\/en\/#website\"},\"primaryImageOfPage\":{\"@id\":\"https:\/\/starsilk.hr\/proizvod\/2x-svilena-jastucnica-set-vrijednost-9529e\/#primaryimage\"},\"image\":{\"@id\":\"https:\/\/starsilk.hr\/proizvod\/2x-svilena-jastucnica-set-vrijednost-9529e\/#primaryimage\"},\"thumbnailUrl\":\"https:\/\/starsilk.hr\/wp-content\/uploads\/2022\/10\/PILLOWCASE-TWINKLING-WHITE.png\",\"datePublished\":\"2022-10-25T18:06:54+00:00\",\"dateModified\":\"2026-04-14T05:59:18+00:00\",\"breadcrumb\":{\"@id\":\"https:\/\/starsilk.hr\/proizvod\/2x-svilena-jastucnica-set-vrijednost-9529e\/#breadcrumb\"},\"inLanguage\":\"en-GB\",\"potentialAction\":[{\"@type\":\"ReadAction\",\"target\":[\"https:\/\/starsilk.hr\/proizvod\/2x-svilena-jastucnica-set-vrijednost-9529e\/\"]}]},{\"@type\":\"ImageObject\",\"inLanguage\":\"en-GB\",\"@id\":\"https:\/\/starsilk.hr\/proizvod\/2x-svilena-jastucnica-set-vrijednost-9529e\/#primaryimage\",\"url\":\"https:\/\/starsilk.hr\/wp-content\/uploads\/2022\/10\/PILLOWCASE-TWINKLING-WHITE.png\",\"contentUrl\":\"https:\/\/starsilk.hr\/wp-content\/uploads\/2022\/10\/PILLOWCASE-TWINKLING-WHITE.png\",\"width\":1875,\"height\":1875},{\"@type\":\"BreadcrumbList\",\"@id\":\"https:\/\/starsilk.hr\/proizvod\/2x-svilena-jastucnica-set-vrijednost-9529e\/#breadcrumb\",\"itemListElement\":[{\"@type\":\"ListItem\",\"position\":1,\"name\":\"Po\u010detna stranica\",\"item\":\"https:\/\/starsilk.hr\/\"},{\"@type\":\"ListItem\",\"position\":2,\"name\":\"Products\",\"item\":\"https:\/\/starsilk.hr\/en\/shop\/\"},{\"@type\":\"ListItem\",\"position\":3,\"name\":\"Svilena jastu\u010dnica set \/ vrijednost 110\u20ac\"}]},{\"@type\":\"WebSite\",\"@id\":\"https:\/\/starsilk.hr\/en\/#website\",\"url\":\"https:\/\/starsilk.hr\/en\/\",\"name\":\"StarSilk\",\"description\":\"\",\"publisher\":{\"@id\":\"https:\/\/starsilk.hr\/en\/#organization\"},\"potentialAction\":[{\"@type\":\"SearchAction\",\"target\":{\"@type\":\"EntryPoint\",\"urlTemplate\":\"https:\/\/starsilk.hr\/en\/?s={search_term_string}\"},\"query-input\":{\"@type\":\"PropertyValueSpecification\",\"valueRequired\":true,\"valueName\":\"search_term_string\"}}],\"inLanguage\":\"en-GB\"},{\"@type\":\"Organization\",\"@id\":\"https:\/\/starsilk.hr\/en\/#organization\",\"name\":\"StarSilk\",\"url\":\"https:\/\/starsilk.hr\/en\/\",\"logo\":{\"@type\":\"ImageObject\",\"inLanguage\":\"en-GB\",\"@id\":\"https:\/\/starsilk.hr\/en\/#\/schema\/logo\/image\/\",\"url\":\"https:\/\/starsilk.hr\/wp-content\/uploads\/2021\/01\/star_silk_logo-26.png\",\"contentUrl\":\"https:\/\/starsilk.hr\/wp-content\/uploads\/2021\/01\/star_silk_logo-26.png\",\"width\":593,\"height\":542,\"caption\":\"StarSilk\"},\"image\":{\"@id\":\"https:\/\/starsilk.hr\/en\/#\/schema\/logo\/image\/\"},\"sameAs\":[\"https:\/\/www.facebook.com\/starsilk.hr\",\"https:\/\/www.instagram.com\/starsilk_official\/\"]}]}<\/script>\n<!-- \/ Yoast SEO plugin. -->","yoast_head_json":{"title":"Svilena jastu\u010dnica set \/ vrijednost 110\u20ac - StarSilk","robots":{"index":"index","follow":"follow","max-snippet":"max-snippet:-1","max-image-preview":"max-image-preview:large","max-video-preview":"max-video-preview:-1"},"canonical":"https:\/\/starsilk.hr\/en\/product\/2x-svilena-jastucnica-set-vrijednost-9529e\/","og_locale":"en_GB","og_type":"article","og_title":"Svilena jastu\u010dnica set \/ vrijednost 110\u20ac - StarSilk","og_description":"Pozdravi \u2018zale\u017eanu\u2019 kosu uz jastu\u010dnicu StarSilk izra\u0111enu od 100 % mulberry svile. Svila je prirodno hidratizirana, ne upija vlagu te je idealan saveznik va\u0161e no\u0107ne rutine. Nakon nano\u0161enja kreme na lice, svi hranjivi sastojci ostat \u0107e ba\u0161 tamo gdje su najpotrebniji - na va\u0161oj ko\u017ei i kosi, a ne na jastu\u010dnici. \u00a0Sprje\u010dava nabore tijekom spavanja pa tako odma\u017ee nastajanju bora, a ujutro \u0107e va\u0161e lice zablistati.","og_url":"https:\/\/starsilk.hr\/en\/product\/2x-svilena-jastucnica-set-vrijednost-9529e\/","og_site_name":"StarSilk","article_publisher":"https:\/\/www.facebook.com\/starsilk.hr","article_modified_time":"2026-04-14T05:59:18+00:00","og_image":[{"width":1875,"height":1875,"url":"https:\/\/starsilk.hr\/wp-content\/uploads\/2022\/10\/PILLOWCASE-TWINKLING-WHITE.png","type":"image\/png"}],"twitter_card":"summary_large_image","twitter_misc":{"Estimated reading time":"1 minute"},"schema":{"@context":"https:\/\/schema.org","@graph":[{"@type":"WebPage","@id":"https:\/\/starsilk.hr\/proizvod\/2x-svilena-jastucnica-set-vrijednost-9529e\/","url":"https:\/\/starsilk.hr\/proizvod\/2x-svilena-jastucnica-set-vrijednost-9529e\/","name":"Svilena jastu\u010dnica set \/ vrijednost 110\u20ac - StarSilk","isPartOf":{"@id":"https:\/\/starsilk.hr\/en\/#website"},"primaryImageOfPage":{"@id":"https:\/\/starsilk.hr\/proizvod\/2x-svilena-jastucnica-set-vrijednost-9529e\/#primaryimage"},"image":{"@id":"https:\/\/starsilk.hr\/proizvod\/2x-svilena-jastucnica-set-vrijednost-9529e\/#primaryimage"},"thumbnailUrl":"https:\/\/starsilk.hr\/wp-content\/uploads\/2022\/10\/PILLOWCASE-TWINKLING-WHITE.png","datePublished":"2022-10-25T18:06:54+00:00","dateModified":"2026-04-14T05:59:18+00:00","breadcrumb":{"@id":"https:\/\/starsilk.hr\/proizvod\/2x-svilena-jastucnica-set-vrijednost-9529e\/#breadcrumb"},"inLanguage":"en-GB","potentialAction":[{"@type":"ReadAction","target":["https:\/\/starsilk.hr\/proizvod\/2x-svilena-jastucnica-set-vrijednost-9529e\/"]}]},{"@type":"ImageObject","inLanguage":"en-GB","@id":"https:\/\/starsilk.hr\/proizvod\/2x-svilena-jastucnica-set-vrijednost-9529e\/#primaryimage","url":"https:\/\/starsilk.hr\/wp-content\/uploads\/2022\/10\/PILLOWCASE-TWINKLING-WHITE.png","contentUrl":"https:\/\/starsilk.hr\/wp-content\/uploads\/2022\/10\/PILLOWCASE-TWINKLING-WHITE.png","width":1875,"height":1875},{"@type":"BreadcrumbList","@id":"https:\/\/starsilk.hr\/proizvod\/2x-svilena-jastucnica-set-vrijednost-9529e\/#breadcrumb","itemListElement":[{"@type":"ListItem","position":1,"name":"Po\u010detna stranica","item":"https:\/\/starsilk.hr\/"},{"@type":"ListItem","position":2,"name":"Products","item":"https:\/\/starsilk.hr\/en\/shop\/"},{"@type":"ListItem","position":3,"name":"Svilena jastu\u010dnica set \/ vrijednost 110\u20ac"}]},{"@type":"WebSite","@id":"https:\/\/starsilk.hr\/en\/#website","url":"https:\/\/starsilk.hr\/en\/","name":"StarSilk","description":"","publisher":{"@id":"https:\/\/starsilk.hr\/en\/#organization"},"potentialAction":[{"@type":"SearchAction","target":{"@type":"EntryPoint","urlTemplate":"https:\/\/starsilk.hr\/en\/?s={search_term_string}"},"query-input":{"@type":"PropertyValueSpecification","valueRequired":true,"valueName":"search_term_string"}}],"inLanguage":"en-GB"},{"@type":"Organization","@id":"https:\/\/starsilk.hr\/en\/#organization","name":"StarSilk","url":"https:\/\/starsilk.hr\/en\/","logo":{"@type":"ImageObject","inLanguage":"en-GB","@id":"https:\/\/starsilk.hr\/en\/#\/schema\/logo\/image\/","url":"https:\/\/starsilk.hr\/wp-content\/uploads\/2021\/01\/star_silk_logo-26.png","contentUrl":"https:\/\/starsilk.hr\/wp-content\/uploads\/2021\/01\/star_silk_logo-26.png","width":593,"height":542,"caption":"StarSilk"},"image":{"@id":"https:\/\/starsilk.hr\/en\/#\/schema\/logo\/image\/"},"sameAs":["https:\/\/www.facebook.com\/starsilk.hr","https:\/\/www.instagram.com\/starsilk_official\/"]}]}},"_links":{"self":[{"href":"https:\/\/starsilk.hr\/en\/wp-json\/wp\/v2\/product\/3599","targetHints":{"allow":["GET"]}}],"collection":[{"href":"https:\/\/starsilk.hr\/en\/wp-json\/wp\/v2\/product"}],"about":[{"href":"https:\/\/starsilk.hr\/en\/wp-json\/wp\/v2\/types\/product"}],"replies":[{"embeddable":true,"href":"https:\/\/starsilk.hr\/en\/wp-json\/wp\/v2\/comments?post=3599"}],"wp:featuredmedia":[{"embeddable":true,"href":"https:\/\/starsilk.hr\/en\/wp-json\/wp\/v2\/media\/7021"}],"wp:attachment":[{"href":"https:\/\/starsilk.hr\/en\/wp-json\/wp\/v2\/media?parent=3599"}],"wp:term":[{"taxonomy":"product_cat","embeddable":true,"href":"https:\/\/starsilk.hr\/en\/wp-json\/wp\/v2\/product_cat?post=3599"},{"taxonomy":"product_tag","embeddable":true,"href":"https:\/\/starsilk.hr\/en\/wp-json\/wp\/v2\/product_tag?post=3599"}],"curies":[{"name":"wp","href":"https:\/\/api.w.org\/{rel}","templated":true}]}}