{"id":350,"date":"2021-01-27T13:13:46","date_gmt":"2021-01-27T12:13:46","guid":{"rendered":"https:\/\/starsilk.hr\/?post_type=product&#038;p=350"},"modified":"2025-09-05T19:39:51","modified_gmt":"2025-09-05T18:39:51","slug":"svilena-maska-heavenly-pink","status":"publish","type":"product","link":"https:\/\/starsilk.hr\/en\/product\/svilena-maska-heavenly-pink\/","title":{"rendered":"Svilena maska za lice \/ Heavenly Pink"},"content":{"rendered":"<p class=\" translation-block\">Specifications: <br>\n\u2022 Two-layer silk, 100% Mulberry silk - 22 momme, 6A class <br>\n\u2022 Filter pocket (* filter not included in the package) <br>\n\u2022 Adjustable elastic rubber <br>\n\u2022 Oeko-Tex\u00ae certified - Free of known harmful substances and chemicals.<\/p>\n<p>* Care: specified on the product packaging <a href=\"https:\/\/starsilk.hr\/en\/odrzavanje\/\">or see the link<\/a><\/p>","protected":false},"excerpt":{"rendered":"<p>Gentle on your face and kind to your skin. A breathable and lightweight face mask made from two layers of pure Mulberry silk that is naturally hypoallergenic and repels dust while providing protection against bacteria. Silk\u2019s hydrating properties help keep your skin moist, reduce chafing and rashes that may be caused by cloth masks.<\/p>\n<p>For extra protection, insert the medical filter into the built-in pocket.<\/p>","protected":false},"featured_media":2078,"comment_status":"open","ping_status":"closed","template":"","meta":{"_acf_changed":false,"site-sidebar-layout":"default","site-content-layout":"default","ast-site-content-layout":"default","site-content-style":"default","site-sidebar-style":"default","ast-global-header-display":"","ast-banner-title-visibility":"","ast-main-header-display":"","ast-hfb-above-header-display":"","ast-hfb-below-header-display":"","ast-hfb-mobile-header-display":"","site-post-title":"","ast-breadcrumbs-content":"","ast-featured-img":"","footer-sml-layout":"","theme-transparent-header-meta":"default","adv-header-id-meta":"","stick-header-meta":"","header-above-stick-meta":"","header-main-stick-meta":"","header-below-stick-meta":"","astra-migrate-meta-layouts":"set","ast-page-background-enabled":"default","ast-page-background-meta":{"desktop":{"background-color":"","background-image":"","background-repeat":"repeat","background-position":"center center","background-size":"auto","background-attachment":"scroll","background-type":"","background-media":"","overlay-type":"","overlay-color":"","overlay-opacity":"","overlay-gradient":""},"tablet":{"background-color":"","background-image":"","background-repeat":"repeat","background-position":"center center","background-size":"auto","background-attachment":"scroll","background-type":"","background-media":"","overlay-type":"","overlay-color":"","overlay-opacity":"","overlay-gradient":""},"mobile":{"background-color":"","background-image":"","background-repeat":"repeat","background-position":"center center","background-size":"auto","background-attachment":"scroll","background-type":"","background-media":"","overlay-type":"","overlay-color":"","overlay-opacity":"","overlay-gradient":""}},"ast-content-background-meta":{"desktop":{"background-color":"var(--ast-global-color-5)","background-image":"","background-repeat":"repeat","background-position":"center center","background-size":"auto","background-attachment":"scroll","background-type":"","background-media":"","overlay-type":"","overlay-color":"","overlay-opacity":"","overlay-gradient":""},"tablet":{"background-color":"var(--ast-global-color-5)","background-image":"","background-repeat":"repeat","background-position":"center center","background-size":"auto","background-attachment":"scroll","background-type":"","background-media":"","overlay-type":"","overlay-color":"","overlay-opacity":"","overlay-gradient":""},"mobile":{"background-color":"var(--ast-global-color-5)","background-image":"","background-repeat":"repeat","background-position":"center center","background-size":"auto","background-attachment":"scroll","background-type":"","background-media":"","overlay-type":"","overlay-color":"","overlay-opacity":"","overlay-gradient":""}}},"product_cat":[26,130],"product_tag":[],"class_list":{"0":"post-350","1":"product","2":"type-product","3":"status-publish","4":"has-post-thumbnail","6":"product_cat-maske-za-lice","7":"product_cat-starsilk-outlet","8":"pif-has-gallery","9":"desktop-align-left","10":"tablet-align-left","11":"mobile-align-left","13":"first","14":"instock","15":"shipping-taxable","16":"purchasable","17":"product-type-simple"},"acf":[],"yoast_head":"<!-- This site is optimized with the Yoast SEO plugin v23.9 - https:\/\/yoast.com\/wordpress\/plugins\/seo\/ -->\n<title>Svilena maska za lice - Heavenly Pink - StarSilk<\/title>\n<meta name=\"description\" content=\"Ljubi\u010dasta svilena maska za lice Purple Dawn izra\u0111ena od !00% mulberry svile koja je prirodno hipoalergena i odbija pra\u0161inu, a istovremeno \u0161titi.\" \/>\n<meta name=\"robots\" content=\"index, follow, max-snippet:-1, max-image-preview:large, max-video-preview:-1\" \/>\n<link rel=\"canonical\" href=\"https:\/\/starsilk.hr\/en\/product\/svilena-maska-heavenly-pink\/\" \/>\n<meta property=\"og:locale\" content=\"en_GB\" \/>\n<meta property=\"og:type\" content=\"article\" \/>\n<meta property=\"og:title\" content=\"Svilena maska za lice - Heavenly Pink - StarSilk\" \/>\n<meta property=\"og:description\" content=\"Ljubi\u010dasta svilena maska za lice Purple Dawn izra\u0111ena od !00% mulberry svile koja je prirodno hipoalergena i odbija pra\u0161inu, a istovremeno \u0161titi.\" \/>\n<meta property=\"og:url\" content=\"https:\/\/starsilk.hr\/en\/product\/svilena-maska-heavenly-pink\/\" \/>\n<meta property=\"og:site_name\" content=\"StarSilk\" \/>\n<meta property=\"article:publisher\" content=\"https:\/\/www.facebook.com\/starsilk.hr\" \/>\n<meta property=\"article:modified_time\" content=\"2025-09-05T18:39:51+00:00\" \/>\n<meta property=\"og:image\" content=\"https:\/\/starsilk.hr\/wp-content\/uploads\/2021\/01\/FACE_MASK_4k_0000_purple_pink-scaled.jpg\" \/>\n\t<meta property=\"og:image:width\" content=\"2048\" \/>\n\t<meta property=\"og:image:height\" content=\"1152\" \/>\n\t<meta property=\"og:image:type\" content=\"image\/jpeg\" \/>\n<meta name=\"twitter:card\" content=\"summary_large_image\" \/>\n<meta name=\"twitter:label1\" content=\"Estimated reading time\" \/>\n\t<meta name=\"twitter:data1\" content=\"1 minute\" \/>\n<script type=\"application\/ld+json\" class=\"yoast-schema-graph\">{\"@context\":\"https:\/\/schema.org\",\"@graph\":[{\"@type\":\"WebPage\",\"@id\":\"https:\/\/starsilk.hr\/proizvod\/svilena-maska-heavenly-pink\/\",\"url\":\"https:\/\/starsilk.hr\/proizvod\/svilena-maska-heavenly-pink\/\",\"name\":\"Svilena maska za lice - Heavenly Pink - StarSilk\",\"isPartOf\":{\"@id\":\"https:\/\/starsilk.hr\/en\/#website\"},\"primaryImageOfPage\":{\"@id\":\"https:\/\/starsilk.hr\/proizvod\/svilena-maska-heavenly-pink\/#primaryimage\"},\"image\":{\"@id\":\"https:\/\/starsilk.hr\/proizvod\/svilena-maska-heavenly-pink\/#primaryimage\"},\"thumbnailUrl\":\"https:\/\/starsilk.hr\/wp-content\/uploads\/2021\/01\/FACE_MASK_4k_0000_purple_pink-scaled.jpg\",\"datePublished\":\"2021-01-27T12:13:46+00:00\",\"dateModified\":\"2025-09-05T18:39:51+00:00\",\"description\":\"Ljubi\u010dasta svilena maska za lice Purple Dawn izra\u0111ena od !00% mulberry svile koja je prirodno hipoalergena i odbija pra\u0161inu, a istovremeno \u0161titi.\",\"breadcrumb\":{\"@id\":\"https:\/\/starsilk.hr\/proizvod\/svilena-maska-heavenly-pink\/#breadcrumb\"},\"inLanguage\":\"en-GB\",\"potentialAction\":[{\"@type\":\"ReadAction\",\"target\":[\"https:\/\/starsilk.hr\/proizvod\/svilena-maska-heavenly-pink\/\"]}]},{\"@type\":\"ImageObject\",\"inLanguage\":\"en-GB\",\"@id\":\"https:\/\/starsilk.hr\/proizvod\/svilena-maska-heavenly-pink\/#primaryimage\",\"url\":\"https:\/\/starsilk.hr\/wp-content\/uploads\/2021\/01\/FACE_MASK_4k_0000_purple_pink-scaled.jpg\",\"contentUrl\":\"https:\/\/starsilk.hr\/wp-content\/uploads\/2021\/01\/FACE_MASK_4k_0000_purple_pink-scaled.jpg\",\"width\":2048,\"height\":1152},{\"@type\":\"BreadcrumbList\",\"@id\":\"https:\/\/starsilk.hr\/proizvod\/svilena-maska-heavenly-pink\/#breadcrumb\",\"itemListElement\":[{\"@type\":\"ListItem\",\"position\":1,\"name\":\"Po\u010detna stranica\",\"item\":\"https:\/\/starsilk.hr\/\"},{\"@type\":\"ListItem\",\"position\":2,\"name\":\"Products\",\"item\":\"https:\/\/starsilk.hr\/en\/shop\/\"},{\"@type\":\"ListItem\",\"position\":3,\"name\":\"Svilena maska za lice \/ Heavenly Pink\"}]},{\"@type\":\"WebSite\",\"@id\":\"https:\/\/starsilk.hr\/en\/#website\",\"url\":\"https:\/\/starsilk.hr\/en\/\",\"name\":\"StarSilk\",\"description\":\"\",\"publisher\":{\"@id\":\"https:\/\/starsilk.hr\/en\/#organization\"},\"potentialAction\":[{\"@type\":\"SearchAction\",\"target\":{\"@type\":\"EntryPoint\",\"urlTemplate\":\"https:\/\/starsilk.hr\/en\/?s={search_term_string}\"},\"query-input\":{\"@type\":\"PropertyValueSpecification\",\"valueRequired\":true,\"valueName\":\"search_term_string\"}}],\"inLanguage\":\"en-GB\"},{\"@type\":\"Organization\",\"@id\":\"https:\/\/starsilk.hr\/en\/#organization\",\"name\":\"StarSilk\",\"url\":\"https:\/\/starsilk.hr\/en\/\",\"logo\":{\"@type\":\"ImageObject\",\"inLanguage\":\"en-GB\",\"@id\":\"https:\/\/starsilk.hr\/en\/#\/schema\/logo\/image\/\",\"url\":\"https:\/\/starsilk.hr\/wp-content\/uploads\/2021\/01\/star_silk_logo-26.png\",\"contentUrl\":\"https:\/\/starsilk.hr\/wp-content\/uploads\/2021\/01\/star_silk_logo-26.png\",\"width\":593,\"height\":542,\"caption\":\"StarSilk\"},\"image\":{\"@id\":\"https:\/\/starsilk.hr\/en\/#\/schema\/logo\/image\/\"},\"sameAs\":[\"https:\/\/www.facebook.com\/starsilk.hr\",\"https:\/\/www.instagram.com\/starsilk_official\/\"]}]}<\/script>\n<!-- \/ Yoast SEO plugin. -->","yoast_head_json":{"title":"Svilena maska za lice - Heavenly Pink - StarSilk","description":"Ljubi\u010dasta svilena maska za lice Purple Dawn izra\u0111ena od !00% mulberry svile koja je prirodno hipoalergena i odbija pra\u0161inu, a istovremeno \u0161titi.","robots":{"index":"index","follow":"follow","max-snippet":"max-snippet:-1","max-image-preview":"max-image-preview:large","max-video-preview":"max-video-preview:-1"},"canonical":"https:\/\/starsilk.hr\/en\/product\/svilena-maska-heavenly-pink\/","og_locale":"en_GB","og_type":"article","og_title":"Svilena maska za lice - Heavenly Pink - StarSilk","og_description":"Ljubi\u010dasta svilena maska za lice Purple Dawn izra\u0111ena od !00% mulberry svile koja je prirodno hipoalergena i odbija pra\u0161inu, a istovremeno \u0161titi.","og_url":"https:\/\/starsilk.hr\/en\/product\/svilena-maska-heavenly-pink\/","og_site_name":"StarSilk","article_publisher":"https:\/\/www.facebook.com\/starsilk.hr","article_modified_time":"2025-09-05T18:39:51+00:00","og_image":[{"width":2048,"height":1152,"url":"https:\/\/starsilk.hr\/wp-content\/uploads\/2021\/01\/FACE_MASK_4k_0000_purple_pink-scaled.jpg","type":"image\/jpeg"}],"twitter_card":"summary_large_image","twitter_misc":{"Estimated reading time":"1 minute"},"schema":{"@context":"https:\/\/schema.org","@graph":[{"@type":"WebPage","@id":"https:\/\/starsilk.hr\/proizvod\/svilena-maska-heavenly-pink\/","url":"https:\/\/starsilk.hr\/proizvod\/svilena-maska-heavenly-pink\/","name":"Svilena maska za lice - Heavenly Pink - StarSilk","isPartOf":{"@id":"https:\/\/starsilk.hr\/en\/#website"},"primaryImageOfPage":{"@id":"https:\/\/starsilk.hr\/proizvod\/svilena-maska-heavenly-pink\/#primaryimage"},"image":{"@id":"https:\/\/starsilk.hr\/proizvod\/svilena-maska-heavenly-pink\/#primaryimage"},"thumbnailUrl":"https:\/\/starsilk.hr\/wp-content\/uploads\/2021\/01\/FACE_MASK_4k_0000_purple_pink-scaled.jpg","datePublished":"2021-01-27T12:13:46+00:00","dateModified":"2025-09-05T18:39:51+00:00","description":"Ljubi\u010dasta svilena maska za lice Purple Dawn izra\u0111ena od !00% mulberry svile koja je prirodno hipoalergena i odbija pra\u0161inu, a istovremeno \u0161titi.","breadcrumb":{"@id":"https:\/\/starsilk.hr\/proizvod\/svilena-maska-heavenly-pink\/#breadcrumb"},"inLanguage":"en-GB","potentialAction":[{"@type":"ReadAction","target":["https:\/\/starsilk.hr\/proizvod\/svilena-maska-heavenly-pink\/"]}]},{"@type":"ImageObject","inLanguage":"en-GB","@id":"https:\/\/starsilk.hr\/proizvod\/svilena-maska-heavenly-pink\/#primaryimage","url":"https:\/\/starsilk.hr\/wp-content\/uploads\/2021\/01\/FACE_MASK_4k_0000_purple_pink-scaled.jpg","contentUrl":"https:\/\/starsilk.hr\/wp-content\/uploads\/2021\/01\/FACE_MASK_4k_0000_purple_pink-scaled.jpg","width":2048,"height":1152},{"@type":"BreadcrumbList","@id":"https:\/\/starsilk.hr\/proizvod\/svilena-maska-heavenly-pink\/#breadcrumb","itemListElement":[{"@type":"ListItem","position":1,"name":"Po\u010detna stranica","item":"https:\/\/starsilk.hr\/"},{"@type":"ListItem","position":2,"name":"Products","item":"https:\/\/starsilk.hr\/en\/shop\/"},{"@type":"ListItem","position":3,"name":"Svilena maska za lice \/ Heavenly Pink"}]},{"@type":"WebSite","@id":"https:\/\/starsilk.hr\/en\/#website","url":"https:\/\/starsilk.hr\/en\/","name":"StarSilk","description":"","publisher":{"@id":"https:\/\/starsilk.hr\/en\/#organization"},"potentialAction":[{"@type":"SearchAction","target":{"@type":"EntryPoint","urlTemplate":"https:\/\/starsilk.hr\/en\/?s={search_term_string}"},"query-input":{"@type":"PropertyValueSpecification","valueRequired":true,"valueName":"search_term_string"}}],"inLanguage":"en-GB"},{"@type":"Organization","@id":"https:\/\/starsilk.hr\/en\/#organization","name":"StarSilk","url":"https:\/\/starsilk.hr\/en\/","logo":{"@type":"ImageObject","inLanguage":"en-GB","@id":"https:\/\/starsilk.hr\/en\/#\/schema\/logo\/image\/","url":"https:\/\/starsilk.hr\/wp-content\/uploads\/2021\/01\/star_silk_logo-26.png","contentUrl":"https:\/\/starsilk.hr\/wp-content\/uploads\/2021\/01\/star_silk_logo-26.png","width":593,"height":542,"caption":"StarSilk"},"image":{"@id":"https:\/\/starsilk.hr\/en\/#\/schema\/logo\/image\/"},"sameAs":["https:\/\/www.facebook.com\/starsilk.hr","https:\/\/www.instagram.com\/starsilk_official\/"]}]}},"_links":{"self":[{"href":"https:\/\/starsilk.hr\/en\/wp-json\/wp\/v2\/product\/350","targetHints":{"allow":["GET"]}}],"collection":[{"href":"https:\/\/starsilk.hr\/en\/wp-json\/wp\/v2\/product"}],"about":[{"href":"https:\/\/starsilk.hr\/en\/wp-json\/wp\/v2\/types\/product"}],"replies":[{"embeddable":true,"href":"https:\/\/starsilk.hr\/en\/wp-json\/wp\/v2\/comments?post=350"}],"wp:featuredmedia":[{"embeddable":true,"href":"https:\/\/starsilk.hr\/en\/wp-json\/wp\/v2\/media\/2078"}],"wp:attachment":[{"href":"https:\/\/starsilk.hr\/en\/wp-json\/wp\/v2\/media?parent=350"}],"wp:term":[{"taxonomy":"product_cat","embeddable":true,"href":"https:\/\/starsilk.hr\/en\/wp-json\/wp\/v2\/product_cat?post=350"},{"taxonomy":"product_tag","embeddable":true,"href":"https:\/\/starsilk.hr\/en\/wp-json\/wp\/v2\/product_tag?post=350"}],"curies":[{"name":"wp","href":"https:\/\/api.w.org\/{rel}","templated":true}]}}