{"id":347,"date":"2021-01-26T11:43:40","date_gmt":"2021-01-26T10:43:40","guid":{"rendered":"https:\/\/starsilk.hr\/?post_type=product&#038;p=347"},"modified":"2024-11-21T11:26:59","modified_gmt":"2024-11-21T10:26:59","slug":"svilena-maska-daydream-pink","status":"publish","type":"product","link":"https:\/\/starsilk.hr\/en\/product\/svilena-maska-daydream-pink\/","title":{"rendered":"Svilena maska za lice \/ Daydream Pink"},"content":{"rendered":"<p>Specifikacije:<br \/>\n\u2022 Dvoslojna, 100% Mulberry svila &#8211; 22 momme, 6A class<br \/>\n\u2022 D\u017eepi\u0107 za filter (filter nije uklju\u010den u proizvod)<br \/>\n\u2022 Podesiva elasti\u010dna guma<br \/>\n\u2022 Oeko-Tex\u00ae certificiran &#8211; bez poznatih \u0161tetnih tvari i kemikalija.<\/p>\n<p>Odr\u017eavanje: ozna\u010deno na proizvodu, ili <a href=\"https:\/\/starsilk.hr\/en\/odrzavanje\/\">or see the link<\/a><\/p>","protected":false},"excerpt":{"rendered":"<p>Gentle on your face and kind to your skin. A breathable and lightweight face mask made from two layers of pure Mulberry silk that is naturally hypoallergenic and repels dust while providing protection against bacteria. Silk\u2019s hydrating properties help keep your skin moist, reduce chafing and rashes that may be caused by cloth masks.<\/p>\n<p>For extra protection, insert the medical filter into the built-in pocket.<\/p>","protected":false},"featured_media":342,"comment_status":"open","ping_status":"closed","template":"","meta":{"_acf_changed":false,"site-sidebar-layout":"default","site-content-layout":"default","ast-site-content-layout":"default","site-content-style":"default","site-sidebar-style":"default","ast-global-header-display":"","ast-banner-title-visibility":"","ast-main-header-display":"","ast-hfb-above-header-display":"","ast-hfb-below-header-display":"","ast-hfb-mobile-header-display":"","site-post-title":"","ast-breadcrumbs-content":"","ast-featured-img":"","footer-sml-layout":"","theme-transparent-header-meta":"default","adv-header-id-meta":"","stick-header-meta":"","header-above-stick-meta":"","header-main-stick-meta":"","header-below-stick-meta":"","astra-migrate-meta-layouts":"set","ast-page-background-enabled":"default","ast-page-background-meta":{"desktop":{"background-color":"","background-image":"","background-repeat":"repeat","background-position":"center center","background-size":"auto","background-attachment":"scroll","background-type":"","background-media":"","overlay-type":"","overlay-color":"","overlay-opacity":"","overlay-gradient":""},"tablet":{"background-color":"","background-image":"","background-repeat":"repeat","background-position":"center center","background-size":"auto","background-attachment":"scroll","background-type":"","background-media":"","overlay-type":"","overlay-color":"","overlay-opacity":"","overlay-gradient":""},"mobile":{"background-color":"","background-image":"","background-repeat":"repeat","background-position":"center center","background-size":"auto","background-attachment":"scroll","background-type":"","background-media":"","overlay-type":"","overlay-color":"","overlay-opacity":"","overlay-gradient":""}},"ast-content-background-meta":{"desktop":{"background-color":"var(--ast-global-color-5)","background-image":"","background-repeat":"repeat","background-position":"center center","background-size":"auto","background-attachment":"scroll","background-type":"","background-media":"","overlay-type":"","overlay-color":"","overlay-opacity":"","overlay-gradient":""},"tablet":{"background-color":"var(--ast-global-color-5)","background-image":"","background-repeat":"repeat","background-position":"center center","background-size":"auto","background-attachment":"scroll","background-type":"","background-media":"","overlay-type":"","overlay-color":"","overlay-opacity":"","overlay-gradient":""},"mobile":{"background-color":"var(--ast-global-color-5)","background-image":"","background-repeat":"repeat","background-position":"center center","background-size":"auto","background-attachment":"scroll","background-type":"","background-media":"","overlay-type":"","overlay-color":"","overlay-opacity":"","overlay-gradient":""}}},"product_cat":[26,130],"product_tag":[],"class_list":{"0":"post-347","1":"product","2":"type-product","3":"status-publish","4":"has-post-thumbnail","6":"product_cat-maske-za-lice","7":"product_cat-starsilk-outlet","8":"pif-has-gallery","9":"desktop-align-left","10":"tablet-align-left","11":"mobile-align-left","13":"first","14":"instock","15":"shipping-taxable","16":"purchasable","17":"product-type-simple"},"acf":[],"yoast_head":"<!-- This site is optimized with the Yoast SEO plugin v23.9 - https:\/\/yoast.com\/wordpress\/plugins\/seo\/ -->\n<title>Svilena maska za lice - Daydream Pink - StarSilk<\/title>\n<meta name=\"description\" content=\"Roza svilena maska za lice Daydream Pink izra\u0111ena od !00% mulberry svile koja je prirodno hipoalergena i odbija pra\u0161inu, a istovremeno \u0161titi.\" \/>\n<meta name=\"robots\" content=\"index, follow, max-snippet:-1, max-image-preview:large, max-video-preview:-1\" \/>\n<link rel=\"canonical\" href=\"https:\/\/starsilk.hr\/en\/product\/svilena-maska-daydream-pink\/\" \/>\n<meta property=\"og:locale\" content=\"en_GB\" \/>\n<meta property=\"og:type\" content=\"article\" \/>\n<meta property=\"og:title\" content=\"Svilena maska za lice - Daydream Pink - StarSilk\" \/>\n<meta property=\"og:description\" content=\"Roza svilena maska za lice Daydream Pink izra\u0111ena od !00% mulberry svile koja je prirodno hipoalergena i odbija pra\u0161inu, a istovremeno \u0161titi.\" \/>\n<meta property=\"og:url\" content=\"https:\/\/starsilk.hr\/en\/product\/svilena-maska-daydream-pink\/\" \/>\n<meta property=\"og:site_name\" content=\"StarSilk\" \/>\n<meta property=\"article:publisher\" content=\"https:\/\/www.facebook.com\/starsilk.hr\" \/>\n<meta property=\"article:modified_time\" content=\"2024-11-21T10:26:59+00:00\" \/>\n<meta property=\"og:image\" content=\"https:\/\/starsilk.hr\/wp-content\/uploads\/2021\/01\/FACE_MASK_4k_0001_purple_dawn_Jelena-1-scaled.jpg\" \/>\n\t<meta property=\"og:image:width\" content=\"2048\" \/>\n\t<meta property=\"og:image:height\" content=\"1152\" \/>\n\t<meta property=\"og:image:type\" content=\"image\/jpeg\" \/>\n<meta name=\"twitter:card\" content=\"summary_large_image\" \/>\n<meta name=\"twitter:label1\" content=\"Estimated reading time\" \/>\n\t<meta name=\"twitter:data1\" content=\"1 minute\" \/>\n<script type=\"application\/ld+json\" class=\"yoast-schema-graph\">{\"@context\":\"https:\/\/schema.org\",\"@graph\":[{\"@type\":\"WebPage\",\"@id\":\"https:\/\/starsilk.hr\/proizvod\/svilena-maska-daydream-pink\/\",\"url\":\"https:\/\/starsilk.hr\/proizvod\/svilena-maska-daydream-pink\/\",\"name\":\"Svilena maska za lice - Daydream Pink - StarSilk\",\"isPartOf\":{\"@id\":\"https:\/\/starsilk.hr\/en\/#website\"},\"primaryImageOfPage\":{\"@id\":\"https:\/\/starsilk.hr\/proizvod\/svilena-maska-daydream-pink\/#primaryimage\"},\"image\":{\"@id\":\"https:\/\/starsilk.hr\/proizvod\/svilena-maska-daydream-pink\/#primaryimage\"},\"thumbnailUrl\":\"https:\/\/starsilk.hr\/wp-content\/uploads\/2021\/01\/FACE_MASK_4k_0001_purple_dawn_Jelena-1-scaled.jpg\",\"datePublished\":\"2021-01-26T10:43:40+00:00\",\"dateModified\":\"2024-11-21T10:26:59+00:00\",\"description\":\"Roza svilena maska za lice Daydream Pink izra\u0111ena od !00% mulberry svile koja je prirodno hipoalergena i odbija pra\u0161inu, a istovremeno \u0161titi.\",\"breadcrumb\":{\"@id\":\"https:\/\/starsilk.hr\/proizvod\/svilena-maska-daydream-pink\/#breadcrumb\"},\"inLanguage\":\"en-GB\",\"potentialAction\":[{\"@type\":\"ReadAction\",\"target\":[\"https:\/\/starsilk.hr\/proizvod\/svilena-maska-daydream-pink\/\"]}]},{\"@type\":\"ImageObject\",\"inLanguage\":\"en-GB\",\"@id\":\"https:\/\/starsilk.hr\/proizvod\/svilena-maska-daydream-pink\/#primaryimage\",\"url\":\"https:\/\/starsilk.hr\/wp-content\/uploads\/2021\/01\/FACE_MASK_4k_0001_purple_dawn_Jelena-1-scaled.jpg\",\"contentUrl\":\"https:\/\/starsilk.hr\/wp-content\/uploads\/2021\/01\/FACE_MASK_4k_0001_purple_dawn_Jelena-1-scaled.jpg\",\"width\":2048,\"height\":1152,\"caption\":\"starsilk svilene maske za lice daydream pink\"},{\"@type\":\"BreadcrumbList\",\"@id\":\"https:\/\/starsilk.hr\/proizvod\/svilena-maska-daydream-pink\/#breadcrumb\",\"itemListElement\":[{\"@type\":\"ListItem\",\"position\":1,\"name\":\"Po\u010detna stranica\",\"item\":\"https:\/\/starsilk.hr\/\"},{\"@type\":\"ListItem\",\"position\":2,\"name\":\"Products\",\"item\":\"https:\/\/starsilk.hr\/en\/shop\/\"},{\"@type\":\"ListItem\",\"position\":3,\"name\":\"Svilena maska za lice \/ Daydream Pink\"}]},{\"@type\":\"WebSite\",\"@id\":\"https:\/\/starsilk.hr\/en\/#website\",\"url\":\"https:\/\/starsilk.hr\/en\/\",\"name\":\"StarSilk\",\"description\":\"\",\"publisher\":{\"@id\":\"https:\/\/starsilk.hr\/en\/#organization\"},\"potentialAction\":[{\"@type\":\"SearchAction\",\"target\":{\"@type\":\"EntryPoint\",\"urlTemplate\":\"https:\/\/starsilk.hr\/en\/?s={search_term_string}\"},\"query-input\":{\"@type\":\"PropertyValueSpecification\",\"valueRequired\":true,\"valueName\":\"search_term_string\"}}],\"inLanguage\":\"en-GB\"},{\"@type\":\"Organization\",\"@id\":\"https:\/\/starsilk.hr\/en\/#organization\",\"name\":\"StarSilk\",\"url\":\"https:\/\/starsilk.hr\/en\/\",\"logo\":{\"@type\":\"ImageObject\",\"inLanguage\":\"en-GB\",\"@id\":\"https:\/\/starsilk.hr\/en\/#\/schema\/logo\/image\/\",\"url\":\"https:\/\/starsilk.hr\/wp-content\/uploads\/2021\/01\/star_silk_logo-26.png\",\"contentUrl\":\"https:\/\/starsilk.hr\/wp-content\/uploads\/2021\/01\/star_silk_logo-26.png\",\"width\":593,\"height\":542,\"caption\":\"StarSilk\"},\"image\":{\"@id\":\"https:\/\/starsilk.hr\/en\/#\/schema\/logo\/image\/\"},\"sameAs\":[\"https:\/\/www.facebook.com\/starsilk.hr\",\"https:\/\/www.instagram.com\/starsilk_official\/\"]}]}<\/script>\n<!-- \/ Yoast SEO plugin. -->","yoast_head_json":{"title":"Svilena maska za lice - Daydream Pink - StarSilk","description":"Roza svilena maska za lice Daydream Pink izra\u0111ena od !00% mulberry svile koja je prirodno hipoalergena i odbija pra\u0161inu, a istovremeno \u0161titi.","robots":{"index":"index","follow":"follow","max-snippet":"max-snippet:-1","max-image-preview":"max-image-preview:large","max-video-preview":"max-video-preview:-1"},"canonical":"https:\/\/starsilk.hr\/en\/product\/svilena-maska-daydream-pink\/","og_locale":"en_GB","og_type":"article","og_title":"Svilena maska za lice - Daydream Pink - StarSilk","og_description":"Roza svilena maska za lice Daydream Pink izra\u0111ena od !00% mulberry svile koja je prirodno hipoalergena i odbija pra\u0161inu, a istovremeno \u0161titi.","og_url":"https:\/\/starsilk.hr\/en\/product\/svilena-maska-daydream-pink\/","og_site_name":"StarSilk","article_publisher":"https:\/\/www.facebook.com\/starsilk.hr","article_modified_time":"2024-11-21T10:26:59+00:00","og_image":[{"width":2048,"height":1152,"url":"https:\/\/starsilk.hr\/wp-content\/uploads\/2021\/01\/FACE_MASK_4k_0001_purple_dawn_Jelena-1-scaled.jpg","type":"image\/jpeg"}],"twitter_card":"summary_large_image","twitter_misc":{"Estimated reading time":"1 minute"},"schema":{"@context":"https:\/\/schema.org","@graph":[{"@type":"WebPage","@id":"https:\/\/starsilk.hr\/proizvod\/svilena-maska-daydream-pink\/","url":"https:\/\/starsilk.hr\/proizvod\/svilena-maska-daydream-pink\/","name":"Svilena maska za lice - Daydream Pink - StarSilk","isPartOf":{"@id":"https:\/\/starsilk.hr\/en\/#website"},"primaryImageOfPage":{"@id":"https:\/\/starsilk.hr\/proizvod\/svilena-maska-daydream-pink\/#primaryimage"},"image":{"@id":"https:\/\/starsilk.hr\/proizvod\/svilena-maska-daydream-pink\/#primaryimage"},"thumbnailUrl":"https:\/\/starsilk.hr\/wp-content\/uploads\/2021\/01\/FACE_MASK_4k_0001_purple_dawn_Jelena-1-scaled.jpg","datePublished":"2021-01-26T10:43:40+00:00","dateModified":"2024-11-21T10:26:59+00:00","description":"Roza svilena maska za lice Daydream Pink izra\u0111ena od !00% mulberry svile koja je prirodno hipoalergena i odbija pra\u0161inu, a istovremeno \u0161titi.","breadcrumb":{"@id":"https:\/\/starsilk.hr\/proizvod\/svilena-maska-daydream-pink\/#breadcrumb"},"inLanguage":"en-GB","potentialAction":[{"@type":"ReadAction","target":["https:\/\/starsilk.hr\/proizvod\/svilena-maska-daydream-pink\/"]}]},{"@type":"ImageObject","inLanguage":"en-GB","@id":"https:\/\/starsilk.hr\/proizvod\/svilena-maska-daydream-pink\/#primaryimage","url":"https:\/\/starsilk.hr\/wp-content\/uploads\/2021\/01\/FACE_MASK_4k_0001_purple_dawn_Jelena-1-scaled.jpg","contentUrl":"https:\/\/starsilk.hr\/wp-content\/uploads\/2021\/01\/FACE_MASK_4k_0001_purple_dawn_Jelena-1-scaled.jpg","width":2048,"height":1152,"caption":"starsilk svilene maske za lice daydream pink"},{"@type":"BreadcrumbList","@id":"https:\/\/starsilk.hr\/proizvod\/svilena-maska-daydream-pink\/#breadcrumb","itemListElement":[{"@type":"ListItem","position":1,"name":"Po\u010detna stranica","item":"https:\/\/starsilk.hr\/"},{"@type":"ListItem","position":2,"name":"Products","item":"https:\/\/starsilk.hr\/en\/shop\/"},{"@type":"ListItem","position":3,"name":"Svilena maska za lice \/ Daydream Pink"}]},{"@type":"WebSite","@id":"https:\/\/starsilk.hr\/en\/#website","url":"https:\/\/starsilk.hr\/en\/","name":"StarSilk","description":"","publisher":{"@id":"https:\/\/starsilk.hr\/en\/#organization"},"potentialAction":[{"@type":"SearchAction","target":{"@type":"EntryPoint","urlTemplate":"https:\/\/starsilk.hr\/en\/?s={search_term_string}"},"query-input":{"@type":"PropertyValueSpecification","valueRequired":true,"valueName":"search_term_string"}}],"inLanguage":"en-GB"},{"@type":"Organization","@id":"https:\/\/starsilk.hr\/en\/#organization","name":"StarSilk","url":"https:\/\/starsilk.hr\/en\/","logo":{"@type":"ImageObject","inLanguage":"en-GB","@id":"https:\/\/starsilk.hr\/en\/#\/schema\/logo\/image\/","url":"https:\/\/starsilk.hr\/wp-content\/uploads\/2021\/01\/star_silk_logo-26.png","contentUrl":"https:\/\/starsilk.hr\/wp-content\/uploads\/2021\/01\/star_silk_logo-26.png","width":593,"height":542,"caption":"StarSilk"},"image":{"@id":"https:\/\/starsilk.hr\/en\/#\/schema\/logo\/image\/"},"sameAs":["https:\/\/www.facebook.com\/starsilk.hr","https:\/\/www.instagram.com\/starsilk_official\/"]}]}},"_links":{"self":[{"href":"https:\/\/starsilk.hr\/en\/wp-json\/wp\/v2\/product\/347","targetHints":{"allow":["GET"]}}],"collection":[{"href":"https:\/\/starsilk.hr\/en\/wp-json\/wp\/v2\/product"}],"about":[{"href":"https:\/\/starsilk.hr\/en\/wp-json\/wp\/v2\/types\/product"}],"replies":[{"embeddable":true,"href":"https:\/\/starsilk.hr\/en\/wp-json\/wp\/v2\/comments?post=347"}],"wp:featuredmedia":[{"embeddable":true,"href":"https:\/\/starsilk.hr\/en\/wp-json\/wp\/v2\/media\/342"}],"wp:attachment":[{"href":"https:\/\/starsilk.hr\/en\/wp-json\/wp\/v2\/media?parent=347"}],"wp:term":[{"taxonomy":"product_cat","embeddable":true,"href":"https:\/\/starsilk.hr\/en\/wp-json\/wp\/v2\/product_cat?post=347"},{"taxonomy":"product_tag","embeddable":true,"href":"https:\/\/starsilk.hr\/en\/wp-json\/wp\/v2\/product_tag?post=347"}],"curies":[{"name":"wp","href":"https:\/\/api.w.org\/{rel}","templated":true}]}}