{"id":2936,"date":"2021-12-12T22:01:33","date_gmt":"2021-12-12T21:01:33","guid":{"rendered":"https:\/\/starsilk.hr\/?post_type=product&#038;p=2936"},"modified":"2023-11-14T13:54:37","modified_gmt":"2023-11-14T12:54:37","slug":"starsilk-poklon-kutija","status":"publish","type":"product","link":"https:\/\/starsilk.hr\/en\/product\/starsilk-poklon-kutija\/","title":{"rendered":"StarSilk poklon kutija"},"content":{"rendered":"","protected":false},"excerpt":{"rendered":"<div dir=\"ltr\">Nemate vremena ili niste sigurni kako da na originalan na\u010din zapakirate poklon &#8211; StarSilk poklon kutija idealno je rje\u0161enje.<\/div>\n<div dir=\"ltr\">A ukoliko nekoga zaista \u017eelite iznenaditi, poklon mu mo\u017eemo dostaviti i umjesto vas. Dovoljno je da unesete adresu primatelja kao adresu za dostavu na kraju narud\u017ebe. Svoju adresu unesite kao adresu za naplatu i u napomenu upi\u0161ete: poklon.<\/div>\n<div dir=\"ltr\"><\/div>\n<div dir=\"ltr\">Detalji:<\/div>\n<div dir=\"ltr\">27x27x8 cm<\/div>\n<div dir=\"ltr\">Satenska traka<\/div>","protected":false},"featured_media":4813,"comment_status":"open","ping_status":"closed","template":"","meta":{"_acf_changed":false,"site-sidebar-layout":"default","site-content-layout":"default","ast-site-content-layout":"","site-content-style":"default","site-sidebar-style":"default","ast-global-header-display":"","ast-banner-title-visibility":"","ast-main-header-display":"","ast-hfb-above-header-display":"","ast-hfb-below-header-display":"","ast-hfb-mobile-header-display":"","site-post-title":"","ast-breadcrumbs-content":"","ast-featured-img":"","footer-sml-layout":"","theme-transparent-header-meta":"default","adv-header-id-meta":"","stick-header-meta":"","header-above-stick-meta":"","header-main-stick-meta":"","header-below-stick-meta":"","astra-migrate-meta-layouts":"default","ast-page-background-enabled":"default","ast-page-background-meta":{"desktop":{"background-color":"","background-image":"","background-repeat":"repeat","background-position":"center center","background-size":"auto","background-attachment":"scroll","background-type":"","background-media":"","overlay-type":"","overlay-color":"","overlay-opacity":"","overlay-gradient":""},"tablet":{"background-color":"","background-image":"","background-repeat":"repeat","background-position":"center center","background-size":"auto","background-attachment":"scroll","background-type":"","background-media":"","overlay-type":"","overlay-color":"","overlay-opacity":"","overlay-gradient":""},"mobile":{"background-color":"","background-image":"","background-repeat":"repeat","background-position":"center center","background-size":"auto","background-attachment":"scroll","background-type":"","background-media":"","overlay-type":"","overlay-color":"","overlay-opacity":"","overlay-gradient":""}},"ast-content-background-meta":{"desktop":{"background-color":"var(--ast-global-color-5)","background-image":"","background-repeat":"repeat","background-position":"center center","background-size":"auto","background-attachment":"scroll","background-type":"","background-media":"","overlay-type":"","overlay-color":"","overlay-opacity":"","overlay-gradient":""},"tablet":{"background-color":"var(--ast-global-color-5)","background-image":"","background-repeat":"repeat","background-position":"center center","background-size":"auto","background-attachment":"scroll","background-type":"","background-media":"","overlay-type":"","overlay-color":"","overlay-opacity":"","overlay-gradient":""},"mobile":{"background-color":"var(--ast-global-color-5)","background-image":"","background-repeat":"repeat","background-position":"center center","background-size":"auto","background-attachment":"scroll","background-type":"","background-media":"","overlay-type":"","overlay-color":"","overlay-opacity":"","overlay-gradient":""}}},"product_cat":[43,48],"product_tag":[],"class_list":{"0":"post-2936","1":"product","2":"type-product","3":"status-publish","4":"has-post-thumbnail","6":"product_cat-omatanje-poklona","7":"product_cat-promo-setovi","8":"pif-has-gallery","9":"desktop-align-left","10":"tablet-align-left","11":"mobile-align-left","13":"first","14":"outofstock","15":"shipping-taxable","16":"purchasable","17":"product-type-simple"},"acf":[],"yoast_head":"<!-- This site is optimized with the Yoast SEO plugin v23.9 - https:\/\/yoast.com\/wordpress\/plugins\/seo\/ -->\n<title>StarSilk poklon kutija - StarSilk<\/title>\n<meta name=\"robots\" content=\"index, follow, max-snippet:-1, max-image-preview:large, max-video-preview:-1\" \/>\n<link rel=\"canonical\" href=\"https:\/\/starsilk.hr\/en\/product\/starsilk-poklon-kutija\/\" \/>\n<meta property=\"og:locale\" content=\"en_GB\" \/>\n<meta property=\"og:type\" content=\"article\" \/>\n<meta property=\"og:title\" content=\"StarSilk poklon kutija - StarSilk\" \/>\n<meta property=\"og:description\" content=\"Nemate vremena ili niste sigurni kako da na originalan na\u010din zapakirate poklon - StarSilk poklon kutija idealno je rje\u0161enje. A ukoliko nekoga zaista \u017eelite iznenaditi, poklon mu mo\u017eemo dostaviti i umjesto vas. Dovoljno je da unesete adresu primatelja kao adresu za dostavu na kraju narud\u017ebe. Svoju adresu unesite kao adresu za naplatu i u napomenu upi\u0161ete: poklon.  Detalji: 27x27x8 cm Satenska traka\" \/>\n<meta property=\"og:url\" content=\"https:\/\/starsilk.hr\/en\/product\/starsilk-poklon-kutija\/\" \/>\n<meta property=\"og:site_name\" content=\"StarSilk\" \/>\n<meta property=\"article:publisher\" content=\"https:\/\/www.facebook.com\/starsilk.hr\" \/>\n<meta property=\"article:modified_time\" content=\"2023-11-14T12:54:37+00:00\" \/>\n<meta property=\"og:image\" content=\"https:\/\/starsilk.hr\/wp-content\/uploads\/2021\/12\/40.png\" \/>\n\t<meta property=\"og:image:width\" content=\"600\" \/>\n\t<meta property=\"og:image:height\" content=\"600\" \/>\n\t<meta property=\"og:image:type\" content=\"image\/png\" \/>\n<meta name=\"twitter:card\" content=\"summary_large_image\" \/>\n<script type=\"application\/ld+json\" class=\"yoast-schema-graph\">{\"@context\":\"https:\/\/schema.org\",\"@graph\":[{\"@type\":\"WebPage\",\"@id\":\"https:\/\/starsilk.hr\/proizvod\/starsilk-poklon-kutija\/\",\"url\":\"https:\/\/starsilk.hr\/proizvod\/starsilk-poklon-kutija\/\",\"name\":\"StarSilk poklon kutija - StarSilk\",\"isPartOf\":{\"@id\":\"https:\/\/starsilk.hr\/en\/#website\"},\"primaryImageOfPage\":{\"@id\":\"https:\/\/starsilk.hr\/proizvod\/starsilk-poklon-kutija\/#primaryimage\"},\"image\":{\"@id\":\"https:\/\/starsilk.hr\/proizvod\/starsilk-poklon-kutija\/#primaryimage\"},\"thumbnailUrl\":\"https:\/\/starsilk.hr\/wp-content\/uploads\/2021\/12\/40.png\",\"datePublished\":\"2021-12-12T21:01:33+00:00\",\"dateModified\":\"2023-11-14T12:54:37+00:00\",\"breadcrumb\":{\"@id\":\"https:\/\/starsilk.hr\/proizvod\/starsilk-poklon-kutija\/#breadcrumb\"},\"inLanguage\":\"en-GB\",\"potentialAction\":[{\"@type\":\"ReadAction\",\"target\":[\"https:\/\/starsilk.hr\/proizvod\/starsilk-poklon-kutija\/\"]}]},{\"@type\":\"ImageObject\",\"inLanguage\":\"en-GB\",\"@id\":\"https:\/\/starsilk.hr\/proizvod\/starsilk-poklon-kutija\/#primaryimage\",\"url\":\"https:\/\/starsilk.hr\/wp-content\/uploads\/2021\/12\/40.png\",\"contentUrl\":\"https:\/\/starsilk.hr\/wp-content\/uploads\/2021\/12\/40.png\",\"width\":600,\"height\":600},{\"@type\":\"BreadcrumbList\",\"@id\":\"https:\/\/starsilk.hr\/proizvod\/starsilk-poklon-kutija\/#breadcrumb\",\"itemListElement\":[{\"@type\":\"ListItem\",\"position\":1,\"name\":\"Po\u010detna stranica\",\"item\":\"https:\/\/starsilk.hr\/\"},{\"@type\":\"ListItem\",\"position\":2,\"name\":\"Products\",\"item\":\"https:\/\/starsilk.hr\/en\/shop\/\"},{\"@type\":\"ListItem\",\"position\":3,\"name\":\"StarSilk poklon kutija\"}]},{\"@type\":\"WebSite\",\"@id\":\"https:\/\/starsilk.hr\/en\/#website\",\"url\":\"https:\/\/starsilk.hr\/en\/\",\"name\":\"StarSilk\",\"description\":\"\",\"publisher\":{\"@id\":\"https:\/\/starsilk.hr\/en\/#organization\"},\"potentialAction\":[{\"@type\":\"SearchAction\",\"target\":{\"@type\":\"EntryPoint\",\"urlTemplate\":\"https:\/\/starsilk.hr\/en\/?s={search_term_string}\"},\"query-input\":{\"@type\":\"PropertyValueSpecification\",\"valueRequired\":true,\"valueName\":\"search_term_string\"}}],\"inLanguage\":\"en-GB\"},{\"@type\":\"Organization\",\"@id\":\"https:\/\/starsilk.hr\/en\/#organization\",\"name\":\"StarSilk\",\"url\":\"https:\/\/starsilk.hr\/en\/\",\"logo\":{\"@type\":\"ImageObject\",\"inLanguage\":\"en-GB\",\"@id\":\"https:\/\/starsilk.hr\/en\/#\/schema\/logo\/image\/\",\"url\":\"https:\/\/starsilk.hr\/wp-content\/uploads\/2021\/01\/star_silk_logo-26.png\",\"contentUrl\":\"https:\/\/starsilk.hr\/wp-content\/uploads\/2021\/01\/star_silk_logo-26.png\",\"width\":593,\"height\":542,\"caption\":\"StarSilk\"},\"image\":{\"@id\":\"https:\/\/starsilk.hr\/en\/#\/schema\/logo\/image\/\"},\"sameAs\":[\"https:\/\/www.facebook.com\/starsilk.hr\",\"https:\/\/www.instagram.com\/starsilk_official\/\"]}]}<\/script>\n<!-- \/ Yoast SEO plugin. -->","yoast_head_json":{"title":"StarSilk poklon kutija - StarSilk","robots":{"index":"index","follow":"follow","max-snippet":"max-snippet:-1","max-image-preview":"max-image-preview:large","max-video-preview":"max-video-preview:-1"},"canonical":"https:\/\/starsilk.hr\/en\/product\/starsilk-poklon-kutija\/","og_locale":"en_GB","og_type":"article","og_title":"StarSilk poklon kutija - StarSilk","og_description":"Nemate vremena ili niste sigurni kako da na originalan na\u010din zapakirate poklon - StarSilk poklon kutija idealno je rje\u0161enje. A ukoliko nekoga zaista \u017eelite iznenaditi, poklon mu mo\u017eemo dostaviti i umjesto vas. Dovoljno je da unesete adresu primatelja kao adresu za dostavu na kraju narud\u017ebe. Svoju adresu unesite kao adresu za naplatu i u napomenu upi\u0161ete: poklon.  Detalji: 27x27x8 cm Satenska traka","og_url":"https:\/\/starsilk.hr\/en\/product\/starsilk-poklon-kutija\/","og_site_name":"StarSilk","article_publisher":"https:\/\/www.facebook.com\/starsilk.hr","article_modified_time":"2023-11-14T12:54:37+00:00","og_image":[{"width":600,"height":600,"url":"https:\/\/starsilk.hr\/wp-content\/uploads\/2021\/12\/40.png","type":"image\/png"}],"twitter_card":"summary_large_image","schema":{"@context":"https:\/\/schema.org","@graph":[{"@type":"WebPage","@id":"https:\/\/starsilk.hr\/proizvod\/starsilk-poklon-kutija\/","url":"https:\/\/starsilk.hr\/proizvod\/starsilk-poklon-kutija\/","name":"StarSilk poklon kutija - StarSilk","isPartOf":{"@id":"https:\/\/starsilk.hr\/en\/#website"},"primaryImageOfPage":{"@id":"https:\/\/starsilk.hr\/proizvod\/starsilk-poklon-kutija\/#primaryimage"},"image":{"@id":"https:\/\/starsilk.hr\/proizvod\/starsilk-poklon-kutija\/#primaryimage"},"thumbnailUrl":"https:\/\/starsilk.hr\/wp-content\/uploads\/2021\/12\/40.png","datePublished":"2021-12-12T21:01:33+00:00","dateModified":"2023-11-14T12:54:37+00:00","breadcrumb":{"@id":"https:\/\/starsilk.hr\/proizvod\/starsilk-poklon-kutija\/#breadcrumb"},"inLanguage":"en-GB","potentialAction":[{"@type":"ReadAction","target":["https:\/\/starsilk.hr\/proizvod\/starsilk-poklon-kutija\/"]}]},{"@type":"ImageObject","inLanguage":"en-GB","@id":"https:\/\/starsilk.hr\/proizvod\/starsilk-poklon-kutija\/#primaryimage","url":"https:\/\/starsilk.hr\/wp-content\/uploads\/2021\/12\/40.png","contentUrl":"https:\/\/starsilk.hr\/wp-content\/uploads\/2021\/12\/40.png","width":600,"height":600},{"@type":"BreadcrumbList","@id":"https:\/\/starsilk.hr\/proizvod\/starsilk-poklon-kutija\/#breadcrumb","itemListElement":[{"@type":"ListItem","position":1,"name":"Po\u010detna stranica","item":"https:\/\/starsilk.hr\/"},{"@type":"ListItem","position":2,"name":"Products","item":"https:\/\/starsilk.hr\/en\/shop\/"},{"@type":"ListItem","position":3,"name":"StarSilk poklon kutija"}]},{"@type":"WebSite","@id":"https:\/\/starsilk.hr\/en\/#website","url":"https:\/\/starsilk.hr\/en\/","name":"StarSilk","description":"","publisher":{"@id":"https:\/\/starsilk.hr\/en\/#organization"},"potentialAction":[{"@type":"SearchAction","target":{"@type":"EntryPoint","urlTemplate":"https:\/\/starsilk.hr\/en\/?s={search_term_string}"},"query-input":{"@type":"PropertyValueSpecification","valueRequired":true,"valueName":"search_term_string"}}],"inLanguage":"en-GB"},{"@type":"Organization","@id":"https:\/\/starsilk.hr\/en\/#organization","name":"StarSilk","url":"https:\/\/starsilk.hr\/en\/","logo":{"@type":"ImageObject","inLanguage":"en-GB","@id":"https:\/\/starsilk.hr\/en\/#\/schema\/logo\/image\/","url":"https:\/\/starsilk.hr\/wp-content\/uploads\/2021\/01\/star_silk_logo-26.png","contentUrl":"https:\/\/starsilk.hr\/wp-content\/uploads\/2021\/01\/star_silk_logo-26.png","width":593,"height":542,"caption":"StarSilk"},"image":{"@id":"https:\/\/starsilk.hr\/en\/#\/schema\/logo\/image\/"},"sameAs":["https:\/\/www.facebook.com\/starsilk.hr","https:\/\/www.instagram.com\/starsilk_official\/"]}]}},"_links":{"self":[{"href":"https:\/\/starsilk.hr\/en\/wp-json\/wp\/v2\/product\/2936","targetHints":{"allow":["GET"]}}],"collection":[{"href":"https:\/\/starsilk.hr\/en\/wp-json\/wp\/v2\/product"}],"about":[{"href":"https:\/\/starsilk.hr\/en\/wp-json\/wp\/v2\/types\/product"}],"replies":[{"embeddable":true,"href":"https:\/\/starsilk.hr\/en\/wp-json\/wp\/v2\/comments?post=2936"}],"wp:featuredmedia":[{"embeddable":true,"href":"https:\/\/starsilk.hr\/en\/wp-json\/wp\/v2\/media\/4813"}],"wp:attachment":[{"href":"https:\/\/starsilk.hr\/en\/wp-json\/wp\/v2\/media?parent=2936"}],"wp:term":[{"taxonomy":"product_cat","embeddable":true,"href":"https:\/\/starsilk.hr\/en\/wp-json\/wp\/v2\/product_cat?post=2936"},{"taxonomy":"product_tag","embeddable":true,"href":"https:\/\/starsilk.hr\/en\/wp-json\/wp\/v2\/product_tag?post=2936"}],"curies":[{"name":"wp","href":"https:\/\/api.w.org\/{rel}","templated":true}]}}