{"id":509,"date":"2021-01-29T12:28:27","date_gmt":"2021-01-29T11:28:27","guid":{"rendered":"https:\/\/starsilk.hr\/?page_id=509"},"modified":"2024-11-22T22:22:10","modified_gmt":"2024-11-22T21:22:10","slug":"nacini-placanja","status":"publish","type":"page","link":"https:\/\/starsilk.hr\/en\/nacini-placanja\/","title":{"rendered":"Na\u010dini pla\u0107anja"},"content":{"rendered":"<div data-elementor-type=\"wp-page\" data-elementor-id=\"509\" class=\"elementor elementor-509\" data-elementor-post-type=\"page\">\n\t\t\t\t\t\t<section class=\"elementor-section elementor-top-section elementor-element elementor-element-57e8b380 elementor-section-boxed elementor-section-height-default elementor-section-height-default\" data-id=\"57e8b380\" data-element_type=\"section\">\n\t\t\t\t\t\t<div class=\"elementor-container elementor-column-gap-default\">\n\t\t\t\t\t<div class=\"elementor-column elementor-col-100 elementor-top-column elementor-element elementor-element-2fef8b3a\" data-id=\"2fef8b3a\" data-element_type=\"column\">\n\t\t\t<div class=\"elementor-widget-wrap elementor-element-populated\">\n\t\t\t\t\t\t\t<\/div>\n\t\t<\/div>\n\t\t\t\t\t<\/div>\n\t\t<\/section>\n\t\t\t\t<section class=\"elementor-section elementor-top-section elementor-element elementor-element-793d3870 elementor-section-content-middle elementor-section-boxed elementor-section-height-default elementor-section-height-default\" data-id=\"793d3870\" data-element_type=\"section\">\n\t\t\t\t\t\t<div class=\"elementor-container elementor-column-gap-no\">\n\t\t\t\t\t<div class=\"elementor-column elementor-col-100 elementor-top-column elementor-element elementor-element-789b0e0\" data-id=\"789b0e0\" data-element_type=\"column\">\n\t\t\t<div class=\"elementor-widget-wrap elementor-element-populated\">\n\t\t\t\t\t\t<div class=\"elementor-element elementor-element-137d39fd elementor-widget elementor-widget-heading\" data-id=\"137d39fd\" data-element_type=\"widget\" data-widget_type=\"heading.default\">\n\t\t\t\t<div class=\"elementor-widget-container\">\n\t\t\t<h4 class=\"elementor-heading-title elementor-size-default\">4.\tPRODUCT PRICES AND METHODS OF PAYMENT <\/h4>\t\t<\/div>\n\t\t\t\t<\/div>\n\t\t\t\t<div class=\"elementor-element elementor-element-2e5213be elementor-widget elementor-widget-text-editor\" data-id=\"2e5213be\" data-element_type=\"widget\" data-widget_type=\"text-editor.default\">\n\t\t\t\t<div class=\"elementor-widget-container\">\n\t\t\t\t\t\t\t<p>he buyer is obliged to pay the product ordered by one of the following methods:<\/p>\n<p><strong>Kreditnom ili debitnom karticom<\/strong> &#8211; pla\u0107anje izravno putem interneta, kori\u0161tenjem servisa za pla\u0107anje karticama Viva Wallet Smart Checkout (ispod slika sa svim prihva\u0107enim metodama pla\u0107anja).&nbsp;<\/p>\n<p>Residents of the Republic of Croatia can, besides credit or debit card payments, use one of the additional payment methods:<\/p>\n<p><strong>Uplatom na ra\u010dun <\/strong>\u2013 na adresu e-po\u0161te navedenu kod narud\u017ebe \u0161alju se podaci potrebni za uplatu, uklju\u010duju\u0107i broj ra\u010duna na koji kupac treba uplatiti iznos narud\u017ebe. Kupac mo\u017ee izvr\u0161iti pla\u0107anje kori\u0161tenjem internet bankarstva ili uplatom u poslovnici banke, po\u0161tanskom uredu, na FINI i sl.<\/p>\n<p>Nakon zaprimanja uplate kupca \u0161alju se naru\u010deni artikli na adresu koju je nazna\u010dio u narud\u017ebi.<\/p>\t\t\t\t\t\t<\/div>\n\t\t\t\t<\/div>\n\t\t\t\t<div class=\"elementor-element elementor-element-acc9540 elementor-widget elementor-widget-image\" data-id=\"acc9540\" data-element_type=\"widget\" data-widget_type=\"image.default\">\n\t\t\t\t<div class=\"elementor-widget-container\">\n\t\t\t\t\t\t\t\t\t\t\t\t\t<img fetchpriority=\"high\" decoding=\"async\" width=\"1024\" height=\"461\" src=\"https:\/\/starsilk.hr\/wp-content\/uploads\/2024\/11\/Untitled-1024x461.png\" class=\"attachment-large size-large wp-image-8087\" alt=\"\" srcset=\"https:\/\/starsilk.hr\/wp-content\/uploads\/2024\/11\/Untitled-1024x461.png 1024w, https:\/\/starsilk.hr\/wp-content\/uploads\/2024\/11\/Untitled-300x135.png 300w, https:\/\/starsilk.hr\/wp-content\/uploads\/2024\/11\/Untitled-768x346.png 768w, https:\/\/starsilk.hr\/wp-content\/uploads\/2024\/11\/Untitled-1536x692.png 1536w, https:\/\/starsilk.hr\/wp-content\/uploads\/2024\/11\/Untitled-18x8.png 18w, https:\/\/starsilk.hr\/wp-content\/uploads\/2024\/11\/Untitled-1000x450.png 1000w, https:\/\/starsilk.hr\/wp-content\/uploads\/2024\/11\/Untitled-64x29.png 64w, https:\/\/starsilk.hr\/wp-content\/uploads\/2024\/11\/Untitled.png 1990w\" sizes=\"(max-width: 1024px) 100vw, 1024px\" \/>\t\t\t\t\t\t\t\t\t\t\t\t\t<\/div>\n\t\t\t\t<\/div>\n\t\t\t\t<div class=\"elementor-element elementor-element-8cae59f elementor-widget elementor-widget-text-editor\" data-id=\"8cae59f\" data-element_type=\"widget\" data-widget_type=\"text-editor.default\">\n\t\t\t\t<div class=\"elementor-widget-container\">\n\t\t\t\t\t\t\t<p style=\"font-weight: 400;\">PSD2 compliance<\/p><p style=\"font-weight: 400;\">Viva Wallet complies with all PSD2 transaction security protocols, so as any customers\u2019 payments remain secure in whichever Checkout solution one might select.<\/p><p style=\"font-weight: 400;\">Viva Wallet Smart Checkout, plugins and payment tools are fully PSD2-compliant, with 3DS being handled by the card issuers through SMS one-time passwords.<\/p>\t\t\t\t\t\t<\/div>\n\t\t\t\t<\/div>\n\t\t\t\t\t<\/div>\n\t\t<\/div>\n\t\t\t\t\t<\/div>\n\t\t<\/section>\n\t\t\t\t<section class=\"elementor-section elementor-top-section elementor-element elementor-element-70c1e0d elementor-section-boxed elementor-section-height-default elementor-section-height-default\" data-id=\"70c1e0d\" data-element_type=\"section\">\n\t\t\t\t\t\t<div class=\"elementor-container elementor-column-gap-default\">\n\t\t\t\t\t<div class=\"elementor-column elementor-col-100 elementor-top-column elementor-element elementor-element-106bd7b\" data-id=\"106bd7b\" data-element_type=\"column\">\n\t\t\t<div class=\"elementor-widget-wrap elementor-element-populated\">\n\t\t\t\t\t\t<div class=\"elementor-element elementor-element-8757932 elementor-widget elementor-widget-image\" data-id=\"8757932\" data-element_type=\"widget\" data-widget_type=\"image.default\">\n\t\t\t\t<div class=\"elementor-widget-container\">\n\t\t\t\t\t\t\t\t\t\t\t\t\t<img decoding=\"async\" width=\"873\" height=\"51\" src=\"https:\/\/starsilk.hr\/wp-content\/uploads\/2022\/03\/unnamed-8.jpg\" class=\"attachment-large size-large wp-image-3132\" alt=\"\" srcset=\"https:\/\/starsilk.hr\/wp-content\/uploads\/2022\/03\/unnamed-8.jpg 873w, https:\/\/starsilk.hr\/wp-content\/uploads\/2022\/03\/unnamed-8-300x18.jpg 300w, https:\/\/starsilk.hr\/wp-content\/uploads\/2022\/03\/unnamed-8-768x45.jpg 768w, https:\/\/starsilk.hr\/wp-content\/uploads\/2022\/03\/unnamed-8-18x1.jpg 18w, https:\/\/starsilk.hr\/wp-content\/uploads\/2022\/03\/unnamed-8-64x4.jpg 64w\" sizes=\"(max-width: 873px) 100vw, 873px\" \/>\t\t\t\t\t\t\t\t\t\t\t\t\t<\/div>\n\t\t\t\t<\/div>\n\t\t\t\t\t<\/div>\n\t\t<\/div>\n\t\t\t\t\t<\/div>\n\t\t<\/section>\n\t\t\t\t<\/div>","protected":false},"excerpt":{"rendered":"<p>CIJENA PROIZVODA I NA\u010cIN PLA\u0106ANJA Kupac se obvezuje naru\u010dene proizvode platiti jednim od sljede\u0107ih na\u010dina pla\u0107anja: Kreditnom ili debitnom karticom &#8211; pla\u0107anje izravno putem interneta, kori\u0161tenjem servisa za pla\u0107anje karticama Viva Wallet Smart Checkout (ispod slika sa svim prihva\u0107enim metodama pla\u0107anja).&nbsp; Kupci s teritorija Republike Hrvatske imaju, uz mogu\u0107nost pla\u0107anja kreditnim i debitnim karticama, dodatne [&hellip;]<\/p>","protected":false},"author":2,"featured_media":0,"parent":0,"menu_order":0,"comment_status":"closed","ping_status":"closed","template":"","meta":{"_acf_changed":false,"site-sidebar-layout":"no-sidebar","site-content-layout":"page-builder","ast-site-content-layout":"","site-content-style":"default","site-sidebar-style":"default","ast-global-header-display":"","ast-banner-title-visibility":"","ast-main-header-display":"","ast-hfb-above-header-display":"","ast-hfb-below-header-display":"","ast-hfb-mobile-header-display":"","site-post-title":"disabled","ast-breadcrumbs-content":"","ast-featured-img":"disabled","footer-sml-layout":"","theme-transparent-header-meta":"default","adv-header-id-meta":"","stick-header-meta":"","header-above-stick-meta":"","header-main-stick-meta":"","header-below-stick-meta":"","astra-migrate-meta-layouts":"default","ast-page-background-enabled":"default","ast-page-background-meta":{"desktop":{"background-color":"","background-image":"","background-repeat":"repeat","background-position":"center center","background-size":"auto","background-attachment":"scroll","background-type":"","background-media":"","overlay-type":"","overlay-color":"","overlay-opacity":"","overlay-gradient":""},"tablet":{"background-color":"","background-image":"","background-repeat":"repeat","background-position":"center center","background-size":"auto","background-attachment":"scroll","background-type":"","background-media":"","overlay-type":"","overlay-color":"","overlay-opacity":"","overlay-gradient":""},"mobile":{"background-color":"","background-image":"","background-repeat":"repeat","background-position":"center center","background-size":"auto","background-attachment":"scroll","background-type":"","background-media":"","overlay-type":"","overlay-color":"","overlay-opacity":"","overlay-gradient":""}},"ast-content-background-meta":{"desktop":{"background-color":"var(--ast-global-color-5)","background-image":"","background-repeat":"repeat","background-position":"center center","background-size":"auto","background-attachment":"scroll","background-type":"","background-media":"","overlay-type":"","overlay-color":"","overlay-opacity":"","overlay-gradient":""},"tablet":{"background-color":"var(--ast-global-color-5)","background-image":"","background-repeat":"repeat","background-position":"center center","background-size":"auto","background-attachment":"scroll","background-type":"","background-media":"","overlay-type":"","overlay-color":"","overlay-opacity":"","overlay-gradient":""},"mobile":{"background-color":"var(--ast-global-color-5)","background-image":"","background-repeat":"repeat","background-position":"center center","background-size":"auto","background-attachment":"scroll","background-type":"","background-media":"","overlay-type":"","overlay-color":"","overlay-opacity":"","overlay-gradient":""}},"footnotes":""},"class_list":["post-509","page","type-page","status-publish","hentry"],"acf":[],"yoast_head":"<!-- This site is optimized with the Yoast SEO plugin v23.9 - https:\/\/yoast.com\/wordpress\/plugins\/seo\/ -->\n<title>Na\u010dini pla\u0107anja - StarSilk<\/title>\n<meta name=\"robots\" content=\"index, follow, max-snippet:-1, max-image-preview:large, max-video-preview:-1\" \/>\n<link rel=\"canonical\" href=\"https:\/\/starsilk.hr\/en\/nacini-placanja\/\" \/>\n<meta property=\"og:locale\" content=\"en_GB\" \/>\n<meta property=\"og:type\" content=\"article\" \/>\n<meta property=\"og:title\" content=\"Na\u010dini pla\u0107anja - StarSilk\" \/>\n<meta property=\"og:description\" content=\"CIJENA PROIZVODA I NA\u010cIN PLA\u0106ANJA Kupac se obvezuje naru\u010dene proizvode platiti jednim od sljede\u0107ih na\u010dina pla\u0107anja: Kreditnom ili debitnom karticom &#8211; pla\u0107anje izravno putem interneta, kori\u0161tenjem servisa za pla\u0107anje karticama Viva Wallet Smart Checkout (ispod slika sa svim prihva\u0107enim metodama pla\u0107anja).&nbsp; Kupci s teritorija Republike Hrvatske imaju, uz mogu\u0107nost pla\u0107anja kreditnim i debitnim karticama, dodatne [&hellip;]\" \/>\n<meta property=\"og:url\" content=\"https:\/\/starsilk.hr\/en\/nacini-placanja\/\" \/>\n<meta property=\"og:site_name\" content=\"StarSilk\" \/>\n<meta property=\"article:publisher\" content=\"https:\/\/www.facebook.com\/starsilk.hr\" \/>\n<meta property=\"article:modified_time\" content=\"2024-11-22T21:22:10+00:00\" \/>\n<meta property=\"og:image\" content=\"https:\/\/starsilk.hr\/wp-content\/uploads\/2024\/11\/Untitled.png\" \/>\n\t<meta property=\"og:image:width\" content=\"1990\" \/>\n\t<meta property=\"og:image:height\" content=\"896\" \/>\n\t<meta property=\"og:image:type\" content=\"image\/png\" \/>\n<meta name=\"twitter:card\" content=\"summary_large_image\" \/>\n<meta name=\"twitter:label1\" content=\"Estimated reading time\" \/>\n\t<meta name=\"twitter:data1\" content=\"2 minutes\" \/>\n<script type=\"application\/ld+json\" class=\"yoast-schema-graph\">{\"@context\":\"https:\/\/schema.org\",\"@graph\":[{\"@type\":\"WebPage\",\"@id\":\"https:\/\/starsilk.hr\/nacini-placanja\/\",\"url\":\"https:\/\/starsilk.hr\/nacini-placanja\/\",\"name\":\"Na\u010dini pla\u0107anja - StarSilk\",\"isPartOf\":{\"@id\":\"https:\/\/starsilk.hr\/en\/#website\"},\"primaryImageOfPage\":{\"@id\":\"https:\/\/starsilk.hr\/nacini-placanja\/#primaryimage\"},\"image\":{\"@id\":\"https:\/\/starsilk.hr\/nacini-placanja\/#primaryimage\"},\"thumbnailUrl\":\"https:\/\/starsilk.hr\/wp-content\/uploads\/2024\/11\/Untitled-1024x461.png\",\"datePublished\":\"2021-01-29T11:28:27+00:00\",\"dateModified\":\"2024-11-22T21:22:10+00:00\",\"breadcrumb\":{\"@id\":\"https:\/\/starsilk.hr\/nacini-placanja\/#breadcrumb\"},\"inLanguage\":\"en-GB\",\"potentialAction\":[{\"@type\":\"ReadAction\",\"target\":[\"https:\/\/starsilk.hr\/nacini-placanja\/\"]}]},{\"@type\":\"ImageObject\",\"inLanguage\":\"en-GB\",\"@id\":\"https:\/\/starsilk.hr\/nacini-placanja\/#primaryimage\",\"url\":\"https:\/\/starsilk.hr\/wp-content\/uploads\/2024\/11\/Untitled-1024x461.png\",\"contentUrl\":\"https:\/\/starsilk.hr\/wp-content\/uploads\/2024\/11\/Untitled-1024x461.png\"},{\"@type\":\"BreadcrumbList\",\"@id\":\"https:\/\/starsilk.hr\/nacini-placanja\/#breadcrumb\",\"itemListElement\":[{\"@type\":\"ListItem\",\"position\":1,\"name\":\"Po\u010detna stranica\",\"item\":\"https:\/\/starsilk.hr\/\"},{\"@type\":\"ListItem\",\"position\":2,\"name\":\"Na\u010dini pla\u0107anja\"}]},{\"@type\":\"WebSite\",\"@id\":\"https:\/\/starsilk.hr\/en\/#website\",\"url\":\"https:\/\/starsilk.hr\/en\/\",\"name\":\"StarSilk\",\"description\":\"\",\"publisher\":{\"@id\":\"https:\/\/starsilk.hr\/en\/#organization\"},\"potentialAction\":[{\"@type\":\"SearchAction\",\"target\":{\"@type\":\"EntryPoint\",\"urlTemplate\":\"https:\/\/starsilk.hr\/en\/?s={search_term_string}\"},\"query-input\":{\"@type\":\"PropertyValueSpecification\",\"valueRequired\":true,\"valueName\":\"search_term_string\"}}],\"inLanguage\":\"en-GB\"},{\"@type\":\"Organization\",\"@id\":\"https:\/\/starsilk.hr\/en\/#organization\",\"name\":\"StarSilk\",\"url\":\"https:\/\/starsilk.hr\/en\/\",\"logo\":{\"@type\":\"ImageObject\",\"inLanguage\":\"en-GB\",\"@id\":\"https:\/\/starsilk.hr\/en\/#\/schema\/logo\/image\/\",\"url\":\"https:\/\/starsilk.hr\/wp-content\/uploads\/2021\/01\/star_silk_logo-26.png\",\"contentUrl\":\"https:\/\/starsilk.hr\/wp-content\/uploads\/2021\/01\/star_silk_logo-26.png\",\"width\":593,\"height\":542,\"caption\":\"StarSilk\"},\"image\":{\"@id\":\"https:\/\/starsilk.hr\/en\/#\/schema\/logo\/image\/\"},\"sameAs\":[\"https:\/\/www.facebook.com\/starsilk.hr\",\"https:\/\/www.instagram.com\/starsilk_official\/\"]}]}<\/script>\n<!-- \/ Yoast SEO plugin. -->","yoast_head_json":{"title":"Na\u010dini pla\u0107anja - StarSilk","robots":{"index":"index","follow":"follow","max-snippet":"max-snippet:-1","max-image-preview":"max-image-preview:large","max-video-preview":"max-video-preview:-1"},"canonical":"https:\/\/starsilk.hr\/en\/nacini-placanja\/","og_locale":"en_GB","og_type":"article","og_title":"Na\u010dini pla\u0107anja - StarSilk","og_description":"CIJENA PROIZVODA I NA\u010cIN PLA\u0106ANJA Kupac se obvezuje naru\u010dene proizvode platiti jednim od sljede\u0107ih na\u010dina pla\u0107anja: Kreditnom ili debitnom karticom &#8211; pla\u0107anje izravno putem interneta, kori\u0161tenjem servisa za pla\u0107anje karticama Viva Wallet Smart Checkout (ispod slika sa svim prihva\u0107enim metodama pla\u0107anja).&nbsp; Kupci s teritorija Republike Hrvatske imaju, uz mogu\u0107nost pla\u0107anja kreditnim i debitnim karticama, dodatne [&hellip;]","og_url":"https:\/\/starsilk.hr\/en\/nacini-placanja\/","og_site_name":"StarSilk","article_publisher":"https:\/\/www.facebook.com\/starsilk.hr","article_modified_time":"2024-11-22T21:22:10+00:00","og_image":[{"width":1990,"height":896,"url":"https:\/\/starsilk.hr\/wp-content\/uploads\/2024\/11\/Untitled.png","type":"image\/png"}],"twitter_card":"summary_large_image","twitter_misc":{"Estimated reading time":"2 minutes"},"schema":{"@context":"https:\/\/schema.org","@graph":[{"@type":"WebPage","@id":"https:\/\/starsilk.hr\/nacini-placanja\/","url":"https:\/\/starsilk.hr\/nacini-placanja\/","name":"Na\u010dini pla\u0107anja - StarSilk","isPartOf":{"@id":"https:\/\/starsilk.hr\/en\/#website"},"primaryImageOfPage":{"@id":"https:\/\/starsilk.hr\/nacini-placanja\/#primaryimage"},"image":{"@id":"https:\/\/starsilk.hr\/nacini-placanja\/#primaryimage"},"thumbnailUrl":"https:\/\/starsilk.hr\/wp-content\/uploads\/2024\/11\/Untitled-1024x461.png","datePublished":"2021-01-29T11:28:27+00:00","dateModified":"2024-11-22T21:22:10+00:00","breadcrumb":{"@id":"https:\/\/starsilk.hr\/nacini-placanja\/#breadcrumb"},"inLanguage":"en-GB","potentialAction":[{"@type":"ReadAction","target":["https:\/\/starsilk.hr\/nacini-placanja\/"]}]},{"@type":"ImageObject","inLanguage":"en-GB","@id":"https:\/\/starsilk.hr\/nacini-placanja\/#primaryimage","url":"https:\/\/starsilk.hr\/wp-content\/uploads\/2024\/11\/Untitled-1024x461.png","contentUrl":"https:\/\/starsilk.hr\/wp-content\/uploads\/2024\/11\/Untitled-1024x461.png"},{"@type":"BreadcrumbList","@id":"https:\/\/starsilk.hr\/nacini-placanja\/#breadcrumb","itemListElement":[{"@type":"ListItem","position":1,"name":"Po\u010detna stranica","item":"https:\/\/starsilk.hr\/"},{"@type":"ListItem","position":2,"name":"Na\u010dini pla\u0107anja"}]},{"@type":"WebSite","@id":"https:\/\/starsilk.hr\/en\/#website","url":"https:\/\/starsilk.hr\/en\/","name":"StarSilk","description":"","publisher":{"@id":"https:\/\/starsilk.hr\/en\/#organization"},"potentialAction":[{"@type":"SearchAction","target":{"@type":"EntryPoint","urlTemplate":"https:\/\/starsilk.hr\/en\/?s={search_term_string}"},"query-input":{"@type":"PropertyValueSpecification","valueRequired":true,"valueName":"search_term_string"}}],"inLanguage":"en-GB"},{"@type":"Organization","@id":"https:\/\/starsilk.hr\/en\/#organization","name":"StarSilk","url":"https:\/\/starsilk.hr\/en\/","logo":{"@type":"ImageObject","inLanguage":"en-GB","@id":"https:\/\/starsilk.hr\/en\/#\/schema\/logo\/image\/","url":"https:\/\/starsilk.hr\/wp-content\/uploads\/2021\/01\/star_silk_logo-26.png","contentUrl":"https:\/\/starsilk.hr\/wp-content\/uploads\/2021\/01\/star_silk_logo-26.png","width":593,"height":542,"caption":"StarSilk"},"image":{"@id":"https:\/\/starsilk.hr\/en\/#\/schema\/logo\/image\/"},"sameAs":["https:\/\/www.facebook.com\/starsilk.hr","https:\/\/www.instagram.com\/starsilk_official\/"]}]}},"_links":{"self":[{"href":"https:\/\/starsilk.hr\/en\/wp-json\/wp\/v2\/pages\/509","targetHints":{"allow":["GET"]}}],"collection":[{"href":"https:\/\/starsilk.hr\/en\/wp-json\/wp\/v2\/pages"}],"about":[{"href":"https:\/\/starsilk.hr\/en\/wp-json\/wp\/v2\/types\/page"}],"author":[{"embeddable":true,"href":"https:\/\/starsilk.hr\/en\/wp-json\/wp\/v2\/users\/2"}],"replies":[{"embeddable":true,"href":"https:\/\/starsilk.hr\/en\/wp-json\/wp\/v2\/comments?post=509"}],"version-history":[{"count":44,"href":"https:\/\/starsilk.hr\/en\/wp-json\/wp\/v2\/pages\/509\/revisions"}],"predecessor-version":[{"id":8090,"href":"https:\/\/starsilk.hr\/en\/wp-json\/wp\/v2\/pages\/509\/revisions\/8090"}],"wp:attachment":[{"href":"https:\/\/starsilk.hr\/en\/wp-json\/wp\/v2\/media?parent=509"}],"curies":[{"name":"wp","href":"https:\/\/api.w.org\/{rel}","templated":true}]}}