{"id":438,"date":"2021-01-28T10:20:51","date_gmt":"2021-01-28T09:20:51","guid":{"rendered":"https:\/\/starsilk.hr\/?page_id=438"},"modified":"2021-02-08T11:12:49","modified_gmt":"2021-02-08T10:12:49","slug":"obrazac-za-jednostrani-raskid-ugovora","status":"publish","type":"page","link":"https:\/\/starsilk.hr\/en\/obrazac-za-jednostrani-raskid-ugovora\/","title":{"rendered":"Unilateral Agreement Termination"},"content":{"rendered":"<div data-elementor-type=\"wp-page\" data-elementor-id=\"438\" class=\"elementor elementor-438\" data-elementor-post-type=\"page\">\n\t\t\t\t\t\t<section class=\"elementor-section elementor-top-section elementor-element elementor-element-929ec9a elementor-section-boxed elementor-section-height-default elementor-section-height-default\" data-id=\"929ec9a\" data-element_type=\"section\">\n\t\t\t\t\t\t<div class=\"elementor-container elementor-column-gap-default\">\n\t\t\t\t\t<div class=\"elementor-column elementor-col-100 elementor-top-column elementor-element elementor-element-db78506\" data-id=\"db78506\" data-element_type=\"column\">\n\t\t\t<div class=\"elementor-widget-wrap elementor-element-populated\">\n\t\t\t\t\t\t\t<\/div>\n\t\t<\/div>\n\t\t\t\t\t<\/div>\n\t\t<\/section>\n\t\t\t\t<section class=\"elementor-section elementor-top-section elementor-element elementor-element-736a15ba elementor-section-content-middle elementor-section-boxed elementor-section-height-default elementor-section-height-default\" data-id=\"736a15ba\" data-element_type=\"section\">\n\t\t\t\t\t\t<div class=\"elementor-container elementor-column-gap-no\">\n\t\t\t\t\t<div class=\"elementor-column elementor-col-100 elementor-top-column elementor-element elementor-element-7cbf3882\" data-id=\"7cbf3882\" data-element_type=\"column\">\n\t\t\t<div class=\"elementor-widget-wrap elementor-element-populated\">\n\t\t\t\t\t\t<div class=\"elementor-element elementor-element-51ba0be6 elementor-widget elementor-widget-heading\" data-id=\"51ba0be6\" data-element_type=\"widget\" data-widget_type=\"heading.default\">\n\t\t\t\t<div class=\"elementor-widget-container\">\n\t\t\t<h4 class=\"elementor-heading-title elementor-size-default\">Unilateral Agreement Termination<\/h4>\t\t<\/div>\n\t\t\t\t<\/div>\n\t\t\t\t<div class=\"elementor-element elementor-element-460b5c83 elementor-widget elementor-widget-text-editor\" data-id=\"460b5c83\" data-element_type=\"widget\" data-widget_type=\"text-editor.default\">\n\t\t\t\t<div class=\"elementor-widget-container\">\n\t\t\t\t\t\t\t<p>The consumer can unilaterally terminate the agreement within 14 days, without giving reasons.<\/p><p class=\" translation-block\">The 14 days term starts with the date when the product was delivered into the possession of the consumer, or a third person designated by the consumer, except the delivery service.<\/p><p>If the consumer orders multiple pieces of a product that need to be delivered separately, i. e. if the goods in case must be delivered in more than one piece or more than one shipment, the 14 days term starts with the date when the first such piece or the first shipment of the product was delivered to the consumer, or a third person designated by the consumer, except the delivery service.<\/p><p>In case that the consumer was not notified about their rights regarding the agreement termination, the right of the consumer to unilaterally terminate the agreement expires 12 months after the 14 days term expiration.<\/p><p>In case that the Seller notified the consumer about their rights regarding unilateral agreement termination within 12 months, the right to unilaterally terminate the agreement expires 14 days after the date when the consumer received such a notification.<\/p><p>.<\/p><p class=\" translation-block\">In order to execute their rights regarding the unilateral agreement termination, the consumer must inform the Seller about their decision to unilaterally terminate the agreement in the term no later than 14 days, and with an unambiguous statement sent by mail to Svila d.o.o. address, Radi\u0107evo \u0161etali\u0161te 23, 10 000 Zagreb, or by e-mail to info@starsilk.hr, where the consumer must state their name and surname, address, telephone or fax number, or e-mail address, and the consumer may, according to their choice, also use the unilateral agreement termination form, provided below.<\/p>\t\t\t\t\t\t<\/div>\n\t\t\t\t<\/div>\n\t\t\t\t<div class=\"elementor-element elementor-element-6fde69c elementor-widget elementor-widget-text-editor\" data-id=\"6fde69c\" data-element_type=\"widget\" data-widget_type=\"text-editor.default\">\n\t\t\t\t<div class=\"elementor-widget-container\">\n\t\t\t\t\t\t\t<p><strong>Primjerak obrasca za jednostrani raskid ugovora\u00a0<\/strong>potro\u0161a\u010d ispuniti tako da\u00a0 ga preuzme u\u00a0<em><span style=\"text-decoration: underline;\"><strong><a href=\"https:\/\/starsilk.hr\/wp-content\/uploads\/2021\/02\/obrazac-o-jednostranom-raskidu-ugovora_5a4ddb859ce26.pdf\">.pdf verziji.<\/a><\/strong><\/span><\/em><\/p><p>The acknowledgement of receipt of the unilateral agreement termination statement by the Seller will be sent to the consumer immediately by e-mail. In case of agreement termination, each party shall return to the other party everything that it received based on the terms of the agreement. Except in cases when the Seller offers to personally take over the goods that the buyer wants to return, the Seller shall make the cash refund only after such goods are actually returned, or when the buyer provides proof that the goods were sent back to the Seller, in case that the Seller was notified about it before the goods were delivered.<\/p><p>The Seller has no obligation to refund additional costs that result from the buyer\u2019s explicit choice of means of delivery, different from the least expensive means of standard delivery offered by the Seller. The Seller must perform the refund using the same means of payment used in the consumer\u2019s order, except in cases where the Seller explicitly agrees to some other means of payment, provided that the consumer would not be obliged to pay for any other costs incurred because of such a refund.<\/p><p>Except in case when the Seller offers to take over the goods that the consumer wants to return in person, the consumer must return the goods without delay and no later than 14 days from the date when they informed the Seller about their decision to terminate the agreement.<\/p><p>It is considered that the consumer fulfilled their commitment regarding the timely return of goods when they mail the delivered goods to the Seller, or a person designated by the Seller to receive the goods.<\/p><p>All direct costs of product return are to be borne by the consumer. The consumer is responsible for any incurred reduction of the value of goods that resulted from usage, except such usage that was necessary to determine the product\u2019s nature, characteristics and functionality.<\/p><p>In order to make it possible for the consumer to determine the nature, characteristics and functionality of the goods, they can use and inspect the goods exclusively in a way that is usual when purchasing goods at the Seller\u2019s premises. The buyer can not wear, wash, iron, shorten and\/or tailor, remove a sewn label and\/or sewn logo, nor perform any other activity that reduces the value of the goods for the goods that the buyer wants to return within 14 days.<\/p><p>During the period when the consumer has the right to return the goods, they must keep the goods with due care, and must behave as a particularly careful and conscientious person. In the case that the value of the product is reduced as the result of product use, the Seller will be compensated from the amount of the payment received in the proportion of the impairment of the goods, according to the Seller\u2019s own estimate, taking into account objective criteria in each individual case.<\/p><p class=\" translation-block\">In order to simplify the writing of the written agreement termination for the consumer, a sample form for unilateral agreement termination is provided below that the consumer can fill and mail to the Sellers mailing address, Svila d.o.o., Radi\u0107evo \u0161etali\u0161te 23, 10 000 Zagreb, or e-mail to info@starsilk.hr. The consumer can also submit agreement termination also by clicking on the link provided above.<\/p><p>The right to termination of the purchase agreement does not exist in cases when:<\/p><p>\u2022\tthe subject of the contract are goods that were made according to the consumer\u2019s specification, or were obviously tailor-made for the consumer.<\/p><p>\u2022\tthe subject of the contract are sealed goods that, because of health or sanitary reasons, are not suitable for return if they have been unsealed upon delivery,\n<br>\u2022\tthe subject of the contract are goods that are, due to their nature, inseparably mixed with other items,\n<br>\u2022\tthe consumer specifically asked to visit the Seller at his premises with the purpose to perform urgent repairs or maintenance, with the proviso that if, during such a visit, together with the services that were explicitly asked for by the consumer, the Seller performed some other services, or delivered some other goods together with the ones that are necessary to perform urgent repairs or maintenance, the consumer has the right to unilaterally terminate the agreement regarding those additional services or goods.<\/p><p>Kada je kupac pravna osoba na njega se ne primjenjuje odjeljak ovih Op\u0107ih uvjeta poslovanja pod nazivom \u201ePravo na jednostrani raskid ugovora\u201c. Kod pravnih osoba se primjenjuje Zakon o obveznim odnosima i Zakon o elektroni\u010dkoj trgovini. Kliknite ovdje za\u00a0<a href=\"http:\/\/leiloubyalex.c1.markerdev.info\/jednostrani-raskid-ugovora\/\">online obrazac raskida ugovora<\/a><\/p>\t\t\t\t\t\t<\/div>\n\t\t\t\t<\/div>\n\t\t\t\t<div class=\"elementor-element elementor-element-0c84107 elementor-widget elementor-widget-text-editor\" data-id=\"0c84107\" data-element_type=\"widget\" data-widget_type=\"text-editor.default\">\n\t\t\t\t<div class=\"elementor-widget-container\">\n\t\t\t\t\t\t\t<h2>Note about the way to submit a written customer complaint<\/h2><p>Sve prigovore sukladno \u010dlanku 10. Zakona o za\u0161titi potro\u0161a\u010da, potro\u0161a\u010d mo\u017ee poslati putem po\u0161te na adresu\u00a0<strong>Svila d.o.o.,\u00a0<\/strong>Radi\u0107evo \u0161etali\u0161te 23, 10 000 Zagreb, elektroni\u010dke po\u0161te na adresu e-po\u0161te\u00a0info@starsilk.hr\u00a0.<\/p><p>Kako bi potro\u0161a\u010du\u00a0<strong>Svila d.o.o.\u00a0<\/strong>odgovorio na pisani prigovor koji nije upu\u0107en elektroni\u010dkom po\u0161tom, mole se potro\u0161a\u010di da navedu to\u010dne podatke o svome imenu i prezimenu te adresi na koju \u0107e im biti dostavljen odgovor. Odgovor na prigovor potro\u0161a\u010da\u00a0<strong>Svila d.o.o.\u00a0<\/strong>zakonski mora dati u pisanom obliku najkasnije u roku 15 dana od dana primitka prigovora.<\/p><p class=\" translation-block\">In case of dispute, Svila d.o.o. and the consumer will resolve the conflict peacefully, and if this is not possible, the Municipal Civil Court (Op\u0107inski gra\u0111anski sud) in Zagreb is the competent court, with the application of Croatian law.<\/p><p class=\" translation-block\">The dispute resolution is also possible at The Court of Honor of Croatian Chamber of Economy, or other meditation centers.<\/p><p class=\" translation-block\">Consumer disputes can also be solves thorough ODR platform of the European Commission.\nWith consumer\u2019s acceptance of the General Terms and Conditions, they also accept all other terms and conditions mentioned at the www.starsilk.hr Site, as well as all other regulation published on the Site. If a consumer does not agree to any stipulations of the pre-contractual information, or of the General Terms and Conditions, they are kindly asked not to use www.starsilk.hr website and not to conclude any sales agreement.<\/p><p class=\" translation-block\">Svila d.o.o. retains the right to modify these General Terms and Conditions and other regulation without prior notice. The General Terms and Conditions are in accordance with the laws of the Republic of Croatia.<\/p><p>When the buyer is a legal entity, the customer protection and regulation of the Consumer Protection Act (Zakon o za\u0161titi potro\u0161a\u010da) do not apply. In regard to the written consumer complaint, these rules and regulations do not apply to legal persons; the rules and regulations of the Civil Obligations Act (Zakon o obveznim odnosima) and the Electronic Commerce Act (Zakon o elektroni\u010dkoj trgovini) apply instead.<\/p>\t\t\t\t\t\t<\/div>\n\t\t\t\t<\/div>\n\t\t\t\t\t<\/div>\n\t\t<\/div>\n\t\t\t\t\t<\/div>\n\t\t<\/section>\n\t\t\t\t<\/div>","protected":false},"excerpt":{"rendered":"<p>Obrazac za jednostrani raskid ugovora Potro\u0161a\u010d mo\u017ee ugovor jednostrano raskinuti u roku od 14 dana bez navo\u0111enja razloga. Rok od 14 dana\u00a0zapo\u010dinje te\u0107i od dana kada je potro\u0161a\u010du ili tre\u0107oj osobi odre\u0111enoj od strane potro\u0161a\u010da, a koja nije prijevoznik, proizvod predan u posjed. Ukoliko potro\u0161a\u010d jednom narud\u017ebom naru\u010di vi\u0161e komada proizvoda koji trebaju biti isporu\u010deni [&hellip;]<\/p>","protected":false},"author":2,"featured_media":0,"parent":0,"menu_order":0,"comment_status":"closed","ping_status":"closed","template":"","meta":{"_acf_changed":false,"site-sidebar-layout":"no-sidebar","site-content-layout":"page-builder","ast-site-content-layout":"","site-content-style":"default","site-sidebar-style":"default","ast-global-header-display":"","ast-banner-title-visibility":"","ast-main-header-display":"","ast-hfb-above-header-display":"","ast-hfb-below-header-display":"","ast-hfb-mobile-header-display":"","site-post-title":"disabled","ast-breadcrumbs-content":"","ast-featured-img":"disabled","footer-sml-layout":"","theme-transparent-header-meta":"default","adv-header-id-meta":"","stick-header-meta":"","header-above-stick-meta":"","header-main-stick-meta":"","header-below-stick-meta":"","astra-migrate-meta-layouts":"default","ast-page-background-enabled":"default","ast-page-background-meta":{"desktop":{"background-color":"","background-image":"","background-repeat":"repeat","background-position":"center center","background-size":"auto","background-attachment":"scroll","background-type":"","background-media":"","overlay-type":"","overlay-color":"","overlay-opacity":"","overlay-gradient":""},"tablet":{"background-color":"","background-image":"","background-repeat":"repeat","background-position":"center center","background-size":"auto","background-attachment":"scroll","background-type":"","background-media":"","overlay-type":"","overlay-color":"","overlay-opacity":"","overlay-gradient":""},"mobile":{"background-color":"","background-image":"","background-repeat":"repeat","background-position":"center center","background-size":"auto","background-attachment":"scroll","background-type":"","background-media":"","overlay-type":"","overlay-color":"","overlay-opacity":"","overlay-gradient":""}},"ast-content-background-meta":{"desktop":{"background-color":"var(--ast-global-color-5)","background-image":"","background-repeat":"repeat","background-position":"center center","background-size":"auto","background-attachment":"scroll","background-type":"","background-media":"","overlay-type":"","overlay-color":"","overlay-opacity":"","overlay-gradient":""},"tablet":{"background-color":"var(--ast-global-color-5)","background-image":"","background-repeat":"repeat","background-position":"center center","background-size":"auto","background-attachment":"scroll","background-type":"","background-media":"","overlay-type":"","overlay-color":"","overlay-opacity":"","overlay-gradient":""},"mobile":{"background-color":"var(--ast-global-color-5)","background-image":"","background-repeat":"repeat","background-position":"center center","background-size":"auto","background-attachment":"scroll","background-type":"","background-media":"","overlay-type":"","overlay-color":"","overlay-opacity":"","overlay-gradient":""}},"footnotes":""},"class_list":["post-438","page","type-page","status-publish","hentry"],"acf":[],"yoast_head":"<!-- This site is optimized with the Yoast SEO plugin v23.9 - https:\/\/yoast.com\/wordpress\/plugins\/seo\/ -->\n<title>Obrazac za jednostrani raskid ugovora - StarSilk<\/title>\n<meta name=\"robots\" content=\"index, follow, max-snippet:-1, max-image-preview:large, max-video-preview:-1\" \/>\n<link rel=\"canonical\" href=\"https:\/\/starsilk.hr\/en\/obrazac-za-jednostrani-raskid-ugovora\/\" \/>\n<meta property=\"og:locale\" content=\"en_GB\" \/>\n<meta property=\"og:type\" content=\"article\" \/>\n<meta property=\"og:title\" content=\"Obrazac za jednostrani raskid ugovora - StarSilk\" \/>\n<meta property=\"og:description\" content=\"Obrazac za jednostrani raskid ugovora Potro\u0161a\u010d mo\u017ee ugovor jednostrano raskinuti u roku od 14 dana bez navo\u0111enja razloga. Rok od 14 dana\u00a0zapo\u010dinje te\u0107i od dana kada je potro\u0161a\u010du ili tre\u0107oj osobi odre\u0111enoj od strane potro\u0161a\u010da, a koja nije prijevoznik, proizvod predan u posjed. Ukoliko potro\u0161a\u010d jednom narud\u017ebom naru\u010di vi\u0161e komada proizvoda koji trebaju biti isporu\u010deni [&hellip;]\" \/>\n<meta property=\"og:url\" content=\"https:\/\/starsilk.hr\/en\/obrazac-za-jednostrani-raskid-ugovora\/\" \/>\n<meta property=\"og:site_name\" content=\"StarSilk\" \/>\n<meta property=\"article:publisher\" content=\"https:\/\/www.facebook.com\/starsilk.hr\" \/>\n<meta property=\"article:modified_time\" content=\"2021-02-08T10:12:49+00:00\" \/>\n<meta name=\"twitter:card\" content=\"summary_large_image\" \/>\n<meta name=\"twitter:label1\" content=\"Estimated reading time\" \/>\n\t<meta name=\"twitter:data1\" content=\"7 minutes\" \/>\n<script type=\"application\/ld+json\" class=\"yoast-schema-graph\">{\"@context\":\"https:\/\/schema.org\",\"@graph\":[{\"@type\":\"WebPage\",\"@id\":\"https:\/\/starsilk.hr\/obrazac-za-jednostrani-raskid-ugovora\/\",\"url\":\"https:\/\/starsilk.hr\/obrazac-za-jednostrani-raskid-ugovora\/\",\"name\":\"Obrazac za jednostrani raskid ugovora - StarSilk\",\"isPartOf\":{\"@id\":\"https:\/\/starsilk.hr\/en\/#website\"},\"datePublished\":\"2021-01-28T09:20:51+00:00\",\"dateModified\":\"2021-02-08T10:12:49+00:00\",\"breadcrumb\":{\"@id\":\"https:\/\/starsilk.hr\/obrazac-za-jednostrani-raskid-ugovora\/#breadcrumb\"},\"inLanguage\":\"en-GB\",\"potentialAction\":[{\"@type\":\"ReadAction\",\"target\":[\"https:\/\/starsilk.hr\/obrazac-za-jednostrani-raskid-ugovora\/\"]}]},{\"@type\":\"BreadcrumbList\",\"@id\":\"https:\/\/starsilk.hr\/obrazac-za-jednostrani-raskid-ugovora\/#breadcrumb\",\"itemListElement\":[{\"@type\":\"ListItem\",\"position\":1,\"name\":\"Po\u010detna stranica\",\"item\":\"https:\/\/starsilk.hr\/\"},{\"@type\":\"ListItem\",\"position\":2,\"name\":\"Obrazac za jednostrani raskid ugovora\"}]},{\"@type\":\"WebSite\",\"@id\":\"https:\/\/starsilk.hr\/en\/#website\",\"url\":\"https:\/\/starsilk.hr\/en\/\",\"name\":\"StarSilk\",\"description\":\"\",\"publisher\":{\"@id\":\"https:\/\/starsilk.hr\/en\/#organization\"},\"potentialAction\":[{\"@type\":\"SearchAction\",\"target\":{\"@type\":\"EntryPoint\",\"urlTemplate\":\"https:\/\/starsilk.hr\/en\/?s={search_term_string}\"},\"query-input\":{\"@type\":\"PropertyValueSpecification\",\"valueRequired\":true,\"valueName\":\"search_term_string\"}}],\"inLanguage\":\"en-GB\"},{\"@type\":\"Organization\",\"@id\":\"https:\/\/starsilk.hr\/en\/#organization\",\"name\":\"StarSilk\",\"url\":\"https:\/\/starsilk.hr\/en\/\",\"logo\":{\"@type\":\"ImageObject\",\"inLanguage\":\"en-GB\",\"@id\":\"https:\/\/starsilk.hr\/en\/#\/schema\/logo\/image\/\",\"url\":\"https:\/\/starsilk.hr\/wp-content\/uploads\/2021\/01\/star_silk_logo-26.png\",\"contentUrl\":\"https:\/\/starsilk.hr\/wp-content\/uploads\/2021\/01\/star_silk_logo-26.png\",\"width\":593,\"height\":542,\"caption\":\"StarSilk\"},\"image\":{\"@id\":\"https:\/\/starsilk.hr\/en\/#\/schema\/logo\/image\/\"},\"sameAs\":[\"https:\/\/www.facebook.com\/starsilk.hr\",\"https:\/\/www.instagram.com\/starsilk_official\/\"]}]}<\/script>\n<!-- \/ Yoast SEO plugin. -->","yoast_head_json":{"title":"Obrazac za jednostrani raskid ugovora - StarSilk","robots":{"index":"index","follow":"follow","max-snippet":"max-snippet:-1","max-image-preview":"max-image-preview:large","max-video-preview":"max-video-preview:-1"},"canonical":"https:\/\/starsilk.hr\/en\/obrazac-za-jednostrani-raskid-ugovora\/","og_locale":"en_GB","og_type":"article","og_title":"Obrazac za jednostrani raskid ugovora - StarSilk","og_description":"Obrazac za jednostrani raskid ugovora Potro\u0161a\u010d mo\u017ee ugovor jednostrano raskinuti u roku od 14 dana bez navo\u0111enja razloga. Rok od 14 dana\u00a0zapo\u010dinje te\u0107i od dana kada je potro\u0161a\u010du ili tre\u0107oj osobi odre\u0111enoj od strane potro\u0161a\u010da, a koja nije prijevoznik, proizvod predan u posjed. Ukoliko potro\u0161a\u010d jednom narud\u017ebom naru\u010di vi\u0161e komada proizvoda koji trebaju biti isporu\u010deni [&hellip;]","og_url":"https:\/\/starsilk.hr\/en\/obrazac-za-jednostrani-raskid-ugovora\/","og_site_name":"StarSilk","article_publisher":"https:\/\/www.facebook.com\/starsilk.hr","article_modified_time":"2021-02-08T10:12:49+00:00","twitter_card":"summary_large_image","twitter_misc":{"Estimated reading time":"7 minutes"},"schema":{"@context":"https:\/\/schema.org","@graph":[{"@type":"WebPage","@id":"https:\/\/starsilk.hr\/obrazac-za-jednostrani-raskid-ugovora\/","url":"https:\/\/starsilk.hr\/obrazac-za-jednostrani-raskid-ugovora\/","name":"Obrazac za jednostrani raskid ugovora - StarSilk","isPartOf":{"@id":"https:\/\/starsilk.hr\/en\/#website"},"datePublished":"2021-01-28T09:20:51+00:00","dateModified":"2021-02-08T10:12:49+00:00","breadcrumb":{"@id":"https:\/\/starsilk.hr\/obrazac-za-jednostrani-raskid-ugovora\/#breadcrumb"},"inLanguage":"en-GB","potentialAction":[{"@type":"ReadAction","target":["https:\/\/starsilk.hr\/obrazac-za-jednostrani-raskid-ugovora\/"]}]},{"@type":"BreadcrumbList","@id":"https:\/\/starsilk.hr\/obrazac-za-jednostrani-raskid-ugovora\/#breadcrumb","itemListElement":[{"@type":"ListItem","position":1,"name":"Po\u010detna stranica","item":"https:\/\/starsilk.hr\/"},{"@type":"ListItem","position":2,"name":"Obrazac za jednostrani raskid ugovora"}]},{"@type":"WebSite","@id":"https:\/\/starsilk.hr\/en\/#website","url":"https:\/\/starsilk.hr\/en\/","name":"StarSilk","description":"","publisher":{"@id":"https:\/\/starsilk.hr\/en\/#organization"},"potentialAction":[{"@type":"SearchAction","target":{"@type":"EntryPoint","urlTemplate":"https:\/\/starsilk.hr\/en\/?s={search_term_string}"},"query-input":{"@type":"PropertyValueSpecification","valueRequired":true,"valueName":"search_term_string"}}],"inLanguage":"en-GB"},{"@type":"Organization","@id":"https:\/\/starsilk.hr\/en\/#organization","name":"StarSilk","url":"https:\/\/starsilk.hr\/en\/","logo":{"@type":"ImageObject","inLanguage":"en-GB","@id":"https:\/\/starsilk.hr\/en\/#\/schema\/logo\/image\/","url":"https:\/\/starsilk.hr\/wp-content\/uploads\/2021\/01\/star_silk_logo-26.png","contentUrl":"https:\/\/starsilk.hr\/wp-content\/uploads\/2021\/01\/star_silk_logo-26.png","width":593,"height":542,"caption":"StarSilk"},"image":{"@id":"https:\/\/starsilk.hr\/en\/#\/schema\/logo\/image\/"},"sameAs":["https:\/\/www.facebook.com\/starsilk.hr","https:\/\/www.instagram.com\/starsilk_official\/"]}]}},"_links":{"self":[{"href":"https:\/\/starsilk.hr\/en\/wp-json\/wp\/v2\/pages\/438","targetHints":{"allow":["GET"]}}],"collection":[{"href":"https:\/\/starsilk.hr\/en\/wp-json\/wp\/v2\/pages"}],"about":[{"href":"https:\/\/starsilk.hr\/en\/wp-json\/wp\/v2\/types\/page"}],"author":[{"embeddable":true,"href":"https:\/\/starsilk.hr\/en\/wp-json\/wp\/v2\/users\/2"}],"replies":[{"embeddable":true,"href":"https:\/\/starsilk.hr\/en\/wp-json\/wp\/v2\/comments?post=438"}],"version-history":[{"count":47,"href":"https:\/\/starsilk.hr\/en\/wp-json\/wp\/v2\/pages\/438\/revisions"}],"predecessor-version":[{"id":3728,"href":"https:\/\/starsilk.hr\/en\/wp-json\/wp\/v2\/pages\/438\/revisions\/3728"}],"wp:attachment":[{"href":"https:\/\/starsilk.hr\/en\/wp-json\/wp\/v2\/media?parent=438"}],"curies":[{"name":"wp","href":"https:\/\/api.w.org\/{rel}","templated":true}]}}