{"id":1375,"date":"2021-02-05T13:32:16","date_gmt":"2021-02-05T12:32:16","guid":{"rendered":"https:\/\/starsilk.hr\/?page_id=1375"},"modified":"2024-05-09T11:36:29","modified_gmt":"2024-05-09T10:36:29","slug":"odrzavanje","status":"publish","type":"page","link":"https:\/\/starsilk.hr\/en\/odrzavanje\/","title":{"rendered":"Odr\u017eavanje"},"content":{"rendered":"<div data-elementor-type=\"wp-page\" data-elementor-id=\"1375\" class=\"elementor elementor-1375\" data-elementor-post-type=\"page\">\n\t\t\t\t\t\t<section class=\"elementor-section elementor-top-section elementor-element elementor-element-366020ee elementor-section-boxed elementor-section-height-default elementor-section-height-default\" data-id=\"366020ee\" data-element_type=\"section\">\n\t\t\t\t\t\t<div class=\"elementor-container elementor-column-gap-default\">\n\t\t\t\t\t<div class=\"elementor-column elementor-col-100 elementor-top-column elementor-element elementor-element-18dcebfe\" data-id=\"18dcebfe\" data-element_type=\"column\">\n\t\t\t<div class=\"elementor-widget-wrap elementor-element-populated\">\n\t\t\t\t\t\t\t<\/div>\n\t\t<\/div>\n\t\t\t\t\t<\/div>\n\t\t<\/section>\n\t\t\t\t<section class=\"elementor-section elementor-top-section elementor-element elementor-element-13358112 elementor-section-content-middle elementor-section-boxed elementor-section-height-default elementor-section-height-default\" data-id=\"13358112\" data-element_type=\"section\">\n\t\t\t\t\t\t<div class=\"elementor-container elementor-column-gap-no\">\n\t\t\t\t\t<div class=\"elementor-column elementor-col-100 elementor-top-column elementor-element elementor-element-525cc5ee\" data-id=\"525cc5ee\" data-element_type=\"column\">\n\t\t\t<div class=\"elementor-widget-wrap elementor-element-populated\">\n\t\t\t\t\t\t<div class=\"elementor-element elementor-element-7de6701a elementor-widget elementor-widget-heading\" data-id=\"7de6701a\" data-element_type=\"widget\" data-widget_type=\"heading.default\">\n\t\t\t\t<div class=\"elementor-widget-container\">\n\t\t\t<h4 class=\"elementor-heading-title elementor-size-default\">Maintenance of StarSilk products<\/h4>\t\t<\/div>\n\t\t\t\t<\/div>\n\t\t\t\t<div class=\"elementor-element elementor-element-6c997db1 elementor-widget elementor-widget-text-editor\" data-id=\"6c997db1\" data-element_type=\"widget\" data-widget_type=\"text-editor.default\">\n\t\t\t\t<div class=\"elementor-widget-container\">\n\t\t\t\t\t\t\t<ul><li>pH neutral liquid detergent<\/li><li>machine wash delicate 30\u00b0C (delicates wash bag)<\/li><li>hand wash 30\u00b0C<\/li><li>dry clean<\/li><li>iron low heat<\/li><li>steam or dry<\/li><li>do not bleach<\/li><li>do not tumble dry<\/li><\/ul><p>Traditionally, silk is hand wash and dry clean only. Ours are of the highest quality so they are machine washable, but they are still silk and need as much care as we can give them.<\/p><p>ALWAYS use a ph neutral liquid detergent and\/or fabric softener. Silk is a natural fibre and washing in a solution that\u2019s too acidic or alkaline can cause the silk to harden in a single wash. If you can't find a detergent that specifies ph level then just go for one that specifies silk. Do not use bleach products.<\/p><p>Another important factor is water temperature. Even just slightly above 30 degrees Centigrade can change silk dramatically. The safest method if your machine doesn't specify exact heat settings is either cold or just one level above cold.<\/p><p>A delicates bag is optional, depending on your washing machine and whether or not it tends to grab items and tear them.<\/p><p>If you wish to maximise the life of your silk products, hand washing is the ultimate method.<\/p><p>The gentler you wash your silk products, the longer it will keep its sheen.<\/p><p>The same goes for drying your silk products, do not place in tumble dryer.<\/p><p>In other words, the better you care for your silk products, the better they will care for you.<\/p>\t\t\t\t\t\t<\/div>\n\t\t\t\t<\/div>\n\t\t\t\t\t<\/div>\n\t\t<\/div>\n\t\t\t\t\t<\/div>\n\t\t<\/section>\n\t\t\t\t<\/div>","protected":false},"excerpt":{"rendered":"<p>ODR\u017dAVANJE StarSilk proizvoda: pH neutralni teku\u0107i deterd\u017eent osjetljivo pranje u perilici na 30 \u00b0 C (vre\u0107ica za osjetljivo pranje) ru\u010dno pranje 30 \u00b0 C kemijsko \u010di\u0161\u0107enje gla\u010dati na slaboj temperaturi na pari ili suho ne izbjeljivati ne su\u0161iti u su\u0161ilici Tradicionalno se svila odr\u017eava samo ru\u010dnim pranjem ili kemijskim \u010di\u0161\u0107enjem. Na\u0161i proizvodi su \u00a0od najkvalitetnije [&hellip;]<\/p>","protected":false},"author":2,"featured_media":0,"parent":0,"menu_order":0,"comment_status":"closed","ping_status":"closed","template":"","meta":{"_acf_changed":false,"site-sidebar-layout":"no-sidebar","site-content-layout":"page-builder","ast-site-content-layout":"full-width-container","site-content-style":"unboxed","site-sidebar-style":"unboxed","ast-global-header-display":"","ast-banner-title-visibility":"","ast-main-header-display":"","ast-hfb-above-header-display":"","ast-hfb-below-header-display":"","ast-hfb-mobile-header-display":"","site-post-title":"disabled","ast-breadcrumbs-content":"","ast-featured-img":"disabled","footer-sml-layout":"","theme-transparent-header-meta":"default","adv-header-id-meta":"","stick-header-meta":"","header-above-stick-meta":"","header-main-stick-meta":"","header-below-stick-meta":"","astra-migrate-meta-layouts":"set","ast-page-background-enabled":"default","ast-page-background-meta":{"desktop":{"background-color":"","background-image":"","background-repeat":"repeat","background-position":"center center","background-size":"auto","background-attachment":"scroll","background-type":"","background-media":"","overlay-type":"","overlay-color":"","overlay-opacity":"","overlay-gradient":""},"tablet":{"background-color":"","background-image":"","background-repeat":"repeat","background-position":"center center","background-size":"auto","background-attachment":"scroll","background-type":"","background-media":"","overlay-type":"","overlay-color":"","overlay-opacity":"","overlay-gradient":""},"mobile":{"background-color":"","background-image":"","background-repeat":"repeat","background-position":"center center","background-size":"auto","background-attachment":"scroll","background-type":"","background-media":"","overlay-type":"","overlay-color":"","overlay-opacity":"","overlay-gradient":""}},"ast-content-background-meta":{"desktop":{"background-color":"var(--ast-global-color-5)","background-image":"","background-repeat":"repeat","background-position":"center center","background-size":"auto","background-attachment":"scroll","background-type":"","background-media":"","overlay-type":"","overlay-color":"","overlay-opacity":"","overlay-gradient":""},"tablet":{"background-color":"var(--ast-global-color-5)","background-image":"","background-repeat":"repeat","background-position":"center center","background-size":"auto","background-attachment":"scroll","background-type":"","background-media":"","overlay-type":"","overlay-color":"","overlay-opacity":"","overlay-gradient":""},"mobile":{"background-color":"var(--ast-global-color-5)","background-image":"","background-repeat":"repeat","background-position":"center center","background-size":"auto","background-attachment":"scroll","background-type":"","background-media":"","overlay-type":"","overlay-color":"","overlay-opacity":"","overlay-gradient":""}},"footnotes":""},"class_list":["post-1375","page","type-page","status-publish","hentry"],"acf":[],"yoast_head":"<!-- This site is optimized with the Yoast SEO plugin v23.9 - https:\/\/yoast.com\/wordpress\/plugins\/seo\/ -->\n<title>Odr\u017eavanje - StarSilk<\/title>\n<meta name=\"robots\" content=\"index, follow, max-snippet:-1, max-image-preview:large, max-video-preview:-1\" \/>\n<link rel=\"canonical\" href=\"https:\/\/starsilk.hr\/en\/odrzavanje\/\" \/>\n<meta property=\"og:locale\" content=\"en_GB\" \/>\n<meta property=\"og:type\" content=\"article\" \/>\n<meta property=\"og:title\" content=\"Odr\u017eavanje - StarSilk\" \/>\n<meta property=\"og:description\" content=\"ODR\u017dAVANJE StarSilk proizvoda: pH neutralni teku\u0107i deterd\u017eent osjetljivo pranje u perilici na 30 \u00b0 C (vre\u0107ica za osjetljivo pranje) ru\u010dno pranje 30 \u00b0 C kemijsko \u010di\u0161\u0107enje gla\u010dati na slaboj temperaturi na pari ili suho ne izbjeljivati ne su\u0161iti u su\u0161ilici Tradicionalno se svila odr\u017eava samo ru\u010dnim pranjem ili kemijskim \u010di\u0161\u0107enjem. Na\u0161i proizvodi su \u00a0od najkvalitetnije [&hellip;]\" \/>\n<meta property=\"og:url\" content=\"https:\/\/starsilk.hr\/en\/odrzavanje\/\" \/>\n<meta property=\"og:site_name\" content=\"StarSilk\" \/>\n<meta property=\"article:publisher\" content=\"https:\/\/www.facebook.com\/starsilk.hr\" \/>\n<meta property=\"article:modified_time\" content=\"2024-05-09T10:36:29+00:00\" \/>\n<meta name=\"twitter:card\" content=\"summary_large_image\" \/>\n<meta name=\"twitter:label1\" content=\"Estimated reading time\" \/>\n\t<meta name=\"twitter:data1\" content=\"2 minutes\" \/>\n<script type=\"application\/ld+json\" class=\"yoast-schema-graph\">{\"@context\":\"https:\/\/schema.org\",\"@graph\":[{\"@type\":\"WebPage\",\"@id\":\"https:\/\/starsilk.hr\/odrzavanje\/\",\"url\":\"https:\/\/starsilk.hr\/odrzavanje\/\",\"name\":\"Odr\u017eavanje - StarSilk\",\"isPartOf\":{\"@id\":\"https:\/\/starsilk.hr\/en\/#website\"},\"datePublished\":\"2021-02-05T12:32:16+00:00\",\"dateModified\":\"2024-05-09T10:36:29+00:00\",\"breadcrumb\":{\"@id\":\"https:\/\/starsilk.hr\/odrzavanje\/#breadcrumb\"},\"inLanguage\":\"en-GB\",\"potentialAction\":[{\"@type\":\"ReadAction\",\"target\":[\"https:\/\/starsilk.hr\/odrzavanje\/\"]}]},{\"@type\":\"BreadcrumbList\",\"@id\":\"https:\/\/starsilk.hr\/odrzavanje\/#breadcrumb\",\"itemListElement\":[{\"@type\":\"ListItem\",\"position\":1,\"name\":\"Po\u010detna stranica\",\"item\":\"https:\/\/starsilk.hr\/\"},{\"@type\":\"ListItem\",\"position\":2,\"name\":\"Odr\u017eavanje\"}]},{\"@type\":\"WebSite\",\"@id\":\"https:\/\/starsilk.hr\/en\/#website\",\"url\":\"https:\/\/starsilk.hr\/en\/\",\"name\":\"StarSilk\",\"description\":\"\",\"publisher\":{\"@id\":\"https:\/\/starsilk.hr\/en\/#organization\"},\"potentialAction\":[{\"@type\":\"SearchAction\",\"target\":{\"@type\":\"EntryPoint\",\"urlTemplate\":\"https:\/\/starsilk.hr\/en\/?s={search_term_string}\"},\"query-input\":{\"@type\":\"PropertyValueSpecification\",\"valueRequired\":true,\"valueName\":\"search_term_string\"}}],\"inLanguage\":\"en-GB\"},{\"@type\":\"Organization\",\"@id\":\"https:\/\/starsilk.hr\/en\/#organization\",\"name\":\"StarSilk\",\"url\":\"https:\/\/starsilk.hr\/en\/\",\"logo\":{\"@type\":\"ImageObject\",\"inLanguage\":\"en-GB\",\"@id\":\"https:\/\/starsilk.hr\/en\/#\/schema\/logo\/image\/\",\"url\":\"https:\/\/starsilk.hr\/wp-content\/uploads\/2021\/01\/star_silk_logo-26.png\",\"contentUrl\":\"https:\/\/starsilk.hr\/wp-content\/uploads\/2021\/01\/star_silk_logo-26.png\",\"width\":593,\"height\":542,\"caption\":\"StarSilk\"},\"image\":{\"@id\":\"https:\/\/starsilk.hr\/en\/#\/schema\/logo\/image\/\"},\"sameAs\":[\"https:\/\/www.facebook.com\/starsilk.hr\",\"https:\/\/www.instagram.com\/starsilk_official\/\"]}]}<\/script>\n<!-- \/ Yoast SEO plugin. -->","yoast_head_json":{"title":"Odr\u017eavanje - StarSilk","robots":{"index":"index","follow":"follow","max-snippet":"max-snippet:-1","max-image-preview":"max-image-preview:large","max-video-preview":"max-video-preview:-1"},"canonical":"https:\/\/starsilk.hr\/en\/odrzavanje\/","og_locale":"en_GB","og_type":"article","og_title":"Odr\u017eavanje - StarSilk","og_description":"ODR\u017dAVANJE StarSilk proizvoda: pH neutralni teku\u0107i deterd\u017eent osjetljivo pranje u perilici na 30 \u00b0 C (vre\u0107ica za osjetljivo pranje) ru\u010dno pranje 30 \u00b0 C kemijsko \u010di\u0161\u0107enje gla\u010dati na slaboj temperaturi na pari ili suho ne izbjeljivati ne su\u0161iti u su\u0161ilici Tradicionalno se svila odr\u017eava samo ru\u010dnim pranjem ili kemijskim \u010di\u0161\u0107enjem. Na\u0161i proizvodi su \u00a0od najkvalitetnije [&hellip;]","og_url":"https:\/\/starsilk.hr\/en\/odrzavanje\/","og_site_name":"StarSilk","article_publisher":"https:\/\/www.facebook.com\/starsilk.hr","article_modified_time":"2024-05-09T10:36:29+00:00","twitter_card":"summary_large_image","twitter_misc":{"Estimated reading time":"2 minutes"},"schema":{"@context":"https:\/\/schema.org","@graph":[{"@type":"WebPage","@id":"https:\/\/starsilk.hr\/odrzavanje\/","url":"https:\/\/starsilk.hr\/odrzavanje\/","name":"Odr\u017eavanje - StarSilk","isPartOf":{"@id":"https:\/\/starsilk.hr\/en\/#website"},"datePublished":"2021-02-05T12:32:16+00:00","dateModified":"2024-05-09T10:36:29+00:00","breadcrumb":{"@id":"https:\/\/starsilk.hr\/odrzavanje\/#breadcrumb"},"inLanguage":"en-GB","potentialAction":[{"@type":"ReadAction","target":["https:\/\/starsilk.hr\/odrzavanje\/"]}]},{"@type":"BreadcrumbList","@id":"https:\/\/starsilk.hr\/odrzavanje\/#breadcrumb","itemListElement":[{"@type":"ListItem","position":1,"name":"Po\u010detna stranica","item":"https:\/\/starsilk.hr\/"},{"@type":"ListItem","position":2,"name":"Odr\u017eavanje"}]},{"@type":"WebSite","@id":"https:\/\/starsilk.hr\/en\/#website","url":"https:\/\/starsilk.hr\/en\/","name":"StarSilk","description":"","publisher":{"@id":"https:\/\/starsilk.hr\/en\/#organization"},"potentialAction":[{"@type":"SearchAction","target":{"@type":"EntryPoint","urlTemplate":"https:\/\/starsilk.hr\/en\/?s={search_term_string}"},"query-input":{"@type":"PropertyValueSpecification","valueRequired":true,"valueName":"search_term_string"}}],"inLanguage":"en-GB"},{"@type":"Organization","@id":"https:\/\/starsilk.hr\/en\/#organization","name":"StarSilk","url":"https:\/\/starsilk.hr\/en\/","logo":{"@type":"ImageObject","inLanguage":"en-GB","@id":"https:\/\/starsilk.hr\/en\/#\/schema\/logo\/image\/","url":"https:\/\/starsilk.hr\/wp-content\/uploads\/2021\/01\/star_silk_logo-26.png","contentUrl":"https:\/\/starsilk.hr\/wp-content\/uploads\/2021\/01\/star_silk_logo-26.png","width":593,"height":542,"caption":"StarSilk"},"image":{"@id":"https:\/\/starsilk.hr\/en\/#\/schema\/logo\/image\/"},"sameAs":["https:\/\/www.facebook.com\/starsilk.hr","https:\/\/www.instagram.com\/starsilk_official\/"]}]}},"_links":{"self":[{"href":"https:\/\/starsilk.hr\/en\/wp-json\/wp\/v2\/pages\/1375","targetHints":{"allow":["GET"]}}],"collection":[{"href":"https:\/\/starsilk.hr\/en\/wp-json\/wp\/v2\/pages"}],"about":[{"href":"https:\/\/starsilk.hr\/en\/wp-json\/wp\/v2\/types\/page"}],"author":[{"embeddable":true,"href":"https:\/\/starsilk.hr\/en\/wp-json\/wp\/v2\/users\/2"}],"replies":[{"embeddable":true,"href":"https:\/\/starsilk.hr\/en\/wp-json\/wp\/v2\/comments?post=1375"}],"version-history":[{"count":7,"href":"https:\/\/starsilk.hr\/en\/wp-json\/wp\/v2\/pages\/1375\/revisions"}],"predecessor-version":[{"id":7571,"href":"https:\/\/starsilk.hr\/en\/wp-json\/wp\/v2\/pages\/1375\/revisions\/7571"}],"wp:attachment":[{"href":"https:\/\/starsilk.hr\/en\/wp-json\/wp\/v2\/media?parent=1375"}],"curies":[{"name":"wp","href":"https:\/\/api.w.org\/{rel}","templated":true}]}}